{"id":4336,"date":"2025-09-23T19:57:11","date_gmt":"2025-09-23T19:57:11","guid":{"rendered":"https:\/\/mercazzurro.com\/ontdek-de-regios\/regio-campanie\/"},"modified":"2025-12-11T15:30:39","modified_gmt":"2025-12-11T15:30:39","slug":"regio-campanie","status":"publish","type":"page","link":"https:\/\/mercazzurro.com\/nl\/ontdek-de-regios\/regio-campanie\/","title":{"rendered":"Campani\u00eb"},"content":{"rendered":"\t\t<div data-elementor-type=\"wp-page\" data-elementor-id=\"4336\" class=\"elementor elementor-4336 elementor-1805\" data-elementor-post-type=\"page\">\n\t\t\t\t<div class=\"wd-negative-gap elementor-element elementor-element-1b7a9c5 e-flex e-con-boxed e-con e-parent\" data-id=\"1b7a9c5\" data-element_type=\"container\" data-e-type=\"container\" data-settings=\"{&quot;background_background&quot;:&quot;classic&quot;}\">\n\t\t\t\t\t<div class=\"e-con-inner\">\n\t\t\t\t<div class=\"elementor-element elementor-element-5236387 elementor-widget__width-initial elementor-widget elementor-widget-heading\" data-id=\"5236387\" data-element_type=\"widget\" data-e-type=\"widget\" data-widget_type=\"heading.default\">\n\t\t\t\t\t<h1 class=\"elementor-heading-title elementor-size-default\">Regio Campani\u00eb<\/h1>\t\t\t\t<\/div>\n\t\t\t\t\t<\/div>\n\t\t\t\t<\/div>\n\t\t<div class=\"wd-negative-gap elementor-element elementor-element-18bcd8b e-flex e-con-boxed e-con e-parent\" data-id=\"18bcd8b\" data-element_type=\"container\" data-e-type=\"container\">\n\t\t\t\t\t<div class=\"e-con-inner\">\n\t\t\t\t<div class=\"elementor-element elementor-element-e29cdc6 elementor-widget elementor-widget-spacer\" data-id=\"e29cdc6\" data-element_type=\"widget\" data-e-type=\"widget\" data-widget_type=\"spacer.default\">\n\t\t\t\t\t\t\t<div class=\"elementor-spacer\">\n\t\t\t<div class=\"elementor-spacer-inner\"><\/div>\n\t\t<\/div>\n\t\t\t\t\t\t<\/div>\n\t\t\t\t\t<\/div>\n\t\t\t\t<\/div>\n\t\t<div class=\"wd-negative-gap elementor-element elementor-element-067d7e0 e-flex e-con-boxed e-con e-parent\" data-id=\"067d7e0\" data-element_type=\"container\" data-e-type=\"container\">\n\t\t\t\t\t<div class=\"e-con-inner\">\n\t\t<div class=\"elementor-element elementor-element-08dfe70 e-con-full e-flex e-con e-child\" data-id=\"08dfe70\" data-element_type=\"container\" data-e-type=\"container\">\n\t\t\t\t<div class=\"elementor-element elementor-element-60dd2ea elementor-widget__width-initial elementor-widget elementor-widget-image\" data-id=\"60dd2ea\" data-element_type=\"widget\" data-e-type=\"widget\" data-widget_type=\"image.default\">\n\t\t\t\t\t\t\t\t\t\t\t\t\t\t\t\t<a href=\"https:\/\/mercazzurro.com\/nl\/ontdek-de-regios\/regio-campanie\/toerisme-en-activiteiten-17\/\">\n\t\t\t\t\t\t\t<img decoding=\"async\" width=\"160\" height=\"240\" src=\"https:\/\/mercazzurro.com\/wp-content\/uploads\/2025\/09\/campanie.png\" class=\"attachment-large size-large wp-image-3391\" alt=\"\" srcset=\"https:\/\/mercazzurro.com\/wp-content\/uploads\/2025\/09\/campanie.png 160w, https:\/\/mercazzurro.com\/wp-content\/uploads\/2025\/09\/campanie-150x225.png 150w\" sizes=\"(max-width: 160px) 100vw, 160px\" \/>\t\t\t\t\t\t\t\t<\/a>\n\t\t\t\t\t\t\t\t\t\t\t\t\t\t\t<\/div>\n\t\t\t\t<div class=\"elementor-element elementor-element-7abdf1f elementor-widget elementor-widget-heading\" data-id=\"7abdf1f\" data-element_type=\"widget\" data-e-type=\"widget\" data-widget_type=\"heading.default\">\n\t\t\t\t\t<h2 class=\"elementor-heading-title elementor-size-default\">ONTDEK CAMPAN\u00cfE<\/h2>\t\t\t\t<\/div>\n\t\t\t\t<div class=\"elementor-element elementor-element-b561fb2 elementor-align-center elementor-widget elementor-widget-button\" data-id=\"b561fb2\" data-element_type=\"widget\" data-e-type=\"widget\" data-widget_type=\"button.default\">\n\t\t\t\t\t\t\t\t\t\t<a class=\"elementor-button elementor-button-link elementor-size-sm\" href=\"https:\/\/mercazzurro.com\/nl\/ontdek-de-regios\/regio-campanie\/toerisme-en-activiteiten-17\/\">\n\t\t\t\t\t\t<span class=\"elementor-button-content-wrapper\">\n\t\t\t\t\t\t\t\t\t<span class=\"elementor-button-text\">Bekijk de regio <\/span>\n\t\t\t\t\t<\/span>\n\t\t\t\t\t<\/a>\n\t\t\t\t\t\t\t\t<\/div>\n\t\t\t\t<div class=\"elementor-element elementor-element-3c93fa8 elementor-widget elementor-widget-spacer\" data-id=\"3c93fa8\" data-element_type=\"widget\" data-e-type=\"widget\" data-widget_type=\"spacer.default\">\n\t\t\t\t\t\t\t<div class=\"elementor-spacer\">\n\t\t\t<div class=\"elementor-spacer-inner\"><\/div>\n\t\t<\/div>\n\t\t\t\t\t\t<\/div>\n\t\t\t\t<\/div>\n\t\t<div class=\"elementor-element elementor-element-ac0abad e-con-full e-flex e-con e-child\" data-id=\"ac0abad\" data-element_type=\"container\" data-e-type=\"container\">\n\t\t\t\t<div class=\"elementor-element elementor-element-25a64d3 elementor-widget elementor-widget-image\" data-id=\"25a64d3\" data-element_type=\"widget\" data-e-type=\"widget\" data-widget_type=\"image.default\">\n\t\t\t\t\t\t\t\t\t\t\t\t\t\t\t\t<a href=\"https:\/\/mercazzurro.com\/decouvrir-les-regions\/region-de-campagnie\/\">\n\t\t\t\t\t\t\t<img decoding=\"async\" width=\"160\" height=\"240\" src=\"https:\/\/mercazzurro.com\/wp-content\/uploads\/2025\/09\/campagnie.png\" class=\"attachment-large size-large wp-image-3433\" alt=\"\" srcset=\"https:\/\/mercazzurro.com\/wp-content\/uploads\/2025\/09\/campagnie.png 160w, https:\/\/mercazzurro.com\/wp-content\/uploads\/2025\/09\/campagnie-150x225.png 150w\" sizes=\"(max-width: 160px) 100vw, 160px\" \/>\t\t\t\t\t\t\t\t<\/a>\n\t\t\t\t\t\t\t\t\t\t\t\t\t\t\t<\/div>\n\t\t\t\t<div class=\"elementor-element elementor-element-98222a2 elementor-widget elementor-widget-heading\" data-id=\"98222a2\" data-element_type=\"widget\" data-e-type=\"widget\" data-widget_type=\"heading.default\">\n\t\t\t\t\t<h2 class=\"elementor-heading-title elementor-size-default\">KEUKEN VAN CAMPAN\u00cfE<\/h2>\t\t\t\t<\/div>\n\t\t\t\t<div class=\"elementor-element elementor-element-14fd619 elementor-align-center elementor-widget elementor-widget-button\" data-id=\"14fd619\" data-element_type=\"widget\" data-e-type=\"widget\" data-widget_type=\"button.default\">\n\t\t\t\t\t\t\t\t\t\t<a class=\"elementor-button elementor-button-link elementor-size-sm\" href=\"https:\/\/mercazzurro.com\/decouvrir-les-regions\/region-de-campagnie\/\">\n\t\t\t\t\t\t<span class=\"elementor-button-content-wrapper\">\n\t\t\t\t\t\t\t\t\t<span class=\"elementor-button-text\">Bekijk de recepten <\/span>\n\t\t\t\t\t<\/span>\n\t\t\t\t\t<\/a>\n\t\t\t\t\t\t\t\t<\/div>\n\t\t\t\t<div class=\"elementor-element elementor-element-1ac8199 elementor-widget elementor-widget-spacer\" data-id=\"1ac8199\" data-element_type=\"widget\" data-e-type=\"widget\" data-widget_type=\"spacer.default\">\n\t\t\t\t\t\t\t<div class=\"elementor-spacer\">\n\t\t\t<div class=\"elementor-spacer-inner\"><\/div>\n\t\t<\/div>\n\t\t\t\t\t\t<\/div>\n\t\t\t\t<\/div>\n\t\t<div class=\"elementor-element elementor-element-3a10d2a e-con-full e-flex e-con e-child\" data-id=\"3a10d2a\" data-element_type=\"container\" data-e-type=\"container\">\n\t\t\t\t<div class=\"elementor-element elementor-element-5189673 elementor-widget elementor-widget-image\" data-id=\"5189673\" data-element_type=\"widget\" data-e-type=\"widget\" data-widget_type=\"image.default\">\n\t\t\t\t\t\t\t\t\t\t\t\t\t\t\t\t<a href=\"https:\/\/mercazzurro.com\/nl\/ontdek-de-regios\/regio-campanie\/producten-uit-campanie\/\">\n\t\t\t\t\t\t\t<img decoding=\"async\" width=\"160\" height=\"240\" src=\"https:\/\/mercazzurro.com\/wp-content\/uploads\/2025\/09\/campanie-1.png\" class=\"attachment-large size-large wp-image-3412\" alt=\"\" srcset=\"https:\/\/mercazzurro.com\/wp-content\/uploads\/2025\/09\/campanie-1.png 160w, https:\/\/mercazzurro.com\/wp-content\/uploads\/2025\/09\/campanie-1-150x225.png 150w\" sizes=\"(max-width: 160px) 100vw, 160px\" \/>\t\t\t\t\t\t\t\t<\/a>\n\t\t\t\t\t\t\t\t\t\t\t\t\t\t\t<\/div>\n\t\t\t\t<div class=\"elementor-element elementor-element-d43f723 elementor-widget elementor-widget-heading\" data-id=\"d43f723\" data-element_type=\"widget\" data-e-type=\"widget\" data-widget_type=\"heading.default\">\n\t\t\t\t\t<h2 class=\"elementor-heading-title elementor-size-default\">PRODUCTEN UIT CAMPANI\u00cb<\/h2>\t\t\t\t<\/div>\n\t\t\t\t<div class=\"elementor-element elementor-element-f7fe268 elementor-align-center elementor-widget elementor-widget-button\" data-id=\"f7fe268\" data-element_type=\"widget\" data-e-type=\"widget\" data-widget_type=\"button.default\">\n\t\t\t\t\t\t\t\t\t\t<a class=\"elementor-button elementor-button-link elementor-size-sm\" href=\"https:\/\/mercazzurro.com\/nl\/ontdek-de-regios\/regio-campanie\/producten-uit-campanie\/\">\n\t\t\t\t\t\t<span class=\"elementor-button-content-wrapper\">\n\t\t\t\t\t\t\t\t\t<span class=\"elementor-button-text\">Bekijk de producten <\/span>\n\t\t\t\t\t<\/span>\n\t\t\t\t\t<\/a>\n\t\t\t\t\t\t\t\t<\/div>\n\t\t\t\t<\/div>\n\t\t\t\t\t<\/div>\n\t\t\t\t<\/div>\n\t\t\t\t<\/div>\n\t\t","protected":false},"excerpt":{"rendered":"<p>Regio Campani\u00eb ONTDEK CAMPAN\u00cfE Bekijk de regio KEUKEN VAN CAMPAN\u00cfE Bekijk de recepten PRODUCTEN UIT CAMPANI\u00cb Bekijk de producten<\/p>\n","protected":false},"author":1,"featured_media":0,"parent":3947,"menu_order":0,"comment_status":"closed","ping_status":"closed","template":"","meta":{"footnotes":""},"class_list":["post-4336","page","type-page","status-publish","hentry"],"_hostinger_reach_plugin_has_subscription_block":false,"_hostinger_reach_plugin_is_elementor":false,"_links":{"self":[{"href":"https:\/\/mercazzurro.com\/nl\/wp-json\/wp\/v2\/pages\/4336","targetHints":{"allow":["GET"]}}],"collection":[{"href":"https:\/\/mercazzurro.com\/nl\/wp-json\/wp\/v2\/pages"}],"about":[{"href":"https:\/\/mercazzurro.com\/nl\/wp-json\/wp\/v2\/types\/page"}],"author":[{"embeddable":true,"href":"https:\/\/mercazzurro.com\/nl\/wp-json\/wp\/v2\/users\/1"}],"replies":[{"embeddable":true,"href":"https:\/\/mercazzurro.com\/nl\/wp-json\/wp\/v2\/comments?post=4336"}],"version-history":[{"count":11,"href":"https:\/\/mercazzurro.com\/nl\/wp-json\/wp\/v2\/pages\/4336\/revisions"}],"predecessor-version":[{"id":8393,"href":"https:\/\/mercazzurro.com\/nl\/wp-json\/wp\/v2\/pages\/4336\/revisions\/8393"}],"up":[{"embeddable":true,"href":"https:\/\/mercazzurro.com\/nl\/wp-json\/wp\/v2\/pages\/3947"}],"wp:attachment":[{"href":"https:\/\/mercazzurro.com\/nl\/wp-json\/wp\/v2\/media?parent=4336"}],"curies":[{"name":"wp","href":"https:\/\/api.w.org\/{rel}","templated":true}]}}