{"id":4318,"date":"2025-09-23T20:10:08","date_gmt":"2025-09-23T20:10:08","guid":{"rendered":"https:\/\/mercazzurro.com\/ontdek-de-regios\/regio-ligurie\/"},"modified":"2025-10-08T08:46:18","modified_gmt":"2025-10-08T08:46:18","slug":"regio-ligurie","status":"publish","type":"page","link":"https:\/\/mercazzurro.com\/nl\/ontdek-de-regios\/regio-ligurie\/","title":{"rendered":"Regio Liguri\u00eb"},"content":{"rendered":"\t\t<div data-elementor-type=\"wp-page\" data-elementor-id=\"4318\" class=\"elementor elementor-4318 elementor-1850\" data-elementor-post-type=\"page\">\n\t\t\t\t<div class=\"wd-negative-gap elementor-element elementor-element-5cdfbce e-flex e-con-boxed e-con e-parent\" data-id=\"5cdfbce\" data-element_type=\"container\" data-e-type=\"container\" data-settings=\"{&quot;background_background&quot;:&quot;classic&quot;}\">\n\t\t\t\t\t<div class=\"e-con-inner\">\n\t\t\t\t<div class=\"elementor-element elementor-element-c8ceda7 elementor-widget__width-initial elementor-widget elementor-widget-heading\" data-id=\"c8ceda7\" data-element_type=\"widget\" data-e-type=\"widget\" data-widget_type=\"heading.default\">\n\t\t\t\t\t<h1 class=\"elementor-heading-title elementor-size-default\">Regio Liguri\u00eb<\/h1>\t\t\t\t<\/div>\n\t\t\t\t\t<\/div>\n\t\t\t\t<\/div>\n\t\t<div class=\"wd-negative-gap elementor-element elementor-element-e696c4f e-flex e-con-boxed e-con e-parent\" data-id=\"e696c4f\" data-element_type=\"container\" data-e-type=\"container\">\n\t\t\t\t\t<div class=\"e-con-inner\">\n\t\t\t\t<div class=\"elementor-element elementor-element-a379a39 elementor-widget elementor-widget-spacer\" data-id=\"a379a39\" data-element_type=\"widget\" data-e-type=\"widget\" data-widget_type=\"spacer.default\">\n\t\t\t\t\t\t\t<div class=\"elementor-spacer\">\n\t\t\t<div class=\"elementor-spacer-inner\"><\/div>\n\t\t<\/div>\n\t\t\t\t\t\t<\/div>\n\t\t\t\t\t<\/div>\n\t\t\t\t<\/div>\n\t\t<div class=\"wd-negative-gap elementor-element elementor-element-3cf5aa5 e-flex e-con-boxed e-con e-parent\" data-id=\"3cf5aa5\" data-element_type=\"container\" data-e-type=\"container\">\n\t\t\t\t\t<div class=\"e-con-inner\">\n\t\t<div class=\"elementor-element elementor-element-c209fd2 e-con-full e-flex e-con e-child\" data-id=\"c209fd2\" data-element_type=\"container\" data-e-type=\"container\">\n\t\t\t\t<div class=\"elementor-element elementor-element-5a79524 elementor-widget__width-initial elementor-widget elementor-widget-image\" data-id=\"5a79524\" data-element_type=\"widget\" data-e-type=\"widget\" data-widget_type=\"image.default\">\n\t\t\t\t\t\t\t\t\t\t\t\t\t\t\t\t<a href=\"https:\/\/mercazzurro.com\/nl\/ontdek-de-regios\/regio-ligurie\/toerisme-en-activiteiten-13\/\">\n\t\t\t\t\t\t\t<img decoding=\"async\" width=\"160\" height=\"240\" src=\"https:\/\/mercazzurro.com\/wp-content\/uploads\/2025\/09\/ligurie.png\" class=\"attachment-large size-large wp-image-3395\" alt=\"\" srcset=\"https:\/\/mercazzurro.com\/wp-content\/uploads\/2025\/09\/ligurie.png 160w, https:\/\/mercazzurro.com\/wp-content\/uploads\/2025\/09\/ligurie-150x225.png 150w\" sizes=\"(max-width: 160px) 100vw, 160px\" \/>\t\t\t\t\t\t\t\t<\/a>\n\t\t\t\t\t\t\t\t\t\t\t\t\t\t\t<\/div>\n\t\t\t\t<div class=\"elementor-element elementor-element-297c9dd elementor-widget elementor-widget-heading\" data-id=\"297c9dd\" data-element_type=\"widget\" data-e-type=\"widget\" data-widget_type=\"heading.default\">\n\t\t\t\t\t<h2 class=\"elementor-heading-title elementor-size-default\">ONTDEK LIGURI\u00cb<\/h2>\t\t\t\t<\/div>\n\t\t\t\t<div class=\"elementor-element elementor-element-f6916f4 elementor-align-center elementor-widget elementor-widget-button\" data-id=\"f6916f4\" data-element_type=\"widget\" data-e-type=\"widget\" data-widget_type=\"button.default\">\n\t\t\t\t\t\t\t\t\t\t<a class=\"elementor-button elementor-button-link elementor-size-sm\" href=\"https:\/\/mercazzurro.com\/nl\/ontdek-de-regios\/regio-ligurie\/toerisme-en-activiteiten-13\/\">\n\t\t\t\t\t\t<span class=\"elementor-button-content-wrapper\">\n\t\t\t\t\t\t\t\t\t<span class=\"elementor-button-text\">Bekijk de regio <\/span>\n\t\t\t\t\t<\/span>\n\t\t\t\t\t<\/a>\n\t\t\t\t\t\t\t\t<\/div>\n\t\t\t\t<div class=\"elementor-element elementor-element-798d18b elementor-widget elementor-widget-spacer\" data-id=\"798d18b\" data-element_type=\"widget\" data-e-type=\"widget\" data-widget_type=\"spacer.default\">\n\t\t\t\t\t\t\t<div class=\"elementor-spacer\">\n\t\t\t<div class=\"elementor-spacer-inner\"><\/div>\n\t\t<\/div>\n\t\t\t\t\t\t<\/div>\n\t\t\t\t<\/div>\n\t\t<div class=\"elementor-element elementor-element-93dbf78 e-con-full e-flex e-con e-child\" data-id=\"93dbf78\" data-element_type=\"container\" data-e-type=\"container\">\n\t\t\t\t<div class=\"elementor-element elementor-element-8f969c1 elementor-widget elementor-widget-image\" data-id=\"8f969c1\" data-element_type=\"widget\" data-e-type=\"widget\" data-widget_type=\"image.default\">\n\t\t\t\t\t\t\t\t\t\t\t\t\t\t\t\t<a href=\"https:\/\/mercazzurro.com\/nl\/ontdek-de-regios\/regio-ligurie\/recepten-uit-ligurie\/\">\n\t\t\t\t\t\t\t<img decoding=\"async\" width=\"160\" height=\"240\" src=\"https:\/\/mercazzurro.com\/wp-content\/uploads\/2025\/09\/ligurie-1-1.png\" class=\"attachment-large size-large wp-image-3437\" alt=\"\" srcset=\"https:\/\/mercazzurro.com\/wp-content\/uploads\/2025\/09\/ligurie-1-1.png 160w, https:\/\/mercazzurro.com\/wp-content\/uploads\/2025\/09\/ligurie-1-1-150x225.png 150w\" sizes=\"(max-width: 160px) 100vw, 160px\" \/>\t\t\t\t\t\t\t\t<\/a>\n\t\t\t\t\t\t\t\t\t\t\t\t\t\t\t<\/div>\n\t\t\t\t<div class=\"elementor-element elementor-element-3486392 elementor-widget elementor-widget-heading\" data-id=\"3486392\" data-element_type=\"widget\" data-e-type=\"widget\" data-widget_type=\"heading.default\">\n\t\t\t\t\t<h2 class=\"elementor-heading-title elementor-size-default\">KEUKEN VAN LIGURI\u00cb<\/h2>\t\t\t\t<\/div>\n\t\t\t\t<div class=\"elementor-element elementor-element-b02c4aa elementor-align-center elementor-widget elementor-widget-button\" data-id=\"b02c4aa\" data-element_type=\"widget\" data-e-type=\"widget\" data-widget_type=\"button.default\">\n\t\t\t\t\t\t\t\t\t\t<a class=\"elementor-button elementor-button-link elementor-size-sm\" href=\"https:\/\/mercazzurro.com\/nl\/ontdek-de-regios\/regio-ligurie\/recepten-uit-ligurie\/\">\n\t\t\t\t\t\t<span class=\"elementor-button-content-wrapper\">\n\t\t\t\t\t\t\t\t\t<span class=\"elementor-button-text\">Bekijk de recepten <\/span>\n\t\t\t\t\t<\/span>\n\t\t\t\t\t<\/a>\n\t\t\t\t\t\t\t\t<\/div>\n\t\t\t\t<div class=\"elementor-element elementor-element-266922a elementor-widget elementor-widget-spacer\" data-id=\"266922a\" data-element_type=\"widget\" data-e-type=\"widget\" data-widget_type=\"spacer.default\">\n\t\t\t\t\t\t\t<div class=\"elementor-spacer\">\n\t\t\t<div class=\"elementor-spacer-inner\"><\/div>\n\t\t<\/div>\n\t\t\t\t\t\t<\/div>\n\t\t\t\t<\/div>\n\t\t<div class=\"elementor-element elementor-element-d183b18 e-con-full e-flex e-con e-child\" data-id=\"d183b18\" data-element_type=\"container\" data-e-type=\"container\">\n\t\t\t\t<div class=\"elementor-element elementor-element-76ee395 elementor-widget elementor-widget-image\" data-id=\"76ee395\" data-element_type=\"widget\" data-e-type=\"widget\" data-widget_type=\"image.default\">\n\t\t\t\t\t\t\t\t\t\t\t\t\t\t\t\t<a href=\"https:\/\/mercazzurro.com\/nl\/ontdek-de-regios\/regio-ligurie\/producten-uit-ligurie\/\">\n\t\t\t\t\t\t\t<img decoding=\"async\" width=\"160\" height=\"240\" src=\"https:\/\/mercazzurro.com\/wp-content\/uploads\/2025\/09\/ligurie-1.png\" class=\"attachment-large size-large wp-image-3417\" alt=\"\" srcset=\"https:\/\/mercazzurro.com\/wp-content\/uploads\/2025\/09\/ligurie-1.png 160w, https:\/\/mercazzurro.com\/wp-content\/uploads\/2025\/09\/ligurie-1-150x225.png 150w\" sizes=\"(max-width: 160px) 100vw, 160px\" \/>\t\t\t\t\t\t\t\t<\/a>\n\t\t\t\t\t\t\t\t\t\t\t\t\t\t\t<\/div>\n\t\t\t\t<div class=\"elementor-element elementor-element-e6d2bac elementor-widget elementor-widget-heading\" data-id=\"e6d2bac\" data-element_type=\"widget\" data-e-type=\"widget\" data-widget_type=\"heading.default\">\n\t\t\t\t\t<h2 class=\"elementor-heading-title elementor-size-default\">PRODUCTEN UIT LIGURI\u00cb<\/h2>\t\t\t\t<\/div>\n\t\t\t\t<div class=\"elementor-element elementor-element-ca52bb3 elementor-align-center elementor-widget elementor-widget-button\" data-id=\"ca52bb3\" data-element_type=\"widget\" data-e-type=\"widget\" data-widget_type=\"button.default\">\n\t\t\t\t\t\t\t\t\t\t<a class=\"elementor-button elementor-button-link elementor-size-sm\" href=\"https:\/\/mercazzurro.com\/nl\/ontdek-de-regios\/regio-ligurie\/producten-uit-ligurie\/\">\n\t\t\t\t\t\t<span class=\"elementor-button-content-wrapper\">\n\t\t\t\t\t\t\t\t\t<span class=\"elementor-button-text\">Bekijk de producten <\/span>\n\t\t\t\t\t<\/span>\n\t\t\t\t\t<\/a>\n\t\t\t\t\t\t\t\t<\/div>\n\t\t\t\t<\/div>\n\t\t\t\t\t<\/div>\n\t\t\t\t<\/div>\n\t\t\t\t<\/div>\n\t\t","protected":false},"excerpt":{"rendered":"<p>Regio Liguri\u00eb ONTDEK LIGURI\u00cb Bekijk de regio KEUKEN VAN LIGURI\u00cb Bekijk de recepten PRODUCTEN UIT LIGURI\u00cb Bekijk de producten<\/p>\n","protected":false},"author":1,"featured_media":0,"parent":3947,"menu_order":0,"comment_status":"closed","ping_status":"closed","template":"","meta":{"footnotes":""},"class_list":["post-4318","page","type-page","status-publish","hentry"],"_hostinger_reach_plugin_has_subscription_block":false,"_hostinger_reach_plugin_is_elementor":false,"_links":{"self":[{"href":"https:\/\/mercazzurro.com\/nl\/wp-json\/wp\/v2\/pages\/4318","targetHints":{"allow":["GET"]}}],"collection":[{"href":"https:\/\/mercazzurro.com\/nl\/wp-json\/wp\/v2\/pages"}],"about":[{"href":"https:\/\/mercazzurro.com\/nl\/wp-json\/wp\/v2\/types\/page"}],"author":[{"embeddable":true,"href":"https:\/\/mercazzurro.com\/nl\/wp-json\/wp\/v2\/users\/1"}],"replies":[{"embeddable":true,"href":"https:\/\/mercazzurro.com\/nl\/wp-json\/wp\/v2\/comments?post=4318"}],"version-history":[{"count":7,"href":"https:\/\/mercazzurro.com\/nl\/wp-json\/wp\/v2\/pages\/4318\/revisions"}],"predecessor-version":[{"id":5157,"href":"https:\/\/mercazzurro.com\/nl\/wp-json\/wp\/v2\/pages\/4318\/revisions\/5157"}],"up":[{"embeddable":true,"href":"https:\/\/mercazzurro.com\/nl\/wp-json\/wp\/v2\/pages\/3947"}],"wp:attachment":[{"href":"https:\/\/mercazzurro.com\/nl\/wp-json\/wp\/v2\/media?parent=4318"}],"curies":[{"name":"wp","href":"https:\/\/api.w.org\/{rel}","templated":true}]}}