{"id":4251,"date":"2025-09-23T20:42:38","date_gmt":"2025-09-23T20:42:38","guid":{"rendered":"https:\/\/mercazzurro.com\/ontdek-de-regios\/regio-sicilie\/"},"modified":"2025-12-11T15:33:28","modified_gmt":"2025-12-11T15:33:28","slug":"regio-sicilie","status":"publish","type":"page","link":"https:\/\/mercazzurro.com\/nl\/ontdek-de-regios\/regio-sicilie\/","title":{"rendered":"Sicili\u00eb"},"content":{"rendered":"\t\t<div data-elementor-type=\"wp-page\" data-elementor-id=\"4251\" class=\"elementor elementor-4251 elementor-1934\" data-elementor-post-type=\"page\">\n\t\t\t\t<div class=\"wd-negative-gap elementor-element elementor-element-448cf1b e-flex e-con-boxed e-con e-parent\" data-id=\"448cf1b\" data-element_type=\"container\" data-e-type=\"container\" data-settings=\"{&quot;background_background&quot;:&quot;classic&quot;}\">\n\t\t\t\t\t<div class=\"e-con-inner\">\n\t\t\t\t<div class=\"elementor-element elementor-element-0dd16bf elementor-widget__width-initial elementor-widget elementor-widget-heading\" data-id=\"0dd16bf\" data-element_type=\"widget\" data-e-type=\"widget\" data-widget_type=\"heading.default\">\n\t\t\t\t\t<h1 class=\"elementor-heading-title elementor-size-default\">Regio Sicili\u00eb<\/h1>\t\t\t\t<\/div>\n\t\t\t\t\t<\/div>\n\t\t\t\t<\/div>\n\t\t<div class=\"wd-negative-gap elementor-element elementor-element-e74c0dc e-flex e-con-boxed e-con e-parent\" data-id=\"e74c0dc\" data-element_type=\"container\" data-e-type=\"container\">\n\t\t\t\t\t<div class=\"e-con-inner\">\n\t\t\t\t<div class=\"elementor-element elementor-element-43bcc79 elementor-widget elementor-widget-spacer\" data-id=\"43bcc79\" data-element_type=\"widget\" data-e-type=\"widget\" data-widget_type=\"spacer.default\">\n\t\t\t\t\t\t\t<div class=\"elementor-spacer\">\n\t\t\t<div class=\"elementor-spacer-inner\"><\/div>\n\t\t<\/div>\n\t\t\t\t\t\t<\/div>\n\t\t\t\t\t<\/div>\n\t\t\t\t<\/div>\n\t\t<div class=\"wd-negative-gap elementor-element elementor-element-34b1038 e-flex e-con-boxed e-con e-parent\" data-id=\"34b1038\" data-element_type=\"container\" data-e-type=\"container\">\n\t\t\t\t\t<div class=\"e-con-inner\">\n\t\t<div class=\"elementor-element elementor-element-3708559 e-con-full e-flex e-con e-child\" data-id=\"3708559\" data-element_type=\"container\" data-e-type=\"container\">\n\t\t\t\t<div class=\"elementor-element elementor-element-568e70d elementor-widget__width-initial elementor-widget elementor-widget-image\" data-id=\"568e70d\" data-element_type=\"widget\" data-e-type=\"widget\" data-widget_type=\"image.default\">\n\t\t\t\t\t\t\t\t\t\t\t\t\t\t\t\t<a href=\"https:\/\/mercazzurro.com\/nl\/ontdek-de-regios\/regio-sicilie\/toerisme-en-activiteiten-8\/\">\n\t\t\t\t\t\t\t<img decoding=\"async\" width=\"160\" height=\"240\" src=\"https:\/\/mercazzurro.com\/wp-content\/uploads\/2025\/09\/sicile.png\" class=\"attachment-large size-large wp-image-3403\" alt=\"\" srcset=\"https:\/\/mercazzurro.com\/wp-content\/uploads\/2025\/09\/sicile.png 160w, https:\/\/mercazzurro.com\/wp-content\/uploads\/2025\/09\/sicile-150x225.png 150w\" sizes=\"(max-width: 160px) 100vw, 160px\" \/>\t\t\t\t\t\t\t\t<\/a>\n\t\t\t\t\t\t\t\t\t\t\t\t\t\t\t<\/div>\n\t\t\t\t<div class=\"elementor-element elementor-element-cb2b677 elementor-widget elementor-widget-heading\" data-id=\"cb2b677\" data-element_type=\"widget\" data-e-type=\"widget\" data-widget_type=\"heading.default\">\n\t\t\t\t\t<h2 class=\"elementor-heading-title elementor-size-default\">ONTDEK SICILI\u00cb<\/h2>\t\t\t\t<\/div>\n\t\t\t\t<div class=\"elementor-element elementor-element-7b7448a elementor-align-center elementor-widget elementor-widget-button\" data-id=\"7b7448a\" data-element_type=\"widget\" data-e-type=\"widget\" data-widget_type=\"button.default\">\n\t\t\t\t\t\t\t\t\t\t<a class=\"elementor-button elementor-button-link elementor-size-sm\" href=\"https:\/\/mercazzurro.com\/nl\/ontdek-de-regios\/regio-sicilie\/toerisme-en-activiteiten-8\/\">\n\t\t\t\t\t\t<span class=\"elementor-button-content-wrapper\">\n\t\t\t\t\t\t\t\t\t<span class=\"elementor-button-text\">Bekijk de regio <\/span>\n\t\t\t\t\t<\/span>\n\t\t\t\t\t<\/a>\n\t\t\t\t\t\t\t\t<\/div>\n\t\t\t\t<div class=\"elementor-element elementor-element-f64216d elementor-widget elementor-widget-spacer\" data-id=\"f64216d\" data-element_type=\"widget\" data-e-type=\"widget\" data-widget_type=\"spacer.default\">\n\t\t\t\t\t\t\t<div class=\"elementor-spacer\">\n\t\t\t<div class=\"elementor-spacer-inner\"><\/div>\n\t\t<\/div>\n\t\t\t\t\t\t<\/div>\n\t\t\t\t<\/div>\n\t\t<div class=\"elementor-element elementor-element-3098d5b e-con-full e-flex e-con e-child\" data-id=\"3098d5b\" data-element_type=\"container\" data-e-type=\"container\">\n\t\t\t\t<div class=\"elementor-element elementor-element-a153f14 elementor-widget elementor-widget-image\" data-id=\"a153f14\" data-element_type=\"widget\" data-e-type=\"widget\" data-widget_type=\"image.default\">\n\t\t\t\t\t\t\t\t\t\t\t\t\t\t\t\t<a href=\"https:\/\/mercazzurro.com\/nl\/ontdek-de-regios\/regio-sicilie\/recepten-uit-sicilie\/\">\n\t\t\t\t\t\t\t<img decoding=\"async\" width=\"160\" height=\"240\" src=\"https:\/\/mercazzurro.com\/wp-content\/uploads\/2025\/09\/sicile-2.png\" class=\"attachment-large size-large wp-image-3447\" alt=\"\" srcset=\"https:\/\/mercazzurro.com\/wp-content\/uploads\/2025\/09\/sicile-2.png 160w, https:\/\/mercazzurro.com\/wp-content\/uploads\/2025\/09\/sicile-2-150x225.png 150w\" sizes=\"(max-width: 160px) 100vw, 160px\" \/>\t\t\t\t\t\t\t\t<\/a>\n\t\t\t\t\t\t\t\t\t\t\t\t\t\t\t<\/div>\n\t\t\t\t<div class=\"elementor-element elementor-element-d8d7090 elementor-widget elementor-widget-heading\" data-id=\"d8d7090\" data-element_type=\"widget\" data-e-type=\"widget\" data-widget_type=\"heading.default\">\n\t\t\t\t\t<h2 class=\"elementor-heading-title elementor-size-default\">KEUKEN VAN SICILI\u00cb<\/h2>\t\t\t\t<\/div>\n\t\t\t\t<div class=\"elementor-element elementor-element-02b3757 elementor-align-center elementor-widget elementor-widget-button\" data-id=\"02b3757\" data-element_type=\"widget\" data-e-type=\"widget\" data-widget_type=\"button.default\">\n\t\t\t\t\t\t\t\t\t\t<a class=\"elementor-button elementor-button-link elementor-size-sm\" href=\"https:\/\/mercazzurro.com\/nl\/ontdek-de-regios\/regio-sicilie\/recepten-uit-sicilie\/\">\n\t\t\t\t\t\t<span class=\"elementor-button-content-wrapper\">\n\t\t\t\t\t\t\t\t\t<span class=\"elementor-button-text\">Bekijk de recepten <\/span>\n\t\t\t\t\t<\/span>\n\t\t\t\t\t<\/a>\n\t\t\t\t\t\t\t\t<\/div>\n\t\t\t\t<div class=\"elementor-element elementor-element-ab2576e elementor-widget elementor-widget-spacer\" data-id=\"ab2576e\" data-element_type=\"widget\" data-e-type=\"widget\" data-widget_type=\"spacer.default\">\n\t\t\t\t\t\t\t<div class=\"elementor-spacer\">\n\t\t\t<div class=\"elementor-spacer-inner\"><\/div>\n\t\t<\/div>\n\t\t\t\t\t\t<\/div>\n\t\t\t\t<\/div>\n\t\t<div class=\"elementor-element elementor-element-e40f0c5 e-con-full e-flex e-con e-child\" data-id=\"e40f0c5\" data-element_type=\"container\" data-e-type=\"container\">\n\t\t\t\t<div class=\"elementor-element elementor-element-c66fab9 elementor-widget elementor-widget-image\" data-id=\"c66fab9\" data-element_type=\"widget\" data-e-type=\"widget\" data-widget_type=\"image.default\">\n\t\t\t\t\t\t\t\t\t\t\t\t\t\t\t\t<a href=\"https:\/\/mercazzurro.com\/nl\/ontdek-de-regios\/regio-sicilie\/producten-uit-sicilie\/\">\n\t\t\t\t\t\t\t<img decoding=\"async\" width=\"160\" height=\"240\" src=\"https:\/\/mercazzurro.com\/wp-content\/uploads\/2025\/09\/sicile-1.png\" class=\"attachment-large size-large wp-image-3425\" alt=\"\" srcset=\"https:\/\/mercazzurro.com\/wp-content\/uploads\/2025\/09\/sicile-1.png 160w, https:\/\/mercazzurro.com\/wp-content\/uploads\/2025\/09\/sicile-1-150x225.png 150w\" sizes=\"(max-width: 160px) 100vw, 160px\" \/>\t\t\t\t\t\t\t\t<\/a>\n\t\t\t\t\t\t\t\t\t\t\t\t\t\t\t<\/div>\n\t\t\t\t<div class=\"elementor-element elementor-element-39cc221 elementor-widget elementor-widget-heading\" data-id=\"39cc221\" data-element_type=\"widget\" data-e-type=\"widget\" data-widget_type=\"heading.default\">\n\t\t\t\t\t<h2 class=\"elementor-heading-title elementor-size-default\">PRODUCTEN UIT SICILI\u00cb<\/h2>\t\t\t\t<\/div>\n\t\t\t\t<div class=\"elementor-element elementor-element-6f1c70f elementor-align-center elementor-widget elementor-widget-button\" data-id=\"6f1c70f\" data-element_type=\"widget\" data-e-type=\"widget\" data-widget_type=\"button.default\">\n\t\t\t\t\t\t\t\t\t\t<a class=\"elementor-button elementor-button-link elementor-size-sm\" href=\"https:\/\/mercazzurro.com\/nl\/ontdek-de-regios\/regio-sicilie\/producten-uit-sicilie\/\">\n\t\t\t\t\t\t<span class=\"elementor-button-content-wrapper\">\n\t\t\t\t\t\t\t\t\t<span class=\"elementor-button-text\">Bekijk de producten <\/span>\n\t\t\t\t\t<\/span>\n\t\t\t\t\t<\/a>\n\t\t\t\t\t\t\t\t<\/div>\n\t\t\t\t<\/div>\n\t\t\t\t\t<\/div>\n\t\t\t\t<\/div>\n\t\t\t\t<\/div>\n\t\t","protected":false},"excerpt":{"rendered":"<p>Regio Sicili\u00eb ONTDEK SICILI\u00cb Bekijk de regio KEUKEN VAN SICILI\u00cb Bekijk de recepten PRODUCTEN UIT SICILI\u00cb Bekijk de producten<\/p>\n","protected":false},"author":1,"featured_media":0,"parent":3947,"menu_order":0,"comment_status":"closed","ping_status":"closed","template":"","meta":{"footnotes":""},"class_list":["post-4251","page","type-page","status-publish","hentry"],"_hostinger_reach_plugin_has_subscription_block":false,"_hostinger_reach_plugin_is_elementor":false,"_links":{"self":[{"href":"https:\/\/mercazzurro.com\/nl\/wp-json\/wp\/v2\/pages\/4251","targetHints":{"allow":["GET"]}}],"collection":[{"href":"https:\/\/mercazzurro.com\/nl\/wp-json\/wp\/v2\/pages"}],"about":[{"href":"https:\/\/mercazzurro.com\/nl\/wp-json\/wp\/v2\/types\/page"}],"author":[{"embeddable":true,"href":"https:\/\/mercazzurro.com\/nl\/wp-json\/wp\/v2\/users\/1"}],"replies":[{"embeddable":true,"href":"https:\/\/mercazzurro.com\/nl\/wp-json\/wp\/v2\/comments?post=4251"}],"version-history":[{"count":6,"href":"https:\/\/mercazzurro.com\/nl\/wp-json\/wp\/v2\/pages\/4251\/revisions"}],"predecessor-version":[{"id":8400,"href":"https:\/\/mercazzurro.com\/nl\/wp-json\/wp\/v2\/pages\/4251\/revisions\/8400"}],"up":[{"embeddable":true,"href":"https:\/\/mercazzurro.com\/nl\/wp-json\/wp\/v2\/pages\/3947"}],"wp:attachment":[{"href":"https:\/\/mercazzurro.com\/nl\/wp-json\/wp\/v2\/media?parent=4251"}],"curies":[{"name":"wp","href":"https:\/\/api.w.org\/{rel}","templated":true}]}}