{"id":3992,"date":"2025-09-26T10:20:55","date_gmt":"2025-09-26T10:20:55","guid":{"rendered":"https:\/\/mercazzurro.com\/ontdek-de-regios\/regio-friuli-venezia-giulia\/"},"modified":"2025-10-08T08:58:40","modified_gmt":"2025-10-08T08:58:40","slug":"regio-friuli-venezia-giulia","status":"publish","type":"page","link":"https:\/\/mercazzurro.com\/nl\/ontdek-de-regios\/regio-friuli-venezia-giulia\/","title":{"rendered":"Regio Friuli Venezia Giulia"},"content":{"rendered":"\t\t<div data-elementor-type=\"wp-page\" data-elementor-id=\"3992\" class=\"elementor elementor-3992 elementor-3030\" data-elementor-post-type=\"page\">\n\t\t\t\t<div class=\"wd-negative-gap elementor-element elementor-element-8136645 e-flex e-con-boxed e-con e-parent\" data-id=\"8136645\" data-element_type=\"container\" data-e-type=\"container\" data-settings=\"{&quot;background_background&quot;:&quot;classic&quot;}\">\n\t\t\t\t\t<div class=\"e-con-inner\">\n\t\t\t\t<div class=\"elementor-element elementor-element-48a9574 elementor-widget__width-initial elementor-widget elementor-widget-heading\" data-id=\"48a9574\" data-element_type=\"widget\" data-e-type=\"widget\" data-widget_type=\"heading.default\">\n\t\t\t\t\t<h1 class=\"elementor-heading-title elementor-size-default\">R\u00e9gion dU Frioul-V\u00e9n\u00e9tie-Juienne<\/h1>\t\t\t\t<\/div>\n\t\t\t\t\t<\/div>\n\t\t\t\t<\/div>\n\t\t<div class=\"wd-negative-gap elementor-element elementor-element-4a7b403 e-flex e-con-boxed e-con e-parent\" data-id=\"4a7b403\" data-element_type=\"container\" data-e-type=\"container\">\n\t\t\t\t\t<div class=\"e-con-inner\">\n\t\t\t\t<div class=\"elementor-element elementor-element-34ecbd2 elementor-widget elementor-widget-spacer\" data-id=\"34ecbd2\" data-element_type=\"widget\" data-e-type=\"widget\" data-widget_type=\"spacer.default\">\n\t\t\t\t\t\t\t<div class=\"elementor-spacer\">\n\t\t\t<div class=\"elementor-spacer-inner\"><\/div>\n\t\t<\/div>\n\t\t\t\t\t\t<\/div>\n\t\t\t\t\t<\/div>\n\t\t\t\t<\/div>\n\t\t<div class=\"wd-negative-gap elementor-element elementor-element-258e916 e-flex e-con-boxed e-con e-parent\" data-id=\"258e916\" data-element_type=\"container\" data-e-type=\"container\">\n\t\t\t\t\t<div class=\"e-con-inner\">\n\t\t<div class=\"elementor-element elementor-element-dbb88a6 e-con-full e-flex e-con e-child\" data-id=\"dbb88a6\" data-element_type=\"container\" data-e-type=\"container\">\n\t\t\t\t<div class=\"elementor-element elementor-element-9318c8e elementor-widget__width-initial elementor-widget elementor-widget-image\" data-id=\"9318c8e\" data-element_type=\"widget\" data-e-type=\"widget\" data-widget_type=\"image.default\">\n\t\t\t\t\t\t\t\t\t\t\t\t\t\t\t\t<a href=\"https:\/\/mercazzurro.com\/nl\/ontdek-de-regios\/regio-friuli-venezia-giulia\/toerisme-en-activiteiten-15\/\">\n\t\t\t\t\t\t\t<img decoding=\"async\" width=\"160\" height=\"240\" src=\"https:\/\/mercazzurro.com\/wp-content\/uploads\/2025\/09\/frioul-venetie-julienne-.png\" class=\"attachment-large size-large wp-image-3393\" alt=\"\" srcset=\"https:\/\/mercazzurro.com\/wp-content\/uploads\/2025\/09\/frioul-venetie-julienne-.png 160w, https:\/\/mercazzurro.com\/wp-content\/uploads\/2025\/09\/frioul-venetie-julienne--150x225.png 150w\" sizes=\"(max-width: 160px) 100vw, 160px\" \/>\t\t\t\t\t\t\t\t<\/a>\n\t\t\t\t\t\t\t\t\t\t\t\t\t\t\t<\/div>\n\t\t\t\t<div class=\"elementor-element elementor-element-e892372 elementor-widget elementor-widget-heading\" data-id=\"e892372\" data-element_type=\"widget\" data-e-type=\"widget\" data-widget_type=\"heading.default\">\n\t\t\t\t\t<h2 class=\"elementor-heading-title elementor-size-default\">ONTDEK FRIULI VENEZIA GIULIA<\/h2>\t\t\t\t<\/div>\n\t\t\t\t<div class=\"elementor-element elementor-element-cd4b31b elementor-align-center elementor-widget elementor-widget-button\" data-id=\"cd4b31b\" data-element_type=\"widget\" data-e-type=\"widget\" data-widget_type=\"button.default\">\n\t\t\t\t\t\t\t\t\t\t<a class=\"elementor-button elementor-button-link elementor-size-sm\" href=\"https:\/\/mercazzurro.com\/nl\/ontdek-de-regios\/regio-friuli-venezia-giulia\/toerisme-en-activiteiten-15\/\">\n\t\t\t\t\t\t<span class=\"elementor-button-content-wrapper\">\n\t\t\t\t\t\t\t\t\t<span class=\"elementor-button-text\">Bekijk de regio <\/span>\n\t\t\t\t\t<\/span>\n\t\t\t\t\t<\/a>\n\t\t\t\t\t\t\t\t<\/div>\n\t\t\t\t<div class=\"elementor-element elementor-element-66b4a90 elementor-widget elementor-widget-spacer\" data-id=\"66b4a90\" data-element_type=\"widget\" data-e-type=\"widget\" data-widget_type=\"spacer.default\">\n\t\t\t\t\t\t\t<div class=\"elementor-spacer\">\n\t\t\t<div class=\"elementor-spacer-inner\"><\/div>\n\t\t<\/div>\n\t\t\t\t\t\t<\/div>\n\t\t\t\t<\/div>\n\t\t<div class=\"elementor-element elementor-element-b50f8fd e-con-full e-flex e-con e-child\" data-id=\"b50f8fd\" data-element_type=\"container\" data-e-type=\"container\">\n\t\t\t\t<div class=\"elementor-element elementor-element-aff0dd7 elementor-widget elementor-widget-image\" data-id=\"aff0dd7\" data-element_type=\"widget\" data-e-type=\"widget\" data-widget_type=\"image.default\">\n\t\t\t\t\t\t\t\t\t\t\t\t\t\t\t\t<a href=\"https:\/\/mercazzurro.com\/nl\/ontdek-de-regios\/regio-friuli-venezia-giulia\/recepten-uit-friuli-venezia-giulia\/\">\n\t\t\t\t\t\t\t<img decoding=\"async\" width=\"160\" height=\"240\" src=\"https:\/\/mercazzurro.com\/wp-content\/uploads\/2025\/09\/frioul-venetie-julienne-1-1.png\" class=\"attachment-large size-large wp-image-3435\" alt=\"\" srcset=\"https:\/\/mercazzurro.com\/wp-content\/uploads\/2025\/09\/frioul-venetie-julienne-1-1.png 160w, https:\/\/mercazzurro.com\/wp-content\/uploads\/2025\/09\/frioul-venetie-julienne-1-1-150x225.png 150w\" sizes=\"(max-width: 160px) 100vw, 160px\" \/>\t\t\t\t\t\t\t\t<\/a>\n\t\t\t\t\t\t\t\t\t\t\t\t\t\t\t<\/div>\n\t\t\t\t<div class=\"elementor-element elementor-element-7bad7bf elementor-widget elementor-widget-heading\" data-id=\"7bad7bf\" data-element_type=\"widget\" data-e-type=\"widget\" data-widget_type=\"heading.default\">\n\t\t\t\t\t<h2 class=\"elementor-heading-title elementor-size-default\"><br>KEUKEN VAN FRIULI-VENEZIA GIULIA<\/h2>\t\t\t\t<\/div>\n\t\t\t\t<div class=\"elementor-element elementor-element-8f9ee7a elementor-align-center elementor-widget elementor-widget-button\" data-id=\"8f9ee7a\" data-element_type=\"widget\" data-e-type=\"widget\" data-widget_type=\"button.default\">\n\t\t\t\t\t\t\t\t\t\t<a class=\"elementor-button elementor-button-link elementor-size-sm\" href=\"https:\/\/mercazzurro.com\/nl\/ontdek-de-regios\/regio-friuli-venezia-giulia\/recepten-uit-friuli-venezia-giulia\/\">\n\t\t\t\t\t\t<span class=\"elementor-button-content-wrapper\">\n\t\t\t\t\t\t\t\t\t<span class=\"elementor-button-text\">Bekijk de recepten <\/span>\n\t\t\t\t\t<\/span>\n\t\t\t\t\t<\/a>\n\t\t\t\t\t\t\t\t<\/div>\n\t\t\t\t<div class=\"elementor-element elementor-element-0483725 elementor-widget elementor-widget-spacer\" data-id=\"0483725\" data-element_type=\"widget\" data-e-type=\"widget\" data-widget_type=\"spacer.default\">\n\t\t\t\t\t\t\t<div class=\"elementor-spacer\">\n\t\t\t<div class=\"elementor-spacer-inner\"><\/div>\n\t\t<\/div>\n\t\t\t\t\t\t<\/div>\n\t\t\t\t<\/div>\n\t\t<div class=\"elementor-element elementor-element-4c6d07c e-con-full e-flex e-con e-child\" data-id=\"4c6d07c\" data-element_type=\"container\" data-e-type=\"container\">\n\t\t\t\t<div class=\"elementor-element elementor-element-eddbd85 elementor-widget elementor-widget-image\" data-id=\"eddbd85\" data-element_type=\"widget\" data-e-type=\"widget\" data-widget_type=\"image.default\">\n\t\t\t\t\t\t\t\t\t\t\t\t\t\t\t\t<a href=\"https:\/\/mercazzurro.com\/nl\/ontdek-de-regios\/regio-friuli-venezia-giulia\/producten-uit-friuli-venezia-giulia\/\">\n\t\t\t\t\t\t\t<img decoding=\"async\" width=\"160\" height=\"240\" src=\"https:\/\/mercazzurro.com\/wp-content\/uploads\/2025\/09\/frioul.png\" class=\"attachment-large size-large wp-image-3414\" alt=\"\" srcset=\"https:\/\/mercazzurro.com\/wp-content\/uploads\/2025\/09\/frioul.png 160w, https:\/\/mercazzurro.com\/wp-content\/uploads\/2025\/09\/frioul-150x225.png 150w\" sizes=\"(max-width: 160px) 100vw, 160px\" \/>\t\t\t\t\t\t\t\t<\/a>\n\t\t\t\t\t\t\t\t\t\t\t\t\t\t\t<\/div>\n\t\t\t\t<div class=\"elementor-element elementor-element-76769b6 elementor-widget elementor-widget-heading\" data-id=\"76769b6\" data-element_type=\"widget\" data-e-type=\"widget\" data-widget_type=\"heading.default\">\n\t\t\t\t\t<h2 class=\"elementor-heading-title elementor-size-default\">PRODUCTEN UIT FRIULI VENEZIA GIULIA<\/h2>\t\t\t\t<\/div>\n\t\t\t\t<div class=\"elementor-element elementor-element-86ddafb elementor-align-center elementor-widget elementor-widget-button\" data-id=\"86ddafb\" data-element_type=\"widget\" data-e-type=\"widget\" data-widget_type=\"button.default\">\n\t\t\t\t\t\t\t\t\t\t<a class=\"elementor-button elementor-button-link elementor-size-sm\" href=\"https:\/\/mercazzurro.com\/nl\/ontdek-de-regios\/regio-friuli-venezia-giulia\/producten-uit-friuli-venezia-giulia\/\">\n\t\t\t\t\t\t<span class=\"elementor-button-content-wrapper\">\n\t\t\t\t\t\t\t\t\t<span class=\"elementor-button-text\">Bekijk de producten <\/span>\n\t\t\t\t\t<\/span>\n\t\t\t\t\t<\/a>\n\t\t\t\t\t\t\t\t<\/div>\n\t\t\t\t<\/div>\n\t\t\t\t\t<\/div>\n\t\t\t\t<\/div>\n\t\t\t\t<\/div>\n\t\t","protected":false},"excerpt":{"rendered":"<p>R\u00e9gion dU Frioul-V\u00e9n\u00e9tie-Juienne ONTDEK FRIULI VENEZIA GIULIA Bekijk de regio KEUKEN VAN FRIULI-VENEZIA GIULIA Bekijk de recepten PRODUCTEN UIT FRIULI<\/p>\n","protected":false},"author":1,"featured_media":0,"parent":3947,"menu_order":0,"comment_status":"closed","ping_status":"closed","template":"","meta":{"footnotes":""},"class_list":["post-3992","page","type-page","status-publish","hentry"],"_hostinger_reach_plugin_has_subscription_block":false,"_hostinger_reach_plugin_is_elementor":false,"_links":{"self":[{"href":"https:\/\/mercazzurro.com\/nl\/wp-json\/wp\/v2\/pages\/3992","targetHints":{"allow":["GET"]}}],"collection":[{"href":"https:\/\/mercazzurro.com\/nl\/wp-json\/wp\/v2\/pages"}],"about":[{"href":"https:\/\/mercazzurro.com\/nl\/wp-json\/wp\/v2\/types\/page"}],"author":[{"embeddable":true,"href":"https:\/\/mercazzurro.com\/nl\/wp-json\/wp\/v2\/users\/1"}],"replies":[{"embeddable":true,"href":"https:\/\/mercazzurro.com\/nl\/wp-json\/wp\/v2\/comments?post=3992"}],"version-history":[{"count":12,"href":"https:\/\/mercazzurro.com\/nl\/wp-json\/wp\/v2\/pages\/3992\/revisions"}],"predecessor-version":[{"id":5178,"href":"https:\/\/mercazzurro.com\/nl\/wp-json\/wp\/v2\/pages\/3992\/revisions\/5178"}],"up":[{"embeddable":true,"href":"https:\/\/mercazzurro.com\/nl\/wp-json\/wp\/v2\/pages\/3947"}],"wp:attachment":[{"href":"https:\/\/mercazzurro.com\/nl\/wp-json\/wp\/v2\/media?parent=3992"}],"curies":[{"name":"wp","href":"https:\/\/api.w.org\/{rel}","templated":true}]}}