{"id":4141,"date":"2025-09-24T10:11:29","date_gmt":"2025-09-24T10:11:29","guid":{"rendered":"https:\/\/mercazzurro.com\/tourism-and-activities-3\/"},"modified":"2025-10-06T09:09:00","modified_gmt":"2025-10-06T09:09:00","slug":"tourism-and-activities-3","status":"publish","type":"page","link":"https:\/\/mercazzurro.com\/en\/discover-the-regions\/region-of-sardinia\/tourism-and-activities-3\/","title":{"rendered":"Tourism and Activities"},"content":{"rendered":"\t\t<div data-elementor-type=\"wp-page\" data-elementor-id=\"4141\" class=\"elementor elementor-4141 elementor-2151\" data-elementor-post-type=\"page\">\n\t\t\t\t<div class=\"wd-negative-gap elementor-element elementor-element-966d077 e-flex e-con-boxed e-con e-parent\" data-id=\"966d077\" data-element_type=\"container\" data-e-type=\"container\">\n\t\t\t\t\t<div class=\"e-con-inner\">\n\t\t\t\t<div class=\"elementor-element elementor-element-95ce0e6 wd-width-100 elementor-widget elementor-widget-wd_blog\" data-id=\"95ce0e6\" data-element_type=\"widget\" data-e-type=\"widget\" data-widget_type=\"wd_blog.default\">\n\t\t\t\t<div class=\"elementor-widget-container\">\n\t\t\t\t\t\t\t\t\t\t\t\t<div class=\"wd-blog-element \">\n\t\t\t\t\t\t\t\t\t\t\t\n\t\t\t\t\t<div class=\"wd-posts wd-blog-holder wd-grid-g\" id=\"6a091480d02b2\" data-paged=\"1\" data-atts=\"{&quot;post_type&quot;:&quot;post&quot;,&quot;items_per_page&quot;:12,&quot;include&quot;:null,&quot;taxonomies&quot;:[&quot;204&quot;],&quot;offset&quot;:&quot;&quot;,&quot;orderby&quot;:&quot;&quot;,&quot;order&quot;:&quot;DESC&quot;,&quot;meta_key&quot;:null,&quot;exclude&quot;:&quot;&quot;,&quot;element_title&quot;:&quot;&quot;,&quot;element_title_tag&quot;:&quot;h4&quot;,&quot;parts_media&quot;:true,&quot;parts_title&quot;:&quot;1&quot;,&quot;parts_meta&quot;:&quot;&quot;,&quot;parts_text&quot;:&quot;&quot;,&quot;parts_btn&quot;:&quot;1&quot;,&quot;parts_published_date&quot;:&quot;&quot;,&quot;img_size&quot;:&quot;large&quot;,&quot;blog_design&quot;:&quot;masonry&quot;,&quot;blog_carousel_design&quot;:null,&quot;blog_masonry&quot;:&quot;&quot;,&quot;blog_columns&quot;:{&quot;unit&quot;:&quot;px&quot;,&quot;size&quot;:3,&quot;sizes&quot;:[]},&quot;blog_columns_tablet&quot;:{&quot;unit&quot;:&quot;px&quot;,&quot;size&quot;:&quot;&quot;,&quot;sizes&quot;:[]},&quot;blog_columns_mobile&quot;:{&quot;unit&quot;:&quot;px&quot;,&quot;size&quot;:&quot;&quot;,&quot;sizes&quot;:[]},&quot;blog_spacing&quot;:&quot;&quot;,&quot;blog_spacing_tablet&quot;:&quot;&quot;,&quot;blog_spacing_mobile&quot;:&quot;&quot;,&quot;pagination&quot;:&quot;&quot;,&quot;speed&quot;:null,&quot;slides_per_view&quot;:null,&quot;slides_per_view_tablet&quot;:{&quot;unit&quot;:&quot;px&quot;,&quot;size&quot;:&quot;&quot;,&quot;sizes&quot;:[]},&quot;slides_per_view_mobile&quot;:{&quot;unit&quot;:&quot;px&quot;,&quot;size&quot;:&quot;&quot;,&quot;sizes&quot;:[]},&quot;wrap&quot;:null,&quot;autoplay&quot;:null,&quot;hide_pagination_control&quot;:null,&quot;hide_prev_next_buttons&quot;:null,&quot;scroll_per_page&quot;:null,&quot;lazy_loading&quot;:&quot;no&quot;,&quot;scroll_carousel_init&quot;:null,&quot;ajax_page&quot;:&quot;&quot;,&quot;custom_sizes&quot;:false,&quot;elementor&quot;:true}\" data-source=\"shortcode\" style=\"--wd-col-lg:3;--wd-col-md:3;--wd-col-sm:1;--wd-gap-lg:30px;--wd-gap-md:20px;\">\n\t\t\t\n\t\t\t\t\t\t\t\t\t\t\t\t\t\t\n<article id=\"post-8027\" class=\"wd-post blog-design-masonry blog-post-loop blog-style-bg wd-add-shadow wd-col post-8027 post type-post status-publish format-standard has-post-thumbnail hentry category-tourism-activities category-tourism-sardinia\">\n\t<div class=\"wd-post-inner article-inner\">\n\t\t\t\t\t<div class=\"wd-post-thumb entry-header\">\n\t\t\t\t\t\t\t\t\t<div class=\"wd-post-img post-img-wrapp\">\n\t\t\t\t\t\t<img decoding=\"async\" width=\"683\" height=\"1024\" src=\"https:\/\/mercazzurro.com\/wp-content\/uploads\/2025\/11\/provinces-683x1024.png\" class=\"attachment-large size-large\" alt=\"Provinces of Sardinia. Aerial view of the provinces of Sardinia, between turquoise sea, mountains and authentic villages\" srcset=\"https:\/\/mercazzurro.com\/wp-content\/uploads\/2025\/11\/provinces-683x1024.png 683w, https:\/\/mercazzurro.com\/wp-content\/uploads\/2025\/11\/provinces-200x300.png 200w, https:\/\/mercazzurro.com\/wp-content\/uploads\/2025\/11\/provinces-768x1152.png 768w, https:\/\/mercazzurro.com\/wp-content\/uploads\/2025\/11\/provinces-150x225.png 150w, https:\/\/mercazzurro.com\/wp-content\/uploads\/2025\/11\/provinces.png 1024w\" sizes=\"(max-width: 683px) 100vw, 683px\" \/>\t\t\t\t\t<\/div>\n\t\t\t\t\t\t\t\t\t\t<a class=\"wd-fill\" tabindex=\"-1\" href=\"https:\/\/mercazzurro.com\/en\/provinces-of-sardinia-discover-the-islands-cultural-natural-and-gastronomic-diversity\/\" aria-label=\"Link on post Provinces of Sardinia: discover the island&#8217;s cultural, natural and gastronomic diversity\"><\/a>\n\t\t\t\t\n\t\t\t\t\t\t\t<\/div>\n\t\t\n\t\t<div class=\"wd-post-content article-body-container\">\n\t\t\t\n\t\t\t\t\t\t\t<h3 class=\"wd-post-title wd-entities-title title post-title\">\n\t\t\t\t\t<a href=\"https:\/\/mercazzurro.com\/en\/provinces-of-sardinia-discover-the-islands-cultural-natural-and-gastronomic-diversity\/\" rel=\"bookmark\">Provinces of Sardinia: discover the island&#8217;s cultural, natural and gastronomic diversity<\/a>\n\t\t\t\t<\/h3>\n\t\t\t\n\t\t\t\n\t\t\t\t\t\t\t\n\t\t\t\t\t\t\t\t\t\t\t\t\t\t<div class=\"wd-post-read-more wd-style-link read-more-section\">\n\t\t\t\t\t\t<a class=\"\" href=\"https:\/\/mercazzurro.com\/en\/provinces-of-sardinia-discover-the-islands-cultural-natural-and-gastronomic-diversity\/\">Continue reading<\/a>\t\t\t\t\t<\/div>\n\t\t\t\t\t\t\t\t\t\t\t\t\t<\/div>\n\t<\/div>\n<\/article>\n\n\t\t\t\t\t\t\t\t\t\t\t\t\t\t\n<article id=\"post-8006\" class=\"wd-post blog-design-masonry blog-post-loop blog-style-bg wd-add-shadow wd-col post-8006 post type-post status-publish format-standard has-post-thumbnail hentry category-tourism-activities category-tourism-sardinia\">\n\t<div class=\"wd-post-inner article-inner\">\n\t\t\t\t\t<div class=\"wd-post-thumb entry-header\">\n\t\t\t\t\t\t\t\t\t<div class=\"wd-post-img post-img-wrapp\">\n\t\t\t\t\t\t<img decoding=\"async\" width=\"1024\" height=\"683\" src=\"https:\/\/mercazzurro.com\/wp-content\/uploads\/2025\/11\/image-1024x683.png\" class=\"attachment-large size-large\" alt=\"Cuisine sarde avec pecorino, culurgiones, miel et vin Cannonau sur table rustique\" srcset=\"https:\/\/mercazzurro.com\/wp-content\/uploads\/2025\/11\/image-1024x683.png 1024w, https:\/\/mercazzurro.com\/wp-content\/uploads\/2025\/11\/image-300x200.png 300w, https:\/\/mercazzurro.com\/wp-content\/uploads\/2025\/11\/image-768x512.png 768w, https:\/\/mercazzurro.com\/wp-content\/uploads\/2025\/11\/image-1200x800.png 1200w, https:\/\/mercazzurro.com\/wp-content\/uploads\/2025\/11\/image-150x100.png 150w, https:\/\/mercazzurro.com\/wp-content\/uploads\/2025\/11\/image.png 1536w\" sizes=\"(max-width: 1024px) 100vw, 1024px\" \/>\t\t\t\t\t<\/div>\n\t\t\t\t\t\t\t\t\t\t<a class=\"wd-fill\" tabindex=\"-1\" href=\"https:\/\/mercazzurro.com\/en\/sardinian-cuisine-traditions-flavours-and-authentic-products-of-sardinia\/\" aria-label=\"Link on post Sardinian cuisine: traditions, flavours and authentic products of Sardinia\"><\/a>\n\t\t\t\t\n\t\t\t\t\t\t\t<\/div>\n\t\t\n\t\t<div class=\"wd-post-content article-body-container\">\n\t\t\t\n\t\t\t\t\t\t\t<h3 class=\"wd-post-title wd-entities-title title post-title\">\n\t\t\t\t\t<a href=\"https:\/\/mercazzurro.com\/en\/sardinian-cuisine-traditions-flavours-and-authentic-products-of-sardinia\/\" rel=\"bookmark\">Sardinian cuisine: traditions, flavours and authentic products of Sardinia<\/a>\n\t\t\t\t<\/h3>\n\t\t\t\n\t\t\t\n\t\t\t\t\t\t\t\n\t\t\t\t\t\t\t\t\t\t\t\t\t\t<div class=\"wd-post-read-more wd-style-link read-more-section\">\n\t\t\t\t\t\t<a class=\"\" href=\"https:\/\/mercazzurro.com\/en\/sardinian-cuisine-traditions-flavours-and-authentic-products-of-sardinia\/\">Continue reading<\/a>\t\t\t\t\t<\/div>\n\t\t\t\t\t\t\t\t\t\t\t\t\t<\/div>\n\t<\/div>\n<\/article>\n\n\t\t\t\t\t\t\t\t\t\t\t\t\t\t\n<article id=\"post-7989\" class=\"wd-post blog-design-masonry blog-post-loop blog-style-bg wd-add-shadow wd-col post-7989 post type-post status-publish format-standard has-post-thumbnail hentry category-tourism-activities category-tourism-sardinia\">\n\t<div class=\"wd-post-inner article-inner\">\n\t\t\t\t\t<div class=\"wd-post-thumb entry-header\">\n\t\t\t\t\t\t\t\t\t<div class=\"wd-post-img post-img-wrapp\">\n\t\t\t\t\t\t<img decoding=\"async\" width=\"1024\" height=\"683\" src=\"https:\/\/mercazzurro.com\/wp-content\/uploads\/2025\/11\/costa-smeralda-1024x683.png\" class=\"attachment-large size-large\" alt=\"Costa Smeralda Sardinia. Costa Smeralda beach in Sardinia with turquoise sea, white sand and granite rocks\" srcset=\"https:\/\/mercazzurro.com\/wp-content\/uploads\/2025\/11\/costa-smeralda-1024x683.png 1024w, https:\/\/mercazzurro.com\/wp-content\/uploads\/2025\/11\/costa-smeralda-300x200.png 300w, https:\/\/mercazzurro.com\/wp-content\/uploads\/2025\/11\/costa-smeralda-768x512.png 768w, https:\/\/mercazzurro.com\/wp-content\/uploads\/2025\/11\/costa-smeralda-1200x800.png 1200w, https:\/\/mercazzurro.com\/wp-content\/uploads\/2025\/11\/costa-smeralda-150x100.png 150w, https:\/\/mercazzurro.com\/wp-content\/uploads\/2025\/11\/costa-smeralda.png 1536w\" sizes=\"(max-width: 1024px) 100vw, 1024px\" \/>\t\t\t\t\t<\/div>\n\t\t\t\t\t\t\t\t\t\t<a class=\"wd-fill\" tabindex=\"-1\" href=\"https:\/\/mercazzurro.com\/en\/costa-smeralda-sardinia-discover-italys-most-beautiful-paradise-beaches\/\" aria-label=\"Link on post Costa Smeralda Sardinia: discover Italy&#8217;s most beautiful paradise beaches\"><\/a>\n\t\t\t\t\n\t\t\t\t\t\t\t<\/div>\n\t\t\n\t\t<div class=\"wd-post-content article-body-container\">\n\t\t\t\n\t\t\t\t\t\t\t<h3 class=\"wd-post-title wd-entities-title title post-title\">\n\t\t\t\t\t<a href=\"https:\/\/mercazzurro.com\/en\/costa-smeralda-sardinia-discover-italys-most-beautiful-paradise-beaches\/\" rel=\"bookmark\">Costa Smeralda Sardinia: discover Italy&#8217;s most beautiful paradise beaches<\/a>\n\t\t\t\t<\/h3>\n\t\t\t\n\t\t\t\n\t\t\t\t\t\t\t\n\t\t\t\t\t\t\t\t\t\t\t\t\t\t<div class=\"wd-post-read-more wd-style-link read-more-section\">\n\t\t\t\t\t\t<a class=\"\" href=\"https:\/\/mercazzurro.com\/en\/costa-smeralda-sardinia-discover-italys-most-beautiful-paradise-beaches\/\">Continue reading<\/a>\t\t\t\t\t<\/div>\n\t\t\t\t\t\t\t\t\t\t\t\t\t<\/div>\n\t<\/div>\n<\/article>\n\n\t\t\t\t\t\t\t\t\t\t\t\t\t\t\n<article id=\"post-7958\" class=\"wd-post blog-design-masonry blog-post-loop blog-style-bg wd-add-shadow wd-col post-7958 post type-post status-publish format-standard has-post-thumbnail hentry category-tourism-activities category-tourism-sardinia\">\n\t<div class=\"wd-post-inner article-inner\">\n\t\t\t\t\t<div class=\"wd-post-thumb entry-header\">\n\t\t\t\t\t\t\t\t\t<div class=\"wd-post-img post-img-wrapp\">\n\t\t\t\t\t\t<img decoding=\"async\" width=\"1024\" height=\"683\" src=\"https:\/\/mercazzurro.com\/wp-content\/uploads\/2025\/11\/zone-bleu-1024x683.png\" class=\"attachment-large size-large\" alt=\"Aerial view of Sardinia&#039;s Ogliastra region, green hills, hilltop villages and golden light symbolizing the Blue Zone of longevity.\" srcset=\"https:\/\/mercazzurro.com\/wp-content\/uploads\/2025\/11\/zone-bleu-1024x683.png 1024w, https:\/\/mercazzurro.com\/wp-content\/uploads\/2025\/11\/zone-bleu-300x200.png 300w, https:\/\/mercazzurro.com\/wp-content\/uploads\/2025\/11\/zone-bleu-768x512.png 768w, https:\/\/mercazzurro.com\/wp-content\/uploads\/2025\/11\/zone-bleu-1200x800.png 1200w, https:\/\/mercazzurro.com\/wp-content\/uploads\/2025\/11\/zone-bleu-150x100.png 150w, https:\/\/mercazzurro.com\/wp-content\/uploads\/2025\/11\/zone-bleu.png 1536w\" sizes=\"(max-width: 1024px) 100vw, 1024px\" \/>\t\t\t\t\t<\/div>\n\t\t\t\t\t\t\t\t\t\t<a class=\"wd-fill\" tabindex=\"-1\" href=\"https:\/\/mercazzurro.com\/en\/zone-bleue-de-sardaigne-decouvrez-les-secrets-incroyables-de-la-longevite-mediterraneenne\/\" aria-label=\"Link on post Zone Bleue de Sardaigne : d\u00e9couvrez les secrets incroyables de la long\u00e9vit\u00e9 m\u00e9diterran\u00e9enne\"><\/a>\n\t\t\t\t\n\t\t\t\t\t\t\t<\/div>\n\t\t\n\t\t<div class=\"wd-post-content article-body-container\">\n\t\t\t\n\t\t\t\t\t\t\t<h3 class=\"wd-post-title wd-entities-title title post-title\">\n\t\t\t\t\t<a href=\"https:\/\/mercazzurro.com\/en\/zone-bleue-de-sardaigne-decouvrez-les-secrets-incroyables-de-la-longevite-mediterraneenne\/\" rel=\"bookmark\">Zone Bleue de Sardaigne : d\u00e9couvrez les secrets incroyables de la long\u00e9vit\u00e9 m\u00e9diterran\u00e9enne<\/a>\n\t\t\t\t<\/h3>\n\t\t\t\n\t\t\t\n\t\t\t\t\t\t\t\n\t\t\t\t\t\t\t\t\t\t\t\t\t\t<div class=\"wd-post-read-more wd-style-link read-more-section\">\n\t\t\t\t\t\t<a class=\"\" href=\"https:\/\/mercazzurro.com\/en\/zone-bleue-de-sardaigne-decouvrez-les-secrets-incroyables-de-la-longevite-mediterraneenne\/\">Continue reading<\/a>\t\t\t\t\t<\/div>\n\t\t\t\t\t\t\t\t\t\t\t\t\t<\/div>\n\t<\/div>\n<\/article>\n\n\t\t\t\t\t\t\t\t\t\t\t\t\t\t\n<article id=\"post-7943\" class=\"wd-post blog-design-masonry blog-post-loop blog-style-bg wd-add-shadow wd-col post-7943 post type-post status-publish format-standard has-post-thumbnail hentry category-tourism-activities category-tourism-sardinia\">\n\t<div class=\"wd-post-inner article-inner\">\n\t\t\t\t\t<div class=\"wd-post-thumb entry-header\">\n\t\t\t\t\t\t\t\t\t<div class=\"wd-post-img post-img-wrapp\">\n\t\t\t\t\t\t<img decoding=\"async\" width=\"1024\" height=\"683\" src=\"https:\/\/mercazzurro.com\/wp-content\/uploads\/2025\/11\/nuraghe--1024x683.png\" class=\"attachment-large size-large\" alt=\"Su Nuraxi de Barumini UNESCO. Vue du site nuragique de Su Nuraxi \u00e0 Barumini, Sardaigne, avec sa tour centrale en pierre et les huttes circulaires, patrimoine mondial UNESCO.\" srcset=\"https:\/\/mercazzurro.com\/wp-content\/uploads\/2025\/11\/nuraghe--1024x683.png 1024w, https:\/\/mercazzurro.com\/wp-content\/uploads\/2025\/11\/nuraghe--300x200.png 300w, https:\/\/mercazzurro.com\/wp-content\/uploads\/2025\/11\/nuraghe--768x512.png 768w, https:\/\/mercazzurro.com\/wp-content\/uploads\/2025\/11\/nuraghe--1200x800.png 1200w, https:\/\/mercazzurro.com\/wp-content\/uploads\/2025\/11\/nuraghe--150x100.png 150w, https:\/\/mercazzurro.com\/wp-content\/uploads\/2025\/11\/nuraghe-.png 1536w\" sizes=\"(max-width: 1024px) 100vw, 1024px\" \/>\t\t\t\t\t<\/div>\n\t\t\t\t\t\t\t\t\t\t<a class=\"wd-fill\" tabindex=\"-1\" href=\"https:\/\/mercazzurro.com\/en\/su-nuraxi-de-barumini-unesco-discover-sardinias-age-old-archaeological-treasure\/\" aria-label=\"Link on post Su Nuraxi de Barumini UNESCO: discover Sardinia&#8217;s age-old archaeological treasure\"><\/a>\n\t\t\t\t\n\t\t\t\t\t\t\t<\/div>\n\t\t\n\t\t<div class=\"wd-post-content article-body-container\">\n\t\t\t\n\t\t\t\t\t\t\t<h3 class=\"wd-post-title wd-entities-title title post-title\">\n\t\t\t\t\t<a href=\"https:\/\/mercazzurro.com\/en\/su-nuraxi-de-barumini-unesco-discover-sardinias-age-old-archaeological-treasure\/\" rel=\"bookmark\">Su Nuraxi de Barumini UNESCO: discover Sardinia&#8217;s age-old archaeological treasure<\/a>\n\t\t\t\t<\/h3>\n\t\t\t\n\t\t\t\n\t\t\t\t\t\t\t\n\t\t\t\t\t\t\t\t\t\t\t\t\t\t<div class=\"wd-post-read-more wd-style-link read-more-section\">\n\t\t\t\t\t\t<a class=\"\" href=\"https:\/\/mercazzurro.com\/en\/su-nuraxi-de-barumini-unesco-discover-sardinias-age-old-archaeological-treasure\/\">Continue reading<\/a>\t\t\t\t\t<\/div>\n\t\t\t\t\t\t\t\t\t\t\t\t\t<\/div>\n\t<\/div>\n<\/article>\n\n\t\t\t\t\t\t\t\t\t\t\t\t\t\t\n<article id=\"post-7923\" class=\"wd-post blog-design-masonry blog-post-loop blog-style-bg wd-add-shadow wd-col post-7923 post type-post status-publish format-standard has-post-thumbnail hentry category-tourism-activities category-tourism-sardinia\">\n\t<div class=\"wd-post-inner article-inner\">\n\t\t\t\t\t<div class=\"wd-post-thumb entry-header\">\n\t\t\t\t\t\t\t\t\t<div class=\"wd-post-img post-img-wrapp\">\n\t\t\t\t\t\t<img decoding=\"async\" width=\"1024\" height=\"683\" src=\"https:\/\/mercazzurro.com\/wp-content\/uploads\/2025\/11\/950EA92D-8876-4DF6-8AC5-B697ECFCD81A-1024x683.png\" class=\"attachment-large size-large\" alt=\"Sardinia UNESCO heritage\" srcset=\"https:\/\/mercazzurro.com\/wp-content\/uploads\/2025\/11\/950EA92D-8876-4DF6-8AC5-B697ECFCD81A-1024x683.png 1024w, https:\/\/mercazzurro.com\/wp-content\/uploads\/2025\/11\/950EA92D-8876-4DF6-8AC5-B697ECFCD81A-300x200.png 300w, https:\/\/mercazzurro.com\/wp-content\/uploads\/2025\/11\/950EA92D-8876-4DF6-8AC5-B697ECFCD81A-768x512.png 768w, https:\/\/mercazzurro.com\/wp-content\/uploads\/2025\/11\/950EA92D-8876-4DF6-8AC5-B697ECFCD81A-1200x800.png 1200w, https:\/\/mercazzurro.com\/wp-content\/uploads\/2025\/11\/950EA92D-8876-4DF6-8AC5-B697ECFCD81A-150x100.png 150w, https:\/\/mercazzurro.com\/wp-content\/uploads\/2025\/11\/950EA92D-8876-4DF6-8AC5-B697ECFCD81A.png 1536w\" sizes=\"(max-width: 1024px) 100vw, 1024px\" \/>\t\t\t\t\t<\/div>\n\t\t\t\t\t\t\t\t\t\t<a class=\"wd-fill\" tabindex=\"-1\" href=\"https:\/\/mercazzurro.com\/en\/unesco-world-heritage-sardinia-an-authentic-island-of-traditions-and-gastronomy\/\" aria-label=\"Link on post UNESCO World Heritage Sardinia: an authentic island of traditions and gastronomy\"><\/a>\n\t\t\t\t\n\t\t\t\t\t\t\t<\/div>\n\t\t\n\t\t<div class=\"wd-post-content article-body-container\">\n\t\t\t\n\t\t\t\t\t\t\t<h3 class=\"wd-post-title wd-entities-title title post-title\">\n\t\t\t\t\t<a href=\"https:\/\/mercazzurro.com\/en\/unesco-world-heritage-sardinia-an-authentic-island-of-traditions-and-gastronomy\/\" rel=\"bookmark\">UNESCO World Heritage Sardinia: an authentic island of traditions and gastronomy<\/a>\n\t\t\t\t<\/h3>\n\t\t\t\n\t\t\t\n\t\t\t\t\t\t\t\n\t\t\t\t\t\t\t\t\t\t\t\t\t\t<div class=\"wd-post-read-more wd-style-link read-more-section\">\n\t\t\t\t\t\t<a class=\"\" href=\"https:\/\/mercazzurro.com\/en\/unesco-world-heritage-sardinia-an-authentic-island-of-traditions-and-gastronomy\/\">Continue reading<\/a>\t\t\t\t\t<\/div>\n\t\t\t\t\t\t\t\t\t\t\t\t\t<\/div>\n\t<\/div>\n<\/article>\n\n\t\t\t\t\n\t\t\t\t\t\t\t\t<\/div>\n\t\t\t\n\t\t\t\t\t\t\t\t\t\t<\/div>\n\t\t\t\t\t\t\t\t\t\t<\/div>\n\t\t\t\t<\/div>\n\t\t\t\t\t<\/div>\n\t\t\t\t<\/div>\n\t\t\t\t<\/div>\n\t\t","protected":false},"excerpt":{"rendered":"<p>Prawns and Banana Curry Continue reading Vegan Jaffa Cakes Continue reading Vegan Ube Mochi Waffles Continue reading Papaya Smoothie Bowl<\/p>\n","protected":false},"author":1,"featured_media":0,"parent":4266,"menu_order":0,"comment_status":"closed","ping_status":"closed","template":"","meta":{"footnotes":""},"class_list":["post-4141","page","type-page","status-publish","hentry"],"_hostinger_reach_plugin_has_subscription_block":false,"_hostinger_reach_plugin_is_elementor":false,"_links":{"self":[{"href":"https:\/\/mercazzurro.com\/en\/wp-json\/wp\/v2\/pages\/4141","targetHints":{"allow":["GET"]}}],"collection":[{"href":"https:\/\/mercazzurro.com\/en\/wp-json\/wp\/v2\/pages"}],"about":[{"href":"https:\/\/mercazzurro.com\/en\/wp-json\/wp\/v2\/types\/page"}],"author":[{"embeddable":true,"href":"https:\/\/mercazzurro.com\/en\/wp-json\/wp\/v2\/users\/1"}],"replies":[{"embeddable":true,"href":"https:\/\/mercazzurro.com\/en\/wp-json\/wp\/v2\/comments?post=4141"}],"version-history":[{"count":1,"href":"https:\/\/mercazzurro.com\/en\/wp-json\/wp\/v2\/pages\/4141\/revisions"}],"predecessor-version":[{"id":4142,"href":"https:\/\/mercazzurro.com\/en\/wp-json\/wp\/v2\/pages\/4141\/revisions\/4142"}],"up":[{"embeddable":true,"href":"https:\/\/mercazzurro.com\/en\/wp-json\/wp\/v2\/pages\/4266"}],"wp:attachment":[{"href":"https:\/\/mercazzurro.com\/en\/wp-json\/wp\/v2\/media?parent=4141"}],"curies":[{"name":"wp","href":"https:\/\/api.w.org\/{rel}","templated":true}]}}