{"id":5522,"date":"2025-09-24T11:20:36","date_gmt":"2025-09-24T11:20:36","guid":{"rendered":"https:\/\/mercazzurro.com\/region-sizilien\/rezepte-aus-sizilien\/"},"modified":"2025-10-13T14:10:11","modified_gmt":"2025-10-13T14:10:11","slug":"rezepte-aus-sizilien","status":"publish","type":"page","link":"https:\/\/mercazzurro.com\/de\/entdecke-die-regionen\/region-sizilien\/rezepte-aus-sizilien\/","title":{"rendered":"Rezepte aus Sizilien"},"content":{"rendered":"\t\t<div data-elementor-type=\"wp-page\" data-elementor-id=\"5522\" class=\"elementor elementor-5522 elementor-2326\" data-elementor-post-type=\"page\">\n\t\t\t\t<div class=\"wd-negative-gap elementor-element elementor-element-7e042a4 e-flex e-con-boxed e-con e-parent\" data-id=\"7e042a4\" data-element_type=\"container\" data-e-type=\"container\">\n\t\t\t\t\t<div class=\"e-con-inner\">\n\t\t\t\t<div class=\"elementor-element elementor-element-26d5309 wd-width-100 elementor-widget elementor-widget-wd_blog\" data-id=\"26d5309\" data-element_type=\"widget\" data-e-type=\"widget\" data-widget_type=\"wd_blog.default\">\n\t\t\t\t<div class=\"elementor-widget-container\">\n\t\t\t\t\t\t\t\t\t\t\t\t<div class=\"wd-blog-element \">\n\t\t\t\t\t\t\t\t\t\t\t\n\t\t\t\t\t<div class=\"wd-posts wd-blog-holder wd-grid-g\" id=\"6a090c3924228\" data-paged=\"1\" data-atts=\"{&quot;post_type&quot;:&quot;post&quot;,&quot;items_per_page&quot;:12,&quot;include&quot;:null,&quot;taxonomies&quot;:[&quot;177&quot;],&quot;offset&quot;:&quot;&quot;,&quot;orderby&quot;:&quot;&quot;,&quot;order&quot;:&quot;DESC&quot;,&quot;meta_key&quot;:null,&quot;exclude&quot;:&quot;&quot;,&quot;element_title&quot;:&quot;&quot;,&quot;element_title_tag&quot;:&quot;h4&quot;,&quot;parts_media&quot;:true,&quot;parts_title&quot;:&quot;1&quot;,&quot;parts_meta&quot;:&quot;&quot;,&quot;parts_text&quot;:&quot;&quot;,&quot;parts_btn&quot;:&quot;1&quot;,&quot;parts_published_date&quot;:&quot;&quot;,&quot;img_size&quot;:&quot;large&quot;,&quot;blog_design&quot;:&quot;masonry&quot;,&quot;blog_carousel_design&quot;:null,&quot;blog_masonry&quot;:&quot;&quot;,&quot;blog_columns&quot;:{&quot;unit&quot;:&quot;px&quot;,&quot;size&quot;:3,&quot;sizes&quot;:[]},&quot;blog_columns_tablet&quot;:{&quot;size&quot;:&quot;&quot;},&quot;blog_columns_mobile&quot;:{&quot;size&quot;:&quot;&quot;},&quot;blog_spacing&quot;:&quot;&quot;,&quot;blog_spacing_tablet&quot;:&quot;20&quot;,&quot;blog_spacing_mobile&quot;:&quot;20&quot;,&quot;pagination&quot;:&quot;&quot;,&quot;speed&quot;:null,&quot;slides_per_view&quot;:null,&quot;slides_per_view_tablet&quot;:{&quot;size&quot;:&quot;&quot;},&quot;slides_per_view_mobile&quot;:{&quot;size&quot;:&quot;&quot;},&quot;wrap&quot;:null,&quot;autoplay&quot;:null,&quot;hide_pagination_control&quot;:null,&quot;hide_prev_next_buttons&quot;:null,&quot;scroll_per_page&quot;:null,&quot;lazy_loading&quot;:&quot;no&quot;,&quot;scroll_carousel_init&quot;:null,&quot;ajax_page&quot;:&quot;&quot;,&quot;custom_sizes&quot;:false,&quot;elementor&quot;:true}\" data-source=\"shortcode\" style=\"--wd-col-lg:3;--wd-col-md:3;--wd-col-sm:1;--wd-gap-lg:30px;--wd-gap-md:20px;\">\n\t\t\t\n\t\t\t\t\t\t\t\t\t\t\t\t\t\t\n<article id=\"post-8411\" class=\"wd-post blog-design-masonry blog-post-loop blog-style-bg wd-add-shadow wd-col post-8411 post type-post status-publish format-standard has-post-thumbnail hentry category-rezepte category-rezepte-sizilien\">\n\t<div class=\"wd-post-inner article-inner\">\n\t\t\t\t\t<div class=\"wd-post-thumb entry-header\">\n\t\t\t\t\t\t\t\t\t<div class=\"wd-post-img post-img-wrapp\">\n\t\t\t\t\t\t<img decoding=\"async\" width=\"1024\" height=\"683\" src=\"https:\/\/mercazzurro.com\/wp-content\/uploads\/2025\/11\/canole-1024x683.png\" class=\"attachment-large size-large\" alt=\"Rezept f\u00fcr sizilianische Cannoli, ein traditionelles Dessert aus Sizilien mit Ricotta, Bronte-Pistazien und kandierten Fr\u00fcchten \u2013 ein Symbol der sizilianischen P\u00e2tisserie.\" srcset=\"https:\/\/mercazzurro.com\/wp-content\/uploads\/2025\/11\/canole-1024x683.png 1024w, https:\/\/mercazzurro.com\/wp-content\/uploads\/2025\/11\/canole-300x200.png 300w, https:\/\/mercazzurro.com\/wp-content\/uploads\/2025\/11\/canole-768x512.png 768w, https:\/\/mercazzurro.com\/wp-content\/uploads\/2025\/11\/canole-1200x800.png 1200w, https:\/\/mercazzurro.com\/wp-content\/uploads\/2025\/11\/canole-150x100.png 150w, https:\/\/mercazzurro.com\/wp-content\/uploads\/2025\/11\/canole.png 1536w\" sizes=\"(max-width: 1024px) 100vw, 1024px\" \/>\t\t\t\t\t<\/div>\n\t\t\t\t\t\t\t\t\t\t<a class=\"wd-fill\" tabindex=\"-1\" href=\"https:\/\/mercazzurro.com\/de\/authentisches-rezept-fuer-cannoli-siciliani-knuspriges-gebaeck-mit-ricotta\/\" aria-label=\"Link on post Authentisches Rezept f\u00fcr Cannoli siciliani: knuspriges Geb\u00e4ck mit Ricotta\"><\/a>\n\t\t\t\t\n\t\t\t\t\t\t\t<\/div>\n\t\t\n\t\t<div class=\"wd-post-content article-body-container\">\n\t\t\t\n\t\t\t\t\t\t\t<h3 class=\"wd-post-title wd-entities-title title post-title\">\n\t\t\t\t\t<a href=\"https:\/\/mercazzurro.com\/de\/authentisches-rezept-fuer-cannoli-siciliani-knuspriges-gebaeck-mit-ricotta\/\" rel=\"bookmark\">Authentisches Rezept f\u00fcr Cannoli siciliani: knuspriges Geb\u00e4ck mit Ricotta<\/a>\n\t\t\t\t<\/h3>\n\t\t\t\n\t\t\t\n\t\t\t\t\t\t\t\n\t\t\t\t\t\t\t\t\t\t\t\t\t\t<div class=\"wd-post-read-more wd-style-link read-more-section\">\n\t\t\t\t\t\t<a class=\"\" href=\"https:\/\/mercazzurro.com\/de\/authentisches-rezept-fuer-cannoli-siciliani-knuspriges-gebaeck-mit-ricotta\/\">Weiterlesen<\/a>\t\t\t\t\t<\/div>\n\t\t\t\t\t\t\t\t\t\t\t\t\t<\/div>\n\t<\/div>\n<\/article>\n\n\t\t\t\t\t\t\t\t\t\t\t\t\t\t\n<article id=\"post-8280\" class=\"wd-post blog-design-masonry blog-post-loop blog-style-bg wd-add-shadow wd-col post-8280 post type-post status-publish format-standard has-post-thumbnail hentry category-rezepte category-rezepte-sizilien\">\n\t<div class=\"wd-post-inner article-inner\">\n\t\t\t\t\t<div class=\"wd-post-thumb entry-header\">\n\t\t\t\t\t\t\t\t\t<div class=\"wd-post-img post-img-wrapp\">\n\t\t\t\t\t\t<img decoding=\"async\" width=\"1024\" height=\"683\" src=\"https:\/\/mercazzurro.com\/wp-content\/uploads\/2025\/11\/caponata-1024x683.png\" class=\"attachment-large size-large\" alt=\"Rezept f\u00fcr Caponata siciliana, sizilianische Ratatouille mit Auberginen, Oliven, Kapern und s\u00fc\u00df-saurer Sauce, ein symboltr\u00e4chtiges Gericht Siziliens.\" srcset=\"https:\/\/mercazzurro.com\/wp-content\/uploads\/2025\/11\/caponata-1024x683.png 1024w, https:\/\/mercazzurro.com\/wp-content\/uploads\/2025\/11\/caponata-300x200.png 300w, https:\/\/mercazzurro.com\/wp-content\/uploads\/2025\/11\/caponata-768x512.png 768w, https:\/\/mercazzurro.com\/wp-content\/uploads\/2025\/11\/caponata-1200x800.png 1200w, https:\/\/mercazzurro.com\/wp-content\/uploads\/2025\/11\/caponata-150x100.png 150w, https:\/\/mercazzurro.com\/wp-content\/uploads\/2025\/11\/caponata.png 1536w\" sizes=\"(max-width: 1024px) 100vw, 1024px\" \/>\t\t\t\t\t<\/div>\n\t\t\t\t\t\t\t\t\t\t<a class=\"wd-fill\" tabindex=\"-1\" href=\"https:\/\/mercazzurro.com\/de\/authentisches-rezept-fuer-caponata-siciliana-die-suess-saure-ratatouille-mit-auberginen\/\" aria-label=\"Link on post Authentisches Rezept f\u00fcr Caponata siciliana: die s\u00fc\u00df-saure Ratatouille mit Auberginen\"><\/a>\n\t\t\t\t\n\t\t\t\t\t\t\t<\/div>\n\t\t\n\t\t<div class=\"wd-post-content article-body-container\">\n\t\t\t\n\t\t\t\t\t\t\t<h3 class=\"wd-post-title wd-entities-title title post-title\">\n\t\t\t\t\t<a href=\"https:\/\/mercazzurro.com\/de\/authentisches-rezept-fuer-caponata-siciliana-die-suess-saure-ratatouille-mit-auberginen\/\" rel=\"bookmark\">Authentisches Rezept f\u00fcr Caponata siciliana: die s\u00fc\u00df-saure Ratatouille mit Auberginen<\/a>\n\t\t\t\t<\/h3>\n\t\t\t\n\t\t\t\n\t\t\t\t\t\t\t\n\t\t\t\t\t\t\t\t\t\t\t\t\t\t<div class=\"wd-post-read-more wd-style-link read-more-section\">\n\t\t\t\t\t\t<a class=\"\" href=\"https:\/\/mercazzurro.com\/de\/authentisches-rezept-fuer-caponata-siciliana-die-suess-saure-ratatouille-mit-auberginen\/\">Weiterlesen<\/a>\t\t\t\t\t<\/div>\n\t\t\t\t\t\t\t\t\t\t\t\t\t<\/div>\n\t<\/div>\n<\/article>\n\n\t\t\t\t\t\t\t\t\t\t\t\t\t\t\n<article id=\"post-8264\" class=\"wd-post blog-design-masonry blog-post-loop blog-style-bg wd-add-shadow wd-col post-8264 post type-post status-publish format-standard has-post-thumbnail hentry category-rezepte category-rezepte-sizilien\">\n\t<div class=\"wd-post-inner article-inner\">\n\t\t\t\t\t<div class=\"wd-post-thumb entry-header\">\n\t\t\t\t\t\t\t\t\t<div class=\"wd-post-img post-img-wrapp\">\n\t\t\t\t\t\t<img decoding=\"async\" width=\"1024\" height=\"683\" src=\"https:\/\/mercazzurro.com\/wp-content\/uploads\/2025\/11\/pasta-alla-norma-1024x683.png\" class=\"attachment-large size-large\" alt=\"Rezept f\u00fcr Pasta alla Norma, ein sizilianisches Gericht aus Pasta, gebratenen Auberginen, Tomatensauce und Ricotta Salata, eine Spezialit\u00e4t aus Catania.\" srcset=\"https:\/\/mercazzurro.com\/wp-content\/uploads\/2025\/11\/pasta-alla-norma-1024x683.png 1024w, https:\/\/mercazzurro.com\/wp-content\/uploads\/2025\/11\/pasta-alla-norma-300x200.png 300w, https:\/\/mercazzurro.com\/wp-content\/uploads\/2025\/11\/pasta-alla-norma-768x512.png 768w, https:\/\/mercazzurro.com\/wp-content\/uploads\/2025\/11\/pasta-alla-norma-1200x800.png 1200w, https:\/\/mercazzurro.com\/wp-content\/uploads\/2025\/11\/pasta-alla-norma-150x100.png 150w, https:\/\/mercazzurro.com\/wp-content\/uploads\/2025\/11\/pasta-alla-norma.png 1536w\" sizes=\"(max-width: 1024px) 100vw, 1024px\" \/>\t\t\t\t\t<\/div>\n\t\t\t\t\t\t\t\t\t\t<a class=\"wd-fill\" tabindex=\"-1\" href=\"https:\/\/mercazzurro.com\/de\/authentisches-rezept-fuer-pasta-alla-norma-sizilianische-pasta-mit-auberginen-und-gesalzener-ricotta\/\" aria-label=\"Link on post Authentisches Rezept f\u00fcr Pasta alla Norma: Sizilianische Pasta mit Auberginen und gesalzener Ricotta\"><\/a>\n\t\t\t\t\n\t\t\t\t\t\t\t<\/div>\n\t\t\n\t\t<div class=\"wd-post-content article-body-container\">\n\t\t\t\n\t\t\t\t\t\t\t<h3 class=\"wd-post-title wd-entities-title title post-title\">\n\t\t\t\t\t<a href=\"https:\/\/mercazzurro.com\/de\/authentisches-rezept-fuer-pasta-alla-norma-sizilianische-pasta-mit-auberginen-und-gesalzener-ricotta\/\" rel=\"bookmark\">Authentisches Rezept f\u00fcr Pasta alla Norma: Sizilianische Pasta mit Auberginen und gesalzener Ricotta<\/a>\n\t\t\t\t<\/h3>\n\t\t\t\n\t\t\t\n\t\t\t\t\t\t\t\n\t\t\t\t\t\t\t\t\t\t\t\t\t\t<div class=\"wd-post-read-more wd-style-link read-more-section\">\n\t\t\t\t\t\t<a class=\"\" href=\"https:\/\/mercazzurro.com\/de\/authentisches-rezept-fuer-pasta-alla-norma-sizilianische-pasta-mit-auberginen-und-gesalzener-ricotta\/\">Weiterlesen<\/a>\t\t\t\t\t<\/div>\n\t\t\t\t\t\t\t\t\t\t\t\t\t<\/div>\n\t<\/div>\n<\/article>\n\n\t\t\t\t\t\t\t\t\t\t\t\t\t\t\n<article id=\"post-8210\" class=\"wd-post blog-design-masonry blog-post-loop blog-style-bg wd-add-shadow wd-col post-8210 post type-post status-publish format-standard has-post-thumbnail hentry category-rezepte category-rezepte-sizilien\">\n\t<div class=\"wd-post-inner article-inner\">\n\t\t\t\t\t<div class=\"wd-post-thumb entry-header\">\n\t\t\t\t\t\t\t\t\t<div class=\"wd-post-img post-img-wrapp\">\n\t\t\t\t\t\t<img decoding=\"async\" width=\"1024\" height=\"683\" src=\"https:\/\/mercazzurro.com\/wp-content\/uploads\/2025\/11\/arancione--1024x683.png\" class=\"attachment-large size-large\" alt=\"Rezept f\u00fcr sizilianische Arancini, gef\u00fcllte und panierte Reisb\u00e4llchen, die typisch f\u00fcr die sizilianische K\u00fcche sind und goldbraun und knusprig serviert werden.\" srcset=\"https:\/\/mercazzurro.com\/wp-content\/uploads\/2025\/11\/arancione--1024x683.png 1024w, https:\/\/mercazzurro.com\/wp-content\/uploads\/2025\/11\/arancione--300x200.png 300w, https:\/\/mercazzurro.com\/wp-content\/uploads\/2025\/11\/arancione--768x512.png 768w, https:\/\/mercazzurro.com\/wp-content\/uploads\/2025\/11\/arancione--1200x800.png 1200w, https:\/\/mercazzurro.com\/wp-content\/uploads\/2025\/11\/arancione--150x100.png 150w, https:\/\/mercazzurro.com\/wp-content\/uploads\/2025\/11\/arancione-.png 1536w\" sizes=\"(max-width: 1024px) 100vw, 1024px\" \/>\t\t\t\t\t<\/div>\n\t\t\t\t\t\t\t\t\t\t<a class=\"wd-fill\" tabindex=\"-1\" href=\"https:\/\/mercazzurro.com\/de\/rezept-fuer-sizilianische-arancini-die-echten-goldgelben-reisbaellchen-aus-sizilien\/\" aria-label=\"Link on post Rezept f\u00fcr sizilianische Arancini: die echten goldgelben Reisb\u00e4llchen aus Sizilien\"><\/a>\n\t\t\t\t\n\t\t\t\t\t\t\t<\/div>\n\t\t\n\t\t<div class=\"wd-post-content article-body-container\">\n\t\t\t\n\t\t\t\t\t\t\t<h3 class=\"wd-post-title wd-entities-title title post-title\">\n\t\t\t\t\t<a href=\"https:\/\/mercazzurro.com\/de\/rezept-fuer-sizilianische-arancini-die-echten-goldgelben-reisbaellchen-aus-sizilien\/\" rel=\"bookmark\">Rezept f\u00fcr sizilianische Arancini: die echten goldgelben Reisb\u00e4llchen aus Sizilien<\/a>\n\t\t\t\t<\/h3>\n\t\t\t\n\t\t\t\n\t\t\t\t\t\t\t\n\t\t\t\t\t\t\t\t\t\t\t\t\t\t<div class=\"wd-post-read-more wd-style-link read-more-section\">\n\t\t\t\t\t\t<a class=\"\" href=\"https:\/\/mercazzurro.com\/de\/rezept-fuer-sizilianische-arancini-die-echten-goldgelben-reisbaellchen-aus-sizilien\/\">Weiterlesen<\/a>\t\t\t\t\t<\/div>\n\t\t\t\t\t\t\t\t\t\t\t\t\t<\/div>\n\t<\/div>\n<\/article>\n\n\t\t\t\t\n\t\t\t\t\t\t\t\t<\/div>\n\t\t\t\n\t\t\t\t\t\t\t\t\t\t<\/div>\n\t\t\t\t\t\t\t\t\t\t<\/div>\n\t\t\t\t<\/div>\n\t\t\t\t\t<\/div>\n\t\t\t\t<\/div>\n\t\t\t\t<\/div>\n\t\t","protected":false},"excerpt":{"rendered":"<p>Prawns and Banana Curry Continue reading Vegan Jaffa Cakes Continue reading Vegan Ube Mochi Waffles Continue reading Papaya Smoothie Bowl<\/p>\n","protected":false},"author":1,"featured_media":0,"parent":5415,"menu_order":0,"comment_status":"closed","ping_status":"closed","template":"","meta":{"footnotes":""},"class_list":["post-5522","page","type-page","status-publish","hentry"],"_hostinger_reach_plugin_has_subscription_block":false,"_hostinger_reach_plugin_is_elementor":false,"_links":{"self":[{"href":"https:\/\/mercazzurro.com\/de\/wp-json\/wp\/v2\/pages\/5522","targetHints":{"allow":["GET"]}}],"collection":[{"href":"https:\/\/mercazzurro.com\/de\/wp-json\/wp\/v2\/pages"}],"about":[{"href":"https:\/\/mercazzurro.com\/de\/wp-json\/wp\/v2\/types\/page"}],"author":[{"embeddable":true,"href":"https:\/\/mercazzurro.com\/de\/wp-json\/wp\/v2\/users\/1"}],"replies":[{"embeddable":true,"href":"https:\/\/mercazzurro.com\/de\/wp-json\/wp\/v2\/comments?post=5522"}],"version-history":[{"count":1,"href":"https:\/\/mercazzurro.com\/de\/wp-json\/wp\/v2\/pages\/5522\/revisions"}],"predecessor-version":[{"id":5523,"href":"https:\/\/mercazzurro.com\/de\/wp-json\/wp\/v2\/pages\/5522\/revisions\/5523"}],"up":[{"embeddable":true,"href":"https:\/\/mercazzurro.com\/de\/wp-json\/wp\/v2\/pages\/5415"}],"wp:attachment":[{"href":"https:\/\/mercazzurro.com\/de\/wp-json\/wp\/v2\/media?parent=5522"}],"curies":[{"name":"wp","href":"https:\/\/api.w.org\/{rel}","templated":true}]}}