{"id":5468,"date":"2025-09-24T10:13:33","date_gmt":"2025-09-24T10:13:33","guid":{"rendered":"https:\/\/mercazzurro.com\/region-sizilien\/tourismus-und-aktivitaeten\/"},"modified":"2025-10-13T13:37:29","modified_gmt":"2025-10-13T13:37:29","slug":"tourismus-und-aktivitaeten","status":"publish","type":"page","link":"https:\/\/mercazzurro.com\/de\/entdecke-die-regionen\/region-sizilien\/tourismus-und-aktivitaeten\/","title":{"rendered":"Tourismus und Aktivit\u00e4ten"},"content":{"rendered":"\t\t<div data-elementor-type=\"wp-page\" data-elementor-id=\"5468\" class=\"elementor elementor-5468 elementor-2159\" data-elementor-post-type=\"page\">\n\t\t\t\t<div class=\"wd-negative-gap elementor-element elementor-element-e980714 e-flex e-con-boxed e-con e-parent\" data-id=\"e980714\" data-element_type=\"container\" data-e-type=\"container\">\n\t\t\t\t\t<div class=\"e-con-inner\">\n\t\t\t\t<div class=\"elementor-element elementor-element-3c07afc wd-width-100 elementor-widget elementor-widget-wd_blog\" data-id=\"3c07afc\" data-element_type=\"widget\" data-e-type=\"widget\" data-widget_type=\"wd_blog.default\">\n\t\t\t\t<div class=\"elementor-widget-container\">\n\t\t\t\t\t\t\t\t\t\t\t\t<div class=\"wd-blog-element \">\n\t\t\t\t\t\t\t\t\t\t\t\n\t\t\t\t\t<div class=\"wd-posts wd-blog-holder wd-grid-g\" id=\"6a090b0f2b09c\" data-paged=\"1\" data-atts=\"{&quot;post_type&quot;:&quot;post&quot;,&quot;items_per_page&quot;:12,&quot;include&quot;:null,&quot;taxonomies&quot;:[&quot;205&quot;],&quot;offset&quot;:&quot;&quot;,&quot;orderby&quot;:&quot;&quot;,&quot;order&quot;:&quot;DESC&quot;,&quot;meta_key&quot;:null,&quot;exclude&quot;:&quot;&quot;,&quot;element_title&quot;:&quot;&quot;,&quot;element_title_tag&quot;:&quot;h4&quot;,&quot;parts_media&quot;:true,&quot;parts_title&quot;:&quot;1&quot;,&quot;parts_meta&quot;:&quot;&quot;,&quot;parts_text&quot;:&quot;&quot;,&quot;parts_btn&quot;:&quot;1&quot;,&quot;parts_published_date&quot;:&quot;&quot;,&quot;img_size&quot;:&quot;large&quot;,&quot;blog_design&quot;:&quot;masonry&quot;,&quot;blog_carousel_design&quot;:null,&quot;blog_masonry&quot;:&quot;&quot;,&quot;blog_columns&quot;:{&quot;unit&quot;:&quot;px&quot;,&quot;size&quot;:3,&quot;sizes&quot;:[]},&quot;blog_columns_tablet&quot;:{&quot;unit&quot;:&quot;px&quot;,&quot;size&quot;:&quot;&quot;,&quot;sizes&quot;:[]},&quot;blog_columns_mobile&quot;:{&quot;unit&quot;:&quot;px&quot;,&quot;size&quot;:&quot;&quot;,&quot;sizes&quot;:[]},&quot;blog_spacing&quot;:&quot;&quot;,&quot;blog_spacing_tablet&quot;:&quot;&quot;,&quot;blog_spacing_mobile&quot;:&quot;&quot;,&quot;pagination&quot;:&quot;&quot;,&quot;speed&quot;:null,&quot;slides_per_view&quot;:null,&quot;slides_per_view_tablet&quot;:{&quot;unit&quot;:&quot;px&quot;,&quot;size&quot;:&quot;&quot;,&quot;sizes&quot;:[]},&quot;slides_per_view_mobile&quot;:{&quot;unit&quot;:&quot;px&quot;,&quot;size&quot;:&quot;&quot;,&quot;sizes&quot;:[]},&quot;wrap&quot;:null,&quot;autoplay&quot;:null,&quot;hide_pagination_control&quot;:null,&quot;hide_prev_next_buttons&quot;:null,&quot;scroll_per_page&quot;:null,&quot;lazy_loading&quot;:&quot;no&quot;,&quot;scroll_carousel_init&quot;:null,&quot;ajax_page&quot;:&quot;&quot;,&quot;custom_sizes&quot;:false,&quot;elementor&quot;:true}\" data-source=\"shortcode\" style=\"--wd-col-lg:3;--wd-col-md:3;--wd-col-sm:1;--wd-gap-lg:30px;--wd-gap-md:20px;\">\n\t\t\t\n\t\t\t\t\t\t\t\t\t\t\t\t\t\t\n<article id=\"post-8308\" class=\"wd-post blog-design-masonry blog-post-loop blog-style-bg wd-add-shadow wd-col post-8308 post type-post status-publish format-standard has-post-thumbnail hentry category-tourismus-aktivitaten category-tourismus-sizilien\">\n\t<div class=\"wd-post-inner article-inner\">\n\t\t\t\t\t<div class=\"wd-post-thumb entry-header\">\n\t\t\t\t\t\t\t\t\t<div class=\"wd-post-img post-img-wrapp\">\n\t\t\t\t\t\t<img decoding=\"async\" width=\"1024\" height=\"683\" src=\"https:\/\/mercazzurro.com\/wp-content\/uploads\/2025\/11\/plage--1024x683.png\" class=\"attachment-large size-large\" alt=\"Panoramablick auf einen sizilianischen Strand mit t\u00fcrkisfarbenem Wasser und wei\u00dfen Klippen, typisch f\u00fcr Lampedusa und Agrigent, unter der mediterranen Sonne.\" srcset=\"https:\/\/mercazzurro.com\/wp-content\/uploads\/2025\/11\/plage--1024x683.png 1024w, https:\/\/mercazzurro.com\/wp-content\/uploads\/2025\/11\/plage--300x200.png 300w, https:\/\/mercazzurro.com\/wp-content\/uploads\/2025\/11\/plage--768x512.png 768w, https:\/\/mercazzurro.com\/wp-content\/uploads\/2025\/11\/plage--1200x800.png 1200w, https:\/\/mercazzurro.com\/wp-content\/uploads\/2025\/11\/plage--150x100.png 150w, https:\/\/mercazzurro.com\/wp-content\/uploads\/2025\/11\/plage-.png 1536w\" sizes=\"(max-width: 1024px) 100vw, 1024px\" \/>\t\t\t\t\t<\/div>\n\t\t\t\t\t\t\t\t\t\t<a class=\"wd-fill\" tabindex=\"-1\" href=\"https:\/\/mercazzurro.com\/de\/die-schoensten-straende-siziliens-eine-reise-zwischen-wilden-buchten-und-tuerkisfarbenem-wasser\/\" aria-label=\"Link on post Die sch\u00f6nsten Str\u00e4nde Siziliens: eine Reise zwischen wilden Buchten und t\u00fcrkisfarbenem Wasser.\"><\/a>\n\t\t\t\t\n\t\t\t\t\t\t\t<\/div>\n\t\t\n\t\t<div class=\"wd-post-content article-body-container\">\n\t\t\t\n\t\t\t\t\t\t\t<h3 class=\"wd-post-title wd-entities-title title post-title\">\n\t\t\t\t\t<a href=\"https:\/\/mercazzurro.com\/de\/die-schoensten-straende-siziliens-eine-reise-zwischen-wilden-buchten-und-tuerkisfarbenem-wasser\/\" rel=\"bookmark\">Die sch\u00f6nsten Str\u00e4nde Siziliens: eine Reise zwischen wilden Buchten und t\u00fcrkisfarbenem Wasser.<\/a>\n\t\t\t\t<\/h3>\n\t\t\t\n\t\t\t\n\t\t\t\t\t\t\t\n\t\t\t\t\t\t\t\t\t\t\t\t\t\t<div class=\"wd-post-read-more wd-style-link read-more-section\">\n\t\t\t\t\t\t<a class=\"\" href=\"https:\/\/mercazzurro.com\/de\/die-schoensten-straende-siziliens-eine-reise-zwischen-wilden-buchten-und-tuerkisfarbenem-wasser\/\">Weiterlesen<\/a>\t\t\t\t\t<\/div>\n\t\t\t\t\t\t\t\t\t\t\t\t\t<\/div>\n\t<\/div>\n<\/article>\n\n\t\t\t\t\t\t\t\t\t\t\t\t\t\t\n<article id=\"post-8298\" class=\"wd-post blog-design-masonry blog-post-loop blog-style-bg wd-add-shadow wd-col post-8298 post type-post status-publish format-standard has-post-thumbnail hentry category-tourismus-aktivitaten category-tourismus-sizilien\">\n\t<div class=\"wd-post-inner article-inner\">\n\t\t\t\t\t<div class=\"wd-post-thumb entry-header\">\n\t\t\t\t\t\t\t\t\t<div class=\"wd-post-img post-img-wrapp\">\n\t\t\t\t\t\t<img decoding=\"async\" width=\"1024\" height=\"683\" src=\"https:\/\/mercazzurro.com\/wp-content\/uploads\/2025\/11\/provinces-1-1024x683.png\" class=\"attachment-large size-large\" alt=\"Panoramablick auf die Provinzen Siziliens mit K\u00fcstenlandschaften, Bergen, barocken D\u00f6rfern und Olivenfeldern, die die kulturelle und nat\u00fcrliche Vielfalt der Insel darstellen.\" srcset=\"https:\/\/mercazzurro.com\/wp-content\/uploads\/2025\/11\/provinces-1-1024x683.png 1024w, https:\/\/mercazzurro.com\/wp-content\/uploads\/2025\/11\/provinces-1-300x200.png 300w, https:\/\/mercazzurro.com\/wp-content\/uploads\/2025\/11\/provinces-1-768x512.png 768w, https:\/\/mercazzurro.com\/wp-content\/uploads\/2025\/11\/provinces-1-1200x800.png 1200w, https:\/\/mercazzurro.com\/wp-content\/uploads\/2025\/11\/provinces-1-150x100.png 150w, https:\/\/mercazzurro.com\/wp-content\/uploads\/2025\/11\/provinces-1.png 1536w\" sizes=\"(max-width: 1024px) 100vw, 1024px\" \/>\t\t\t\t\t<\/div>\n\t\t\t\t\t\t\t\t\t\t<a class=\"wd-fill\" tabindex=\"-1\" href=\"https:\/\/mercazzurro.com\/de\/die-provinzen-siziliens-eine-reise-durch-erbe-meer-und-traditionen\/\" aria-label=\"Link on post Die Provinzen Siziliens: eine Reise durch Erbe, Meer und Traditionen\"><\/a>\n\t\t\t\t\n\t\t\t\t\t\t\t<\/div>\n\t\t\n\t\t<div class=\"wd-post-content article-body-container\">\n\t\t\t\n\t\t\t\t\t\t\t<h3 class=\"wd-post-title wd-entities-title title post-title\">\n\t\t\t\t\t<a href=\"https:\/\/mercazzurro.com\/de\/die-provinzen-siziliens-eine-reise-durch-erbe-meer-und-traditionen\/\" rel=\"bookmark\">Die Provinzen Siziliens: eine Reise durch Erbe, Meer und Traditionen<\/a>\n\t\t\t\t<\/h3>\n\t\t\t\n\t\t\t\n\t\t\t\t\t\t\t\n\t\t\t\t\t\t\t\t\t\t\t\t\t\t<div class=\"wd-post-read-more wd-style-link read-more-section\">\n\t\t\t\t\t\t<a class=\"\" href=\"https:\/\/mercazzurro.com\/de\/die-provinzen-siziliens-eine-reise-durch-erbe-meer-und-traditionen\/\">Weiterlesen<\/a>\t\t\t\t\t<\/div>\n\t\t\t\t\t\t\t\t\t\t\t\t\t<\/div>\n\t<\/div>\n<\/article>\n\n\t\t\t\t\t\t\t\t\t\t\t\t\t\t\n<article id=\"post-8191\" class=\"wd-post blog-design-masonry blog-post-loop blog-style-bg wd-add-shadow wd-col post-8191 post type-post status-publish format-standard has-post-thumbnail hentry category-tourismus-aktivitaten category-tourismus-sizilien\">\n\t<div class=\"wd-post-inner article-inner\">\n\t\t\t\t\t<div class=\"wd-post-thumb entry-header\">\n\t\t\t\t\t\t\t\t\t<div class=\"wd-post-img post-img-wrapp\">\n\t\t\t\t\t\t<img decoding=\"async\" width=\"1024\" height=\"683\" src=\"https:\/\/mercazzurro.com\/wp-content\/uploads\/2025\/11\/etna-1024x683.png\" class=\"attachment-large size-large\" alt=\"\u00c4tna, aktiver Vulkan auf Sizilien, der zum UNESCO-Weltkulturerbe geh\u00f6rt, mit seinen Kratern und spektakul\u00e4ren Vulkanlandschaften.\" srcset=\"https:\/\/mercazzurro.com\/wp-content\/uploads\/2025\/11\/etna-1024x683.png 1024w, https:\/\/mercazzurro.com\/wp-content\/uploads\/2025\/11\/etna-300x200.png 300w, https:\/\/mercazzurro.com\/wp-content\/uploads\/2025\/11\/etna-768x512.png 768w, https:\/\/mercazzurro.com\/wp-content\/uploads\/2025\/11\/etna-1200x800.png 1200w, https:\/\/mercazzurro.com\/wp-content\/uploads\/2025\/11\/etna-150x100.png 150w, https:\/\/mercazzurro.com\/wp-content\/uploads\/2025\/11\/etna.png 1536w\" sizes=\"(max-width: 1024px) 100vw, 1024px\" \/>\t\t\t\t\t<\/div>\n\t\t\t\t\t\t\t\t\t\t<a class=\"wd-fill\" tabindex=\"-1\" href=\"https:\/\/mercazzurro.com\/de\/aetna-ein-majestaetischer-aktiver-vulkan-auf-sizilien-der-zum-unesco-weltkulturerbe-gehoert\/\" aria-label=\"Link on post \u00c4tna: ein majest\u00e4tischer aktiver Vulkan auf Sizilien, der zum UNESCO-Weltkulturerbe geh\u00f6rt.\"><\/a>\n\t\t\t\t\n\t\t\t\t\t\t\t<\/div>\n\t\t\n\t\t<div class=\"wd-post-content article-body-container\">\n\t\t\t\n\t\t\t\t\t\t\t<h3 class=\"wd-post-title wd-entities-title title post-title\">\n\t\t\t\t\t<a href=\"https:\/\/mercazzurro.com\/de\/aetna-ein-majestaetischer-aktiver-vulkan-auf-sizilien-der-zum-unesco-weltkulturerbe-gehoert\/\" rel=\"bookmark\">\u00c4tna: ein majest\u00e4tischer aktiver Vulkan auf Sizilien, der zum UNESCO-Weltkulturerbe geh\u00f6rt.<\/a>\n\t\t\t\t<\/h3>\n\t\t\t\n\t\t\t\n\t\t\t\t\t\t\t\n\t\t\t\t\t\t\t\t\t\t\t\t\t\t<div class=\"wd-post-read-more wd-style-link read-more-section\">\n\t\t\t\t\t\t<a class=\"\" href=\"https:\/\/mercazzurro.com\/de\/aetna-ein-majestaetischer-aktiver-vulkan-auf-sizilien-der-zum-unesco-weltkulturerbe-gehoert\/\">Weiterlesen<\/a>\t\t\t\t\t<\/div>\n\t\t\t\t\t\t\t\t\t\t\t\t\t<\/div>\n\t<\/div>\n<\/article>\n\n\t\t\t\t\t\t\t\t\t\t\t\t\t\t\n<article id=\"post-8175\" class=\"wd-post blog-design-masonry blog-post-loop blog-style-bg wd-add-shadow wd-col post-8175 post type-post status-publish format-standard has-post-thumbnail hentry category-tourismus-aktivitaten category-tourismus-sizilien\">\n\t<div class=\"wd-post-inner article-inner\">\n\t\t\t\t\t<div class=\"wd-post-thumb entry-header\">\n\t\t\t\t\t\t\t\t\t<div class=\"wd-post-img post-img-wrapp\">\n\t\t\t\t\t\t<img decoding=\"async\" width=\"1024\" height=\"683\" src=\"https:\/\/mercazzurro.com\/wp-content\/uploads\/2025\/11\/val-di-1024x683.png\" class=\"attachment-large size-large\" alt=\"R\u00f6mische Villa in Casale, Sizilien, eine UNESCO-St\u00e4tte, die f\u00fcr ihre perfekt erhaltenen antiken Mosaike ber\u00fchmt ist.\" srcset=\"https:\/\/mercazzurro.com\/wp-content\/uploads\/2025\/11\/val-di-1024x683.png 1024w, https:\/\/mercazzurro.com\/wp-content\/uploads\/2025\/11\/val-di-300x200.png 300w, https:\/\/mercazzurro.com\/wp-content\/uploads\/2025\/11\/val-di-768x512.png 768w, https:\/\/mercazzurro.com\/wp-content\/uploads\/2025\/11\/val-di-1200x800.png 1200w, https:\/\/mercazzurro.com\/wp-content\/uploads\/2025\/11\/val-di-150x100.png 150w, https:\/\/mercazzurro.com\/wp-content\/uploads\/2025\/11\/val-di.png 1536w\" sizes=\"(max-width: 1024px) 100vw, 1024px\" \/>\t\t\t\t\t<\/div>\n\t\t\t\t\t\t\t\t\t\t<a class=\"wd-fill\" tabindex=\"-1\" href=\"https:\/\/mercazzurro.com\/de\/villa-romaine-du-casale-joyau-unesco-et-chef-doeuvre-antique-de-sicile\/\" aria-label=\"Link on post Villa romaine du Casale : joyau UNESCO et chef-d\u2019\u0153uvre antique de Sicile\"><\/a>\n\t\t\t\t\n\t\t\t\t\t\t\t<\/div>\n\t\t\n\t\t<div class=\"wd-post-content article-body-container\">\n\t\t\t\n\t\t\t\t\t\t\t<h3 class=\"wd-post-title wd-entities-title title post-title\">\n\t\t\t\t\t<a href=\"https:\/\/mercazzurro.com\/de\/villa-romaine-du-casale-joyau-unesco-et-chef-doeuvre-antique-de-sicile\/\" rel=\"bookmark\">Villa romaine du Casale : joyau UNESCO et chef-d\u2019\u0153uvre antique de Sicile<\/a>\n\t\t\t\t<\/h3>\n\t\t\t\n\t\t\t\n\t\t\t\t\t\t\t\n\t\t\t\t\t\t\t\t\t\t\t\t\t\t<div class=\"wd-post-read-more wd-style-link read-more-section\">\n\t\t\t\t\t\t<a class=\"\" href=\"https:\/\/mercazzurro.com\/de\/villa-romaine-du-casale-joyau-unesco-et-chef-doeuvre-antique-de-sicile\/\">Weiterlesen<\/a>\t\t\t\t\t<\/div>\n\t\t\t\t\t\t\t\t\t\t\t\t\t<\/div>\n\t<\/div>\n<\/article>\n\n\t\t\t\t\t\t\t\t\t\t\t\t\t\t\n<article id=\"post-8153\" class=\"wd-post blog-design-masonry blog-post-loop blog-style-bg wd-add-shadow wd-col post-8153 post type-post status-publish format-standard has-post-thumbnail hentry category-tourismus-aktivitaten category-tourismus-sizilien\">\n\t<div class=\"wd-post-inner article-inner\">\n\t\t\t\t\t<div class=\"wd-post-thumb entry-header\">\n\t\t\t\t\t\t\t\t\t<div class=\"wd-post-img post-img-wrapp\">\n\t\t\t\t\t\t<img decoding=\"async\" width=\"1024\" height=\"683\" src=\"https:\/\/mercazzurro.com\/wp-content\/uploads\/2025\/11\/val-di-noto-1024x683.png\" class=\"attachment-large size-large\" alt=\"Barockst\u00e4dte im Val di Noto, UNESCO-Weltkulturerbe Siziliens, mit den goldenen Fassaden von Noto, die von der untergehenden Sonne beleuchtet werden.\" srcset=\"https:\/\/mercazzurro.com\/wp-content\/uploads\/2025\/11\/val-di-noto-1024x683.png 1024w, https:\/\/mercazzurro.com\/wp-content\/uploads\/2025\/11\/val-di-noto-300x200.png 300w, https:\/\/mercazzurro.com\/wp-content\/uploads\/2025\/11\/val-di-noto-768x512.png 768w, https:\/\/mercazzurro.com\/wp-content\/uploads\/2025\/11\/val-di-noto-1200x800.png 1200w, https:\/\/mercazzurro.com\/wp-content\/uploads\/2025\/11\/val-di-noto-150x100.png 150w, https:\/\/mercazzurro.com\/wp-content\/uploads\/2025\/11\/val-di-noto.png 1536w\" sizes=\"(max-width: 1024px) 100vw, 1024px\" \/>\t\t\t\t\t<\/div>\n\t\t\t\t\t\t\t\t\t\t<a class=\"wd-fill\" tabindex=\"-1\" href=\"https:\/\/mercazzurro.com\/de\/barockstaedte-im-val-di-noto-unesco-juwelen-und-architektonische-schaetze-siziliens\/\" aria-label=\"Link on post Barockst\u00e4dte im Val di Noto: UNESCO-Juwelen und architektonische Sch\u00e4tze Siziliens\"><\/a>\n\t\t\t\t\n\t\t\t\t\t\t\t<\/div>\n\t\t\n\t\t<div class=\"wd-post-content article-body-container\">\n\t\t\t\n\t\t\t\t\t\t\t<h3 class=\"wd-post-title wd-entities-title title post-title\">\n\t\t\t\t\t<a href=\"https:\/\/mercazzurro.com\/de\/barockstaedte-im-val-di-noto-unesco-juwelen-und-architektonische-schaetze-siziliens\/\" rel=\"bookmark\">Barockst\u00e4dte im Val di Noto: UNESCO-Juwelen und architektonische Sch\u00e4tze Siziliens<\/a>\n\t\t\t\t<\/h3>\n\t\t\t\n\t\t\t\n\t\t\t\t\t\t\t\n\t\t\t\t\t\t\t\t\t\t\t\t\t\t<div class=\"wd-post-read-more wd-style-link read-more-section\">\n\t\t\t\t\t\t<a class=\"\" href=\"https:\/\/mercazzurro.com\/de\/barockstaedte-im-val-di-noto-unesco-juwelen-und-architektonische-schaetze-siziliens\/\">Weiterlesen<\/a>\t\t\t\t\t<\/div>\n\t\t\t\t\t\t\t\t\t\t\t\t\t<\/div>\n\t<\/div>\n<\/article>\n\n\t\t\t\t\t\t\t\t\t\t\t\t\t\t\n<article id=\"post-8133\" class=\"wd-post blog-design-masonry blog-post-loop blog-style-bg wd-add-shadow wd-col post-8133 post type-post status-publish format-standard has-post-thumbnail hentry category-tourismus-aktivitaten category-tourismus-sizilien\">\n\t<div class=\"wd-post-inner article-inner\">\n\t\t\t\t\t<div class=\"wd-post-thumb entry-header\">\n\t\t\t\t\t\t\t\t\t<div class=\"wd-post-img post-img-wrapp\">\n\t\t\t\t\t\t<img decoding=\"async\" width=\"1024\" height=\"683\" src=\"https:\/\/mercazzurro.com\/wp-content\/uploads\/2025\/11\/temple-sicile--1024x683.png\" class=\"attachment-large size-large\" alt=\"Der Concordia-Tempel im Tal der Tempel in Agrigento, dem UNESCO-Weltkulturerbe Siziliens, wird von der untergehenden Sonne und einem goldenen Himmel beleuchtet.\" srcset=\"https:\/\/mercazzurro.com\/wp-content\/uploads\/2025\/11\/temple-sicile--1024x683.png 1024w, https:\/\/mercazzurro.com\/wp-content\/uploads\/2025\/11\/temple-sicile--300x200.png 300w, https:\/\/mercazzurro.com\/wp-content\/uploads\/2025\/11\/temple-sicile--768x512.png 768w, https:\/\/mercazzurro.com\/wp-content\/uploads\/2025\/11\/temple-sicile--1200x800.png 1200w, https:\/\/mercazzurro.com\/wp-content\/uploads\/2025\/11\/temple-sicile--150x100.png 150w, https:\/\/mercazzurro.com\/wp-content\/uploads\/2025\/11\/temple-sicile-.png 1536w\" sizes=\"(max-width: 1024px) 100vw, 1024px\" \/>\t\t\t\t\t<\/div>\n\t\t\t\t\t\t\t\t\t\t<a class=\"wd-fill\" tabindex=\"-1\" href=\"https:\/\/mercazzurro.com\/de\/das-tal-der-tempel-von-agrigent-unesco-juwel-und-antiker-schatz-siziliens\/\" aria-label=\"Link on post Das Tal der Tempel von Agrigent: UNESCO-Juwel und antiker Schatz Siziliens\"><\/a>\n\t\t\t\t\n\t\t\t\t\t\t\t<\/div>\n\t\t\n\t\t<div class=\"wd-post-content article-body-container\">\n\t\t\t\n\t\t\t\t\t\t\t<h3 class=\"wd-post-title wd-entities-title title post-title\">\n\t\t\t\t\t<a href=\"https:\/\/mercazzurro.com\/de\/das-tal-der-tempel-von-agrigent-unesco-juwel-und-antiker-schatz-siziliens\/\" rel=\"bookmark\">Das Tal der Tempel von Agrigent: UNESCO-Juwel und antiker Schatz Siziliens<\/a>\n\t\t\t\t<\/h3>\n\t\t\t\n\t\t\t\n\t\t\t\t\t\t\t\n\t\t\t\t\t\t\t\t\t\t\t\t\t\t<div class=\"wd-post-read-more wd-style-link read-more-section\">\n\t\t\t\t\t\t<a class=\"\" href=\"https:\/\/mercazzurro.com\/de\/das-tal-der-tempel-von-agrigent-unesco-juwel-und-antiker-schatz-siziliens\/\">Weiterlesen<\/a>\t\t\t\t\t<\/div>\n\t\t\t\t\t\t\t\t\t\t\t\t\t<\/div>\n\t<\/div>\n<\/article>\n\n\t\t\t\t\n\t\t\t\t\t\t\t\t<\/div>\n\t\t\t\n\t\t\t\t\t\t\t\t\t\t<\/div>\n\t\t\t\t\t\t\t\t\t\t<\/div>\n\t\t\t\t<\/div>\n\t\t\t\t\t<\/div>\n\t\t\t\t<\/div>\n\t\t\t\t<\/div>\n\t\t","protected":false},"excerpt":{"rendered":"<p>Prawns and Banana Curry Continue reading Vegan Jaffa Cakes Continue reading Vegan Ube Mochi Waffles Continue reading Papaya Smoothie Bowl<\/p>\n","protected":false},"author":1,"featured_media":0,"parent":5415,"menu_order":0,"comment_status":"closed","ping_status":"closed","template":"","meta":{"footnotes":""},"class_list":["post-5468","page","type-page","status-publish","hentry"],"_hostinger_reach_plugin_has_subscription_block":false,"_hostinger_reach_plugin_is_elementor":false,"_links":{"self":[{"href":"https:\/\/mercazzurro.com\/de\/wp-json\/wp\/v2\/pages\/5468","targetHints":{"allow":["GET"]}}],"collection":[{"href":"https:\/\/mercazzurro.com\/de\/wp-json\/wp\/v2\/pages"}],"about":[{"href":"https:\/\/mercazzurro.com\/de\/wp-json\/wp\/v2\/types\/page"}],"author":[{"embeddable":true,"href":"https:\/\/mercazzurro.com\/de\/wp-json\/wp\/v2\/users\/1"}],"replies":[{"embeddable":true,"href":"https:\/\/mercazzurro.com\/de\/wp-json\/wp\/v2\/comments?post=5468"}],"version-history":[{"count":1,"href":"https:\/\/mercazzurro.com\/de\/wp-json\/wp\/v2\/pages\/5468\/revisions"}],"predecessor-version":[{"id":5469,"href":"https:\/\/mercazzurro.com\/de\/wp-json\/wp\/v2\/pages\/5468\/revisions\/5469"}],"up":[{"embeddable":true,"href":"https:\/\/mercazzurro.com\/de\/wp-json\/wp\/v2\/pages\/5415"}],"wp:attachment":[{"href":"https:\/\/mercazzurro.com\/de\/wp-json\/wp\/v2\/media?parent=5468"}],"curies":[{"name":"wp","href":"https:\/\/api.w.org\/{rel}","templated":true}]}}