{"id":5465,"date":"2025-09-24T10:11:29","date_gmt":"2025-09-24T10:11:29","guid":{"rendered":"https:\/\/mercazzurro.com\/region-sardinien\/tourismus-und-aktivitaeten\/"},"modified":"2025-10-13T13:36:56","modified_gmt":"2025-10-13T13:36:56","slug":"tourismus-und-aktivitaeten","status":"publish","type":"page","link":"https:\/\/mercazzurro.com\/de\/entdecke-die-regionen\/region-sardinien\/tourismus-und-aktivitaeten\/","title":{"rendered":"Tourismus und Aktivit\u00e4ten"},"content":{"rendered":"\t\t<div data-elementor-type=\"wp-page\" data-elementor-id=\"5465\" class=\"elementor elementor-5465 elementor-2151\" data-elementor-post-type=\"page\">\n\t\t\t\t<div class=\"wd-negative-gap elementor-element elementor-element-966d077 e-flex e-con-boxed e-con e-parent\" data-id=\"966d077\" data-element_type=\"container\" data-e-type=\"container\">\n\t\t\t\t\t<div class=\"e-con-inner\">\n\t\t\t\t<div class=\"elementor-element elementor-element-95ce0e6 wd-width-100 elementor-widget elementor-widget-wd_blog\" data-id=\"95ce0e6\" data-element_type=\"widget\" data-e-type=\"widget\" data-widget_type=\"wd_blog.default\">\n\t\t\t\t<div class=\"elementor-widget-container\">\n\t\t\t\t\t\t\t\t\t\t\t\t<div class=\"wd-blog-element \">\n\t\t\t\t\t\t\t\t\t\t\t\n\t\t\t\t\t<div class=\"wd-posts wd-blog-holder wd-grid-g\" id=\"6a090b1422cc1\" data-paged=\"1\" data-atts=\"{&quot;post_type&quot;:&quot;post&quot;,&quot;items_per_page&quot;:12,&quot;include&quot;:null,&quot;taxonomies&quot;:[&quot;204&quot;],&quot;offset&quot;:&quot;&quot;,&quot;orderby&quot;:&quot;&quot;,&quot;order&quot;:&quot;DESC&quot;,&quot;meta_key&quot;:null,&quot;exclude&quot;:&quot;&quot;,&quot;element_title&quot;:&quot;&quot;,&quot;element_title_tag&quot;:&quot;h4&quot;,&quot;parts_media&quot;:true,&quot;parts_title&quot;:&quot;1&quot;,&quot;parts_meta&quot;:&quot;&quot;,&quot;parts_text&quot;:&quot;&quot;,&quot;parts_btn&quot;:&quot;1&quot;,&quot;parts_published_date&quot;:&quot;&quot;,&quot;img_size&quot;:&quot;large&quot;,&quot;blog_design&quot;:&quot;masonry&quot;,&quot;blog_carousel_design&quot;:null,&quot;blog_masonry&quot;:&quot;&quot;,&quot;blog_columns&quot;:{&quot;unit&quot;:&quot;px&quot;,&quot;size&quot;:3,&quot;sizes&quot;:[]},&quot;blog_columns_tablet&quot;:{&quot;unit&quot;:&quot;px&quot;,&quot;size&quot;:&quot;&quot;,&quot;sizes&quot;:[]},&quot;blog_columns_mobile&quot;:{&quot;unit&quot;:&quot;px&quot;,&quot;size&quot;:&quot;&quot;,&quot;sizes&quot;:[]},&quot;blog_spacing&quot;:&quot;&quot;,&quot;blog_spacing_tablet&quot;:&quot;&quot;,&quot;blog_spacing_mobile&quot;:&quot;&quot;,&quot;pagination&quot;:&quot;&quot;,&quot;speed&quot;:null,&quot;slides_per_view&quot;:null,&quot;slides_per_view_tablet&quot;:{&quot;unit&quot;:&quot;px&quot;,&quot;size&quot;:&quot;&quot;,&quot;sizes&quot;:[]},&quot;slides_per_view_mobile&quot;:{&quot;unit&quot;:&quot;px&quot;,&quot;size&quot;:&quot;&quot;,&quot;sizes&quot;:[]},&quot;wrap&quot;:null,&quot;autoplay&quot;:null,&quot;hide_pagination_control&quot;:null,&quot;hide_prev_next_buttons&quot;:null,&quot;scroll_per_page&quot;:null,&quot;lazy_loading&quot;:&quot;no&quot;,&quot;scroll_carousel_init&quot;:null,&quot;ajax_page&quot;:&quot;&quot;,&quot;custom_sizes&quot;:false,&quot;elementor&quot;:true}\" data-source=\"shortcode\" style=\"--wd-col-lg:3;--wd-col-md:3;--wd-col-sm:1;--wd-gap-lg:30px;--wd-gap-md:20px;\">\n\t\t\t\n\t\t\t\t\t\t\t\t\t\t\t\t\t\t\n<article id=\"post-8025\" class=\"wd-post blog-design-masonry blog-post-loop blog-style-bg wd-add-shadow wd-col post-8025 post type-post status-publish format-standard has-post-thumbnail hentry category-tourismus-aktivitaten category-tourismus-sardinien\">\n\t<div class=\"wd-post-inner article-inner\">\n\t\t\t\t\t<div class=\"wd-post-thumb entry-header\">\n\t\t\t\t\t\t\t\t\t<div class=\"wd-post-img post-img-wrapp\">\n\t\t\t\t\t\t<img decoding=\"async\" width=\"683\" height=\"1024\" src=\"https:\/\/mercazzurro.com\/wp-content\/uploads\/2025\/11\/provinces-683x1024.png\" class=\"attachment-large size-large\" alt=\"Provinzen von Sardinien. Luftaufnahme der Provinzen Sardiniens zwischen t\u00fcrkisfarbenem Meer, Bergen und authentischen D\u00f6rfern\" srcset=\"https:\/\/mercazzurro.com\/wp-content\/uploads\/2025\/11\/provinces-683x1024.png 683w, https:\/\/mercazzurro.com\/wp-content\/uploads\/2025\/11\/provinces-200x300.png 200w, https:\/\/mercazzurro.com\/wp-content\/uploads\/2025\/11\/provinces-768x1152.png 768w, https:\/\/mercazzurro.com\/wp-content\/uploads\/2025\/11\/provinces-150x225.png 150w, https:\/\/mercazzurro.com\/wp-content\/uploads\/2025\/11\/provinces.png 1024w\" sizes=\"(max-width: 683px) 100vw, 683px\" \/>\t\t\t\t\t<\/div>\n\t\t\t\t\t\t\t\t\t\t<a class=\"wd-fill\" tabindex=\"-1\" href=\"https:\/\/mercazzurro.com\/de\/provinzen-von-sardinien-entdecken-sie-die-kulturelle-natuerliche-und-gastronomische-vielfalt-der-insel\/\" aria-label=\"Link on post Provinzen von Sardinien: Entdecken Sie die kulturelle, nat\u00fcrliche und gastronomische Vielfalt der Insel.\"><\/a>\n\t\t\t\t\n\t\t\t\t\t\t\t<\/div>\n\t\t\n\t\t<div class=\"wd-post-content article-body-container\">\n\t\t\t\n\t\t\t\t\t\t\t<h3 class=\"wd-post-title wd-entities-title title post-title\">\n\t\t\t\t\t<a href=\"https:\/\/mercazzurro.com\/de\/provinzen-von-sardinien-entdecken-sie-die-kulturelle-natuerliche-und-gastronomische-vielfalt-der-insel\/\" rel=\"bookmark\">Provinzen von Sardinien: Entdecken Sie die kulturelle, nat\u00fcrliche und gastronomische Vielfalt der Insel.<\/a>\n\t\t\t\t<\/h3>\n\t\t\t\n\t\t\t\n\t\t\t\t\t\t\t\n\t\t\t\t\t\t\t\t\t\t\t\t\t\t<div class=\"wd-post-read-more wd-style-link read-more-section\">\n\t\t\t\t\t\t<a class=\"\" href=\"https:\/\/mercazzurro.com\/de\/provinzen-von-sardinien-entdecken-sie-die-kulturelle-natuerliche-und-gastronomische-vielfalt-der-insel\/\">Weiterlesen<\/a>\t\t\t\t\t<\/div>\n\t\t\t\t\t\t\t\t\t\t\t\t\t<\/div>\n\t<\/div>\n<\/article>\n\n\t\t\t\t\t\t\t\t\t\t\t\t\t\t\n<article id=\"post-8008\" class=\"wd-post blog-design-masonry blog-post-loop blog-style-bg wd-add-shadow wd-col post-8008 post type-post status-publish format-standard has-post-thumbnail hentry category-tourismus-aktivitaten category-tourismus-sardinien\">\n\t<div class=\"wd-post-inner article-inner\">\n\t\t\t\t\t<div class=\"wd-post-thumb entry-header\">\n\t\t\t\t\t\t\t\t\t<div class=\"wd-post-img post-img-wrapp\">\n\t\t\t\t\t\t<img decoding=\"async\" width=\"1024\" height=\"683\" src=\"https:\/\/mercazzurro.com\/wp-content\/uploads\/2025\/11\/image-1024x683.png\" class=\"attachment-large size-large\" alt=\"Cuisine sarde avec pecorino, culurgiones, miel et vin Cannonau sur table rustique\" srcset=\"https:\/\/mercazzurro.com\/wp-content\/uploads\/2025\/11\/image-1024x683.png 1024w, https:\/\/mercazzurro.com\/wp-content\/uploads\/2025\/11\/image-300x200.png 300w, https:\/\/mercazzurro.com\/wp-content\/uploads\/2025\/11\/image-768x512.png 768w, https:\/\/mercazzurro.com\/wp-content\/uploads\/2025\/11\/image-1200x800.png 1200w, https:\/\/mercazzurro.com\/wp-content\/uploads\/2025\/11\/image-150x100.png 150w, https:\/\/mercazzurro.com\/wp-content\/uploads\/2025\/11\/image.png 1536w\" sizes=\"(max-width: 1024px) 100vw, 1024px\" \/>\t\t\t\t\t<\/div>\n\t\t\t\t\t\t\t\t\t\t<a class=\"wd-fill\" tabindex=\"-1\" href=\"https:\/\/mercazzurro.com\/de\/sardische-kueche-traditionen-geschmaecker-und-authentische-produkte-aus-sardinien\/\" aria-label=\"Link on post Sardische K\u00fcche: Traditionen, Geschm\u00e4cker und authentische Produkte aus Sardinien\"><\/a>\n\t\t\t\t\n\t\t\t\t\t\t\t<\/div>\n\t\t\n\t\t<div class=\"wd-post-content article-body-container\">\n\t\t\t\n\t\t\t\t\t\t\t<h3 class=\"wd-post-title wd-entities-title title post-title\">\n\t\t\t\t\t<a href=\"https:\/\/mercazzurro.com\/de\/sardische-kueche-traditionen-geschmaecker-und-authentische-produkte-aus-sardinien\/\" rel=\"bookmark\">Sardische K\u00fcche: Traditionen, Geschm\u00e4cker und authentische Produkte aus Sardinien<\/a>\n\t\t\t\t<\/h3>\n\t\t\t\n\t\t\t\n\t\t\t\t\t\t\t\n\t\t\t\t\t\t\t\t\t\t\t\t\t\t<div class=\"wd-post-read-more wd-style-link read-more-section\">\n\t\t\t\t\t\t<a class=\"\" href=\"https:\/\/mercazzurro.com\/de\/sardische-kueche-traditionen-geschmaecker-und-authentische-produkte-aus-sardinien\/\">Weiterlesen<\/a>\t\t\t\t\t<\/div>\n\t\t\t\t\t\t\t\t\t\t\t\t\t<\/div>\n\t<\/div>\n<\/article>\n\n\t\t\t\t\t\t\t\t\t\t\t\t\t\t\n<article id=\"post-7993\" class=\"wd-post blog-design-masonry blog-post-loop blog-style-bg wd-add-shadow wd-col post-7993 post type-post status-publish format-standard has-post-thumbnail hentry category-tourismus-aktivitaten category-tourismus-sardinien\">\n\t<div class=\"wd-post-inner article-inner\">\n\t\t\t\t\t<div class=\"wd-post-thumb entry-header\">\n\t\t\t\t\t\t\t\t\t<div class=\"wd-post-img post-img-wrapp\">\n\t\t\t\t\t\t<img decoding=\"async\" width=\"1024\" height=\"683\" src=\"https:\/\/mercazzurro.com\/wp-content\/uploads\/2025\/11\/costa-smeralda-1024x683.png\" class=\"attachment-large size-large\" alt=\"Costa Smeralda Sardinien. Strand an der Costa Smeralda in Sardinien mit t\u00fcrkisfarbenem Meer, wei\u00dfem Sand und Granitfelsen.\" srcset=\"https:\/\/mercazzurro.com\/wp-content\/uploads\/2025\/11\/costa-smeralda-1024x683.png 1024w, https:\/\/mercazzurro.com\/wp-content\/uploads\/2025\/11\/costa-smeralda-300x200.png 300w, https:\/\/mercazzurro.com\/wp-content\/uploads\/2025\/11\/costa-smeralda-768x512.png 768w, https:\/\/mercazzurro.com\/wp-content\/uploads\/2025\/11\/costa-smeralda-1200x800.png 1200w, https:\/\/mercazzurro.com\/wp-content\/uploads\/2025\/11\/costa-smeralda-150x100.png 150w, https:\/\/mercazzurro.com\/wp-content\/uploads\/2025\/11\/costa-smeralda.png 1536w\" sizes=\"(max-width: 1024px) 100vw, 1024px\" \/>\t\t\t\t\t<\/div>\n\t\t\t\t\t\t\t\t\t\t<a class=\"wd-fill\" tabindex=\"-1\" href=\"https:\/\/mercazzurro.com\/de\/costa-smeralda-sardinien-entdecken-sie-die-schoensten-paradiesischen-straende-italiens\/\" aria-label=\"Link on post Costa Smeralda Sardinien: Entdecken Sie die sch\u00f6nsten paradiesischen Str\u00e4nde Italiens\"><\/a>\n\t\t\t\t\n\t\t\t\t\t\t\t<\/div>\n\t\t\n\t\t<div class=\"wd-post-content article-body-container\">\n\t\t\t\n\t\t\t\t\t\t\t<h3 class=\"wd-post-title wd-entities-title title post-title\">\n\t\t\t\t\t<a href=\"https:\/\/mercazzurro.com\/de\/costa-smeralda-sardinien-entdecken-sie-die-schoensten-paradiesischen-straende-italiens\/\" rel=\"bookmark\">Costa Smeralda Sardinien: Entdecken Sie die sch\u00f6nsten paradiesischen Str\u00e4nde Italiens<\/a>\n\t\t\t\t<\/h3>\n\t\t\t\n\t\t\t\n\t\t\t\t\t\t\t\n\t\t\t\t\t\t\t\t\t\t\t\t\t\t<div class=\"wd-post-read-more wd-style-link read-more-section\">\n\t\t\t\t\t\t<a class=\"\" href=\"https:\/\/mercazzurro.com\/de\/costa-smeralda-sardinien-entdecken-sie-die-schoensten-paradiesischen-straende-italiens\/\">Weiterlesen<\/a>\t\t\t\t\t<\/div>\n\t\t\t\t\t\t\t\t\t\t\t\t\t<\/div>\n\t<\/div>\n<\/article>\n\n\t\t\t\t\t\t\t\t\t\t\t\t\t\t\n<article id=\"post-7963\" class=\"wd-post blog-design-masonry blog-post-loop blog-style-bg wd-add-shadow wd-col post-7963 post type-post status-publish format-standard has-post-thumbnail hentry category-tourismus-aktivitaten category-tourismus-sardinien\">\n\t<div class=\"wd-post-inner article-inner\">\n\t\t\t\t\t<div class=\"wd-post-thumb entry-header\">\n\t\t\t\t\t\t\t\t\t<div class=\"wd-post-img post-img-wrapp\">\n\t\t\t\t\t\t<img decoding=\"async\" width=\"1024\" height=\"683\" src=\"https:\/\/mercazzurro.com\/wp-content\/uploads\/2025\/11\/zone-bleu-1024x683.png\" class=\"attachment-large size-large\" alt=\"Luftaufnahme der Region Ogliastra auf Sardinien, mit gr\u00fcnen H\u00fcgeln, hochgelegenen D\u00f6rfern und goldenem Licht, das die Blaue Zone der Langlebigkeit symbolisiert.\" srcset=\"https:\/\/mercazzurro.com\/wp-content\/uploads\/2025\/11\/zone-bleu-1024x683.png 1024w, https:\/\/mercazzurro.com\/wp-content\/uploads\/2025\/11\/zone-bleu-300x200.png 300w, https:\/\/mercazzurro.com\/wp-content\/uploads\/2025\/11\/zone-bleu-768x512.png 768w, https:\/\/mercazzurro.com\/wp-content\/uploads\/2025\/11\/zone-bleu-1200x800.png 1200w, https:\/\/mercazzurro.com\/wp-content\/uploads\/2025\/11\/zone-bleu-150x100.png 150w, https:\/\/mercazzurro.com\/wp-content\/uploads\/2025\/11\/zone-bleu.png 1536w\" sizes=\"(max-width: 1024px) 100vw, 1024px\" \/>\t\t\t\t\t<\/div>\n\t\t\t\t\t\t\t\t\t\t<a class=\"wd-fill\" tabindex=\"-1\" href=\"https:\/\/mercazzurro.com\/de\/sardiniens-blaue-zone-entdecken-sie-die-unglaublichen-geheimnisse-der-langlebigkeit-des-mittelmeers\/\" aria-label=\"Link on post Sardiniens Blaue Zone: Entdecken Sie die unglaublichen Geheimnisse der Langlebigkeit des Mittelmeers\"><\/a>\n\t\t\t\t\n\t\t\t\t\t\t\t<\/div>\n\t\t\n\t\t<div class=\"wd-post-content article-body-container\">\n\t\t\t\n\t\t\t\t\t\t\t<h3 class=\"wd-post-title wd-entities-title title post-title\">\n\t\t\t\t\t<a href=\"https:\/\/mercazzurro.com\/de\/sardiniens-blaue-zone-entdecken-sie-die-unglaublichen-geheimnisse-der-langlebigkeit-des-mittelmeers\/\" rel=\"bookmark\">Sardiniens Blaue Zone: Entdecken Sie die unglaublichen Geheimnisse der Langlebigkeit des Mittelmeers<\/a>\n\t\t\t\t<\/h3>\n\t\t\t\n\t\t\t\n\t\t\t\t\t\t\t\n\t\t\t\t\t\t\t\t\t\t\t\t\t\t<div class=\"wd-post-read-more wd-style-link read-more-section\">\n\t\t\t\t\t\t<a class=\"\" href=\"https:\/\/mercazzurro.com\/de\/sardiniens-blaue-zone-entdecken-sie-die-unglaublichen-geheimnisse-der-langlebigkeit-des-mittelmeers\/\">Weiterlesen<\/a>\t\t\t\t\t<\/div>\n\t\t\t\t\t\t\t\t\t\t\t\t\t<\/div>\n\t<\/div>\n<\/article>\n\n\t\t\t\t\t\t\t\t\t\t\t\t\t\t\n<article id=\"post-7941\" class=\"wd-post blog-design-masonry blog-post-loop blog-style-bg wd-add-shadow wd-col post-7941 post type-post status-publish format-standard has-post-thumbnail hentry category-tourismus-aktivitaten category-tourismus-sardinien\">\n\t<div class=\"wd-post-inner article-inner\">\n\t\t\t\t\t<div class=\"wd-post-thumb entry-header\">\n\t\t\t\t\t\t\t\t\t<div class=\"wd-post-img post-img-wrapp\">\n\t\t\t\t\t\t<img decoding=\"async\" width=\"1024\" height=\"683\" src=\"https:\/\/mercazzurro.com\/wp-content\/uploads\/2025\/11\/nuraghe--1024x683.png\" class=\"attachment-large size-large\" alt=\"Su Nuraxi de Barumini UNESCO. Vue du site nuragique de Su Nuraxi \u00e0 Barumini, Sardaigne, avec sa tour centrale en pierre et les huttes circulaires, patrimoine mondial UNESCO.\" srcset=\"https:\/\/mercazzurro.com\/wp-content\/uploads\/2025\/11\/nuraghe--1024x683.png 1024w, https:\/\/mercazzurro.com\/wp-content\/uploads\/2025\/11\/nuraghe--300x200.png 300w, https:\/\/mercazzurro.com\/wp-content\/uploads\/2025\/11\/nuraghe--768x512.png 768w, https:\/\/mercazzurro.com\/wp-content\/uploads\/2025\/11\/nuraghe--1200x800.png 1200w, https:\/\/mercazzurro.com\/wp-content\/uploads\/2025\/11\/nuraghe--150x100.png 150w, https:\/\/mercazzurro.com\/wp-content\/uploads\/2025\/11\/nuraghe-.png 1536w\" sizes=\"(max-width: 1024px) 100vw, 1024px\" \/>\t\t\t\t\t<\/div>\n\t\t\t\t\t\t\t\t\t\t<a class=\"wd-fill\" tabindex=\"-1\" href=\"https:\/\/mercazzurro.com\/de\/su-nuraxi-de-barumini-unesco-entdecken-sie-den-tausendjaehrigen-archaeologischen-schatz-von-sardinien\/\" aria-label=\"Link on post Su Nuraxi de Barumini UNESCO: Entdecken Sie den tausendj\u00e4hrigen arch\u00e4ologischen Schatz von Sardinien\"><\/a>\n\t\t\t\t\n\t\t\t\t\t\t\t<\/div>\n\t\t\n\t\t<div class=\"wd-post-content article-body-container\">\n\t\t\t\n\t\t\t\t\t\t\t<h3 class=\"wd-post-title wd-entities-title title post-title\">\n\t\t\t\t\t<a href=\"https:\/\/mercazzurro.com\/de\/su-nuraxi-de-barumini-unesco-entdecken-sie-den-tausendjaehrigen-archaeologischen-schatz-von-sardinien\/\" rel=\"bookmark\">Su Nuraxi de Barumini UNESCO: Entdecken Sie den tausendj\u00e4hrigen arch\u00e4ologischen Schatz von Sardinien<\/a>\n\t\t\t\t<\/h3>\n\t\t\t\n\t\t\t\n\t\t\t\t\t\t\t\n\t\t\t\t\t\t\t\t\t\t\t\t\t\t<div class=\"wd-post-read-more wd-style-link read-more-section\">\n\t\t\t\t\t\t<a class=\"\" href=\"https:\/\/mercazzurro.com\/de\/su-nuraxi-de-barumini-unesco-entdecken-sie-den-tausendjaehrigen-archaeologischen-schatz-von-sardinien\/\">Weiterlesen<\/a>\t\t\t\t\t<\/div>\n\t\t\t\t\t\t\t\t\t\t\t\t\t<\/div>\n\t<\/div>\n<\/article>\n\n\t\t\t\t\t\t\t\t\t\t\t\t\t\t\n<article id=\"post-7921\" class=\"wd-post blog-design-masonry blog-post-loop blog-style-bg wd-add-shadow wd-col post-7921 post type-post status-publish format-standard has-post-thumbnail hentry category-tourismus-aktivitaten category-tourismus-sardinien\">\n\t<div class=\"wd-post-inner article-inner\">\n\t\t\t\t\t<div class=\"wd-post-thumb entry-header\">\n\t\t\t\t\t\t\t\t\t<div class=\"wd-post-img post-img-wrapp\">\n\t\t\t\t\t\t<img decoding=\"async\" width=\"1024\" height=\"683\" src=\"https:\/\/mercazzurro.com\/wp-content\/uploads\/2025\/11\/950EA92D-8876-4DF6-8AC5-B697ECFCD81A-1024x683.png\" class=\"attachment-large size-large\" alt=\"Sardinien UNESCO-Erbe\" srcset=\"https:\/\/mercazzurro.com\/wp-content\/uploads\/2025\/11\/950EA92D-8876-4DF6-8AC5-B697ECFCD81A-1024x683.png 1024w, https:\/\/mercazzurro.com\/wp-content\/uploads\/2025\/11\/950EA92D-8876-4DF6-8AC5-B697ECFCD81A-300x200.png 300w, https:\/\/mercazzurro.com\/wp-content\/uploads\/2025\/11\/950EA92D-8876-4DF6-8AC5-B697ECFCD81A-768x512.png 768w, https:\/\/mercazzurro.com\/wp-content\/uploads\/2025\/11\/950EA92D-8876-4DF6-8AC5-B697ECFCD81A-1200x800.png 1200w, https:\/\/mercazzurro.com\/wp-content\/uploads\/2025\/11\/950EA92D-8876-4DF6-8AC5-B697ECFCD81A-150x100.png 150w, https:\/\/mercazzurro.com\/wp-content\/uploads\/2025\/11\/950EA92D-8876-4DF6-8AC5-B697ECFCD81A.png 1536w\" sizes=\"(max-width: 1024px) 100vw, 1024px\" \/>\t\t\t\t\t<\/div>\n\t\t\t\t\t\t\t\t\t\t<a class=\"wd-fill\" tabindex=\"-1\" href=\"https:\/\/mercazzurro.com\/de\/sardinien-unesco-weltkulturerbe-eine-authentische-insel-zwischen-traditionen-und-gastronomie\/\" aria-label=\"Link on post Sardinien UNESCO-Weltkulturerbe: eine authentische Insel zwischen Traditionen und Gastronomie\"><\/a>\n\t\t\t\t\n\t\t\t\t\t\t\t<\/div>\n\t\t\n\t\t<div class=\"wd-post-content article-body-container\">\n\t\t\t\n\t\t\t\t\t\t\t<h3 class=\"wd-post-title wd-entities-title title post-title\">\n\t\t\t\t\t<a href=\"https:\/\/mercazzurro.com\/de\/sardinien-unesco-weltkulturerbe-eine-authentische-insel-zwischen-traditionen-und-gastronomie\/\" rel=\"bookmark\">Sardinien UNESCO-Weltkulturerbe: eine authentische Insel zwischen Traditionen und Gastronomie<\/a>\n\t\t\t\t<\/h3>\n\t\t\t\n\t\t\t\n\t\t\t\t\t\t\t\n\t\t\t\t\t\t\t\t\t\t\t\t\t\t<div class=\"wd-post-read-more wd-style-link read-more-section\">\n\t\t\t\t\t\t<a class=\"\" href=\"https:\/\/mercazzurro.com\/de\/sardinien-unesco-weltkulturerbe-eine-authentische-insel-zwischen-traditionen-und-gastronomie\/\">Weiterlesen<\/a>\t\t\t\t\t<\/div>\n\t\t\t\t\t\t\t\t\t\t\t\t\t<\/div>\n\t<\/div>\n<\/article>\n\n\t\t\t\t\n\t\t\t\t\t\t\t\t<\/div>\n\t\t\t\n\t\t\t\t\t\t\t\t\t\t<\/div>\n\t\t\t\t\t\t\t\t\t\t<\/div>\n\t\t\t\t<\/div>\n\t\t\t\t\t<\/div>\n\t\t\t\t<\/div>\n\t\t\t\t<\/div>\n\t\t","protected":false},"excerpt":{"rendered":"<p>Prawns and Banana Curry Continue reading Vegan Jaffa Cakes Continue reading Vegan Ube Mochi Waffles Continue reading Papaya Smoothie Bowl<\/p>\n","protected":false},"author":1,"featured_media":0,"parent":5413,"menu_order":0,"comment_status":"closed","ping_status":"closed","template":"","meta":{"footnotes":""},"class_list":["post-5465","page","type-page","status-publish","hentry"],"_hostinger_reach_plugin_has_subscription_block":false,"_hostinger_reach_plugin_is_elementor":false,"_links":{"self":[{"href":"https:\/\/mercazzurro.com\/de\/wp-json\/wp\/v2\/pages\/5465","targetHints":{"allow":["GET"]}}],"collection":[{"href":"https:\/\/mercazzurro.com\/de\/wp-json\/wp\/v2\/pages"}],"about":[{"href":"https:\/\/mercazzurro.com\/de\/wp-json\/wp\/v2\/types\/page"}],"author":[{"embeddable":true,"href":"https:\/\/mercazzurro.com\/de\/wp-json\/wp\/v2\/users\/1"}],"replies":[{"embeddable":true,"href":"https:\/\/mercazzurro.com\/de\/wp-json\/wp\/v2\/comments?post=5465"}],"version-history":[{"count":1,"href":"https:\/\/mercazzurro.com\/de\/wp-json\/wp\/v2\/pages\/5465\/revisions"}],"predecessor-version":[{"id":5466,"href":"https:\/\/mercazzurro.com\/de\/wp-json\/wp\/v2\/pages\/5465\/revisions\/5466"}],"up":[{"embeddable":true,"href":"https:\/\/mercazzurro.com\/de\/wp-json\/wp\/v2\/pages\/5413"}],"wp:attachment":[{"href":"https:\/\/mercazzurro.com\/de\/wp-json\/wp\/v2\/media?parent=5465"}],"curies":[{"name":"wp","href":"https:\/\/api.w.org\/{rel}","templated":true}]}}