{"id":5428,"date":"2025-09-24T09:34:02","date_gmt":"2025-09-24T09:34:02","guid":{"rendered":"https:\/\/mercazzurro.com\/region-basilikata\/tourismus-und-aktivitaeten\/"},"modified":"2025-10-13T12:59:23","modified_gmt":"2025-10-13T12:59:23","slug":"tourismus-und-aktivitaeten","status":"publish","type":"page","link":"https:\/\/mercazzurro.com\/de\/entdecke-die-regionen\/region-basilikata\/tourismus-und-aktivitaeten\/","title":{"rendered":"Tourismus und Aktivit\u00e4ten"},"content":{"rendered":"\t\t<div data-elementor-type=\"wp-page\" data-elementor-id=\"5428\" class=\"elementor elementor-5428 elementor-2029\" data-elementor-post-type=\"page\">\n\t\t\t\t<div class=\"wd-negative-gap elementor-element elementor-element-26d3710 e-flex e-con-boxed e-con e-parent\" data-id=\"26d3710\" data-element_type=\"container\" data-e-type=\"container\">\n\t\t\t\t\t<div class=\"e-con-inner\">\n\t\t\t\t<div class=\"elementor-element elementor-element-d5c7044 wd-width-100 elementor-widget elementor-widget-wd_blog\" data-id=\"d5c7044\" data-element_type=\"widget\" data-e-type=\"widget\" data-widget_type=\"wd_blog.default\">\n\t\t\t\t<div class=\"elementor-widget-container\">\n\t\t\t\t\t\t\t\t\t\t\t\t<div class=\"wd-blog-element \">\n\t\t\t\t\t\t\t\t\t\t\t\n\t\t\t\t\t<div class=\"wd-posts wd-blog-holder wd-grid-g\" id=\"6a09329ff356e\" data-paged=\"1\" data-atts=\"{&quot;post_type&quot;:&quot;post&quot;,&quot;items_per_page&quot;:12,&quot;include&quot;:null,&quot;taxonomies&quot;:[&quot;191&quot;],&quot;offset&quot;:&quot;&quot;,&quot;orderby&quot;:&quot;&quot;,&quot;order&quot;:&quot;DESC&quot;,&quot;meta_key&quot;:null,&quot;exclude&quot;:&quot;&quot;,&quot;element_title&quot;:&quot;&quot;,&quot;element_title_tag&quot;:&quot;h4&quot;,&quot;parts_media&quot;:true,&quot;parts_title&quot;:&quot;1&quot;,&quot;parts_meta&quot;:&quot;&quot;,&quot;parts_text&quot;:&quot;&quot;,&quot;parts_btn&quot;:&quot;1&quot;,&quot;parts_published_date&quot;:&quot;&quot;,&quot;img_size&quot;:&quot;large&quot;,&quot;blog_design&quot;:&quot;masonry&quot;,&quot;blog_carousel_design&quot;:null,&quot;blog_masonry&quot;:&quot;&quot;,&quot;blog_columns&quot;:{&quot;unit&quot;:&quot;px&quot;,&quot;size&quot;:3,&quot;sizes&quot;:[]},&quot;blog_columns_tablet&quot;:{&quot;unit&quot;:&quot;px&quot;,&quot;size&quot;:&quot;&quot;,&quot;sizes&quot;:[]},&quot;blog_columns_mobile&quot;:{&quot;unit&quot;:&quot;px&quot;,&quot;size&quot;:&quot;&quot;,&quot;sizes&quot;:[]},&quot;blog_spacing&quot;:&quot;&quot;,&quot;blog_spacing_tablet&quot;:&quot;&quot;,&quot;blog_spacing_mobile&quot;:&quot;&quot;,&quot;pagination&quot;:&quot;&quot;,&quot;speed&quot;:null,&quot;slides_per_view&quot;:null,&quot;slides_per_view_tablet&quot;:{&quot;unit&quot;:&quot;px&quot;,&quot;size&quot;:&quot;&quot;,&quot;sizes&quot;:[]},&quot;slides_per_view_mobile&quot;:{&quot;unit&quot;:&quot;px&quot;,&quot;size&quot;:&quot;&quot;,&quot;sizes&quot;:[]},&quot;wrap&quot;:null,&quot;autoplay&quot;:null,&quot;hide_pagination_control&quot;:null,&quot;hide_prev_next_buttons&quot;:null,&quot;scroll_per_page&quot;:null,&quot;lazy_loading&quot;:&quot;no&quot;,&quot;scroll_carousel_init&quot;:null,&quot;ajax_page&quot;:&quot;&quot;,&quot;custom_sizes&quot;:false,&quot;elementor&quot;:true}\" data-source=\"shortcode\" style=\"--wd-col-lg:3;--wd-col-md:3;--wd-col-sm:1;--wd-gap-lg:30px;--wd-gap-md:20px;\">\n\t\t\t\n\t\t\t\t\t\t\t\t\t\t\t\t\t\t\n<article id=\"post-7900\" class=\"wd-post blog-design-masonry blog-post-loop blog-style-bg wd-add-shadow wd-col post-7900 post type-post status-publish format-standard has-post-thumbnail hentry category-tourismus-aktivitaten category-tourismus-in-der-basilikata\">\n\t<div class=\"wd-post-inner article-inner\">\n\t\t\t\t\t<div class=\"wd-post-thumb entry-header\">\n\t\t\t\t\t\t\t\t\t<div class=\"wd-post-img post-img-wrapp\">\n\t\t\t\t\t\t<img decoding=\"async\" width=\"1024\" height=\"683\" src=\"https:\/\/mercazzurro.com\/wp-content\/uploads\/2025\/11\/plage-basilicate--1024x683.png\" class=\"attachment-large size-large\" alt=\"Blick auf den Hafen von Maratea in Basilicata, Italien, mit seinem kristallklaren t\u00fcrkisfarbenen Wasser, den gr\u00fcnen H\u00fcgeln und den bunten H\u00e4usern, die typisch f\u00fcr die tyrrhenische K\u00fcste sind.\" srcset=\"https:\/\/mercazzurro.com\/wp-content\/uploads\/2025\/11\/plage-basilicate--1024x683.png 1024w, https:\/\/mercazzurro.com\/wp-content\/uploads\/2025\/11\/plage-basilicate--300x200.png 300w, https:\/\/mercazzurro.com\/wp-content\/uploads\/2025\/11\/plage-basilicate--768x512.png 768w, https:\/\/mercazzurro.com\/wp-content\/uploads\/2025\/11\/plage-basilicate--1200x800.png 1200w, https:\/\/mercazzurro.com\/wp-content\/uploads\/2025\/11\/plage-basilicate--150x100.png 150w, https:\/\/mercazzurro.com\/wp-content\/uploads\/2025\/11\/plage-basilicate-.png 1536w\" sizes=\"(max-width: 1024px) 100vw, 1024px\" \/>\t\t\t\t\t<\/div>\n\t\t\t\t\t\t\t\t\t\t<a class=\"wd-fill\" tabindex=\"-1\" href=\"https:\/\/mercazzurro.com\/de\/die-schoensten-straende-der-basilicata-verborgene-schaetze-zwischen-dem-ionischen-meer-und-der-tyrrhenischen-kueste\/\" aria-label=\"Link on post Die sch\u00f6nsten Str\u00e4nde der Basilicata &#8211; Verborgene Sch\u00e4tze zwischen dem Ionischen Meer und der tyrrhenischen K\u00fcste\"><\/a>\n\t\t\t\t\n\t\t\t\t\t\t\t<\/div>\n\t\t\n\t\t<div class=\"wd-post-content article-body-container\">\n\t\t\t\n\t\t\t\t\t\t\t<h3 class=\"wd-post-title wd-entities-title title post-title\">\n\t\t\t\t\t<a href=\"https:\/\/mercazzurro.com\/de\/die-schoensten-straende-der-basilicata-verborgene-schaetze-zwischen-dem-ionischen-meer-und-der-tyrrhenischen-kueste\/\" rel=\"bookmark\">Die sch\u00f6nsten Str\u00e4nde der Basilicata &#8211; Verborgene Sch\u00e4tze zwischen dem Ionischen Meer und der tyrrhenischen K\u00fcste<\/a>\n\t\t\t\t<\/h3>\n\t\t\t\n\t\t\t\n\t\t\t\t\t\t\t\n\t\t\t\t\t\t\t\t\t\t\t\t\t\t<div class=\"wd-post-read-more wd-style-link read-more-section\">\n\t\t\t\t\t\t<a class=\"\" href=\"https:\/\/mercazzurro.com\/de\/die-schoensten-straende-der-basilicata-verborgene-schaetze-zwischen-dem-ionischen-meer-und-der-tyrrhenischen-kueste\/\">Weiterlesen<\/a>\t\t\t\t\t<\/div>\n\t\t\t\t\t\t\t\t\t\t\t\t\t<\/div>\n\t<\/div>\n<\/article>\n\n\t\t\t\t\t\t\t\t\t\t\t\t\t\t\n<article id=\"post-7837\" class=\"wd-post blog-design-masonry blog-post-loop blog-style-bg wd-add-shadow wd-col post-7837 post type-post status-publish format-standard has-post-thumbnail hentry category-tourismus-aktivitaten category-tourismus-in-der-basilikata\">\n\t<div class=\"wd-post-inner article-inner\">\n\t\t\t\t\t<div class=\"wd-post-thumb entry-header\">\n\t\t\t\t\t\t\t\t\t<div class=\"wd-post-img post-img-wrapp\">\n\t\t\t\t\t\t<img decoding=\"async\" width=\"1024\" height=\"683\" src=\"https:\/\/mercazzurro.com\/wp-content\/uploads\/2025\/11\/photo-basilicate-1024x683.png\" class=\"attachment-large size-large\" alt=\"Panorama von Matera in der Basilicata bei Sonnenuntergang, mit den H\u00f6hlenh\u00e4usern und dem Glockenturm, der die Stadt in einem kinematischen goldenen Licht \u00fcberragt.\" srcset=\"https:\/\/mercazzurro.com\/wp-content\/uploads\/2025\/11\/photo-basilicate-1024x683.png 1024w, https:\/\/mercazzurro.com\/wp-content\/uploads\/2025\/11\/photo-basilicate-300x200.png 300w, https:\/\/mercazzurro.com\/wp-content\/uploads\/2025\/11\/photo-basilicate-768x512.png 768w, https:\/\/mercazzurro.com\/wp-content\/uploads\/2025\/11\/photo-basilicate-1200x800.png 1200w, https:\/\/mercazzurro.com\/wp-content\/uploads\/2025\/11\/photo-basilicate-150x100.png 150w, https:\/\/mercazzurro.com\/wp-content\/uploads\/2025\/11\/photo-basilicate.png 1536w\" sizes=\"(max-width: 1024px) 100vw, 1024px\" \/>\t\t\t\t\t<\/div>\n\t\t\t\t\t\t\t\t\t\t<a class=\"wd-fill\" tabindex=\"-1\" href=\"https:\/\/mercazzurro.com\/de\/die-provinzen-der-basilicata-reise-zwischen-matera-und-potenza-juwelen-sueditaliens\/\" aria-label=\"Link on post Die Provinzen der Basilicata: Reise zwischen Matera und Potenza, Juwelen S\u00fcditaliens\"><\/a>\n\t\t\t\t\n\t\t\t\t\t\t\t<\/div>\n\t\t\n\t\t<div class=\"wd-post-content article-body-container\">\n\t\t\t\n\t\t\t\t\t\t\t<h3 class=\"wd-post-title wd-entities-title title post-title\">\n\t\t\t\t\t<a href=\"https:\/\/mercazzurro.com\/de\/die-provinzen-der-basilicata-reise-zwischen-matera-und-potenza-juwelen-sueditaliens\/\" rel=\"bookmark\">Die Provinzen der Basilicata: Reise zwischen Matera und Potenza, Juwelen S\u00fcditaliens<\/a>\n\t\t\t\t<\/h3>\n\t\t\t\n\t\t\t\n\t\t\t\t\t\t\t\n\t\t\t\t\t\t\t\t\t\t\t\t\t\t<div class=\"wd-post-read-more wd-style-link read-more-section\">\n\t\t\t\t\t\t<a class=\"\" href=\"https:\/\/mercazzurro.com\/de\/die-provinzen-der-basilicata-reise-zwischen-matera-und-potenza-juwelen-sueditaliens\/\">Weiterlesen<\/a>\t\t\t\t\t<\/div>\n\t\t\t\t\t\t\t\t\t\t\t\t\t<\/div>\n\t<\/div>\n<\/article>\n\n\t\t\t\t\t\t\t\t\t\t\t\t\t\t\n<article id=\"post-7807\" class=\"wd-post blog-design-masonry blog-post-loop blog-style-bg wd-add-shadow wd-col post-7807 post type-post status-publish format-standard has-post-thumbnail hentry category-tourismus-aktivitaten category-tourismus-in-der-basilikata\">\n\t<div class=\"wd-post-inner article-inner\">\n\t\t\t\t\t<div class=\"wd-post-thumb entry-header\">\n\t\t\t\t\t\t\t\t\t<div class=\"wd-post-img post-img-wrapp\">\n\t\t\t\t\t\t<img decoding=\"async\" width=\"1024\" height=\"683\" src=\"https:\/\/mercazzurro.com\/wp-content\/uploads\/2025\/11\/potenza--1024x683.png\" class=\"attachment-large size-large\" alt=\"Panoramablick auf Castelmezzano in der Provinz Potenza, Basilicata, mit einem farbenfrohen, hochgelegenen Dorf, umgeben von den Bergen der Lucane Dolomiti und rosafarbenen Blumen im Vordergrund.\" srcset=\"https:\/\/mercazzurro.com\/wp-content\/uploads\/2025\/11\/potenza--1024x683.png 1024w, https:\/\/mercazzurro.com\/wp-content\/uploads\/2025\/11\/potenza--300x200.png 300w, https:\/\/mercazzurro.com\/wp-content\/uploads\/2025\/11\/potenza--768x512.png 768w, https:\/\/mercazzurro.com\/wp-content\/uploads\/2025\/11\/potenza--1200x800.png 1200w, https:\/\/mercazzurro.com\/wp-content\/uploads\/2025\/11\/potenza--150x100.png 150w, https:\/\/mercazzurro.com\/wp-content\/uploads\/2025\/11\/potenza-.png 1536w\" sizes=\"(max-width: 1024px) 100vw, 1024px\" \/>\t\t\t\t\t<\/div>\n\t\t\t\t\t\t\t\t\t\t<a class=\"wd-fill\" tabindex=\"-1\" href=\"https:\/\/mercazzurro.com\/de\/provinzen-der-basilicata-authentische-reise-zwischen-matera-und-potenza\/\" aria-label=\"Link on post Provinzen der Basilicata: Authentische Reise zwischen Matera und Potenza\"><\/a>\n\t\t\t\t\n\t\t\t\t\t\t\t<\/div>\n\t\t\n\t\t<div class=\"wd-post-content article-body-container\">\n\t\t\t\n\t\t\t\t\t\t\t<h3 class=\"wd-post-title wd-entities-title title post-title\">\n\t\t\t\t\t<a href=\"https:\/\/mercazzurro.com\/de\/provinzen-der-basilicata-authentische-reise-zwischen-matera-und-potenza\/\" rel=\"bookmark\">Provinzen der Basilicata: Authentische Reise zwischen Matera und Potenza<\/a>\n\t\t\t\t<\/h3>\n\t\t\t\n\t\t\t\n\t\t\t\t\t\t\t\n\t\t\t\t\t\t\t\t\t\t\t\t\t\t<div class=\"wd-post-read-more wd-style-link read-more-section\">\n\t\t\t\t\t\t<a class=\"\" href=\"https:\/\/mercazzurro.com\/de\/provinzen-der-basilicata-authentische-reise-zwischen-matera-und-potenza\/\">Weiterlesen<\/a>\t\t\t\t\t<\/div>\n\t\t\t\t\t\t\t\t\t\t\t\t\t<\/div>\n\t<\/div>\n<\/article>\n\n\t\t\t\t\t\t\t\t\t\t\t\t\t\t\n<article id=\"post-7799\" class=\"wd-post blog-design-masonry blog-post-loop blog-style-bg wd-add-shadow wd-col post-7799 post type-post status-publish format-standard has-post-thumbnail hentry category-tourismus-aktivitaten category-tourismus-in-der-basilikata\">\n\t<div class=\"wd-post-inner article-inner\">\n\t\t\t\t\t<div class=\"wd-post-thumb entry-header\">\n\t\t\t\t\t\t\t\t\t<div class=\"wd-post-img post-img-wrapp\">\n\t\t\t\t\t\t<img decoding=\"async\" width=\"1024\" height=\"683\" src=\"https:\/\/mercazzurro.com\/wp-content\/uploads\/2025\/11\/pollino-1024x683.png\" class=\"attachment-large size-large\" alt=\"Buchenwald des Pollino in der Basilikata, Italien, UNESCO-gelistet, mit \u00fcppigem Gr\u00fcn und goldenen Herbstbl\u00e4ttern in einer friedlichen Atmosph\u00e4re.\" srcset=\"https:\/\/mercazzurro.com\/wp-content\/uploads\/2025\/11\/pollino-1024x683.png 1024w, https:\/\/mercazzurro.com\/wp-content\/uploads\/2025\/11\/pollino-300x200.png 300w, https:\/\/mercazzurro.com\/wp-content\/uploads\/2025\/11\/pollino-768x512.png 768w, https:\/\/mercazzurro.com\/wp-content\/uploads\/2025\/11\/pollino-1200x800.png 1200w, https:\/\/mercazzurro.com\/wp-content\/uploads\/2025\/11\/pollino-150x100.png 150w, https:\/\/mercazzurro.com\/wp-content\/uploads\/2025\/11\/pollino.png 1536w\" sizes=\"(max-width: 1024px) 100vw, 1024px\" \/>\t\t\t\t\t<\/div>\n\t\t\t\t\t\t\t\t\t\t<a class=\"wd-fill\" tabindex=\"-1\" href=\"https:\/\/mercazzurro.com\/de\/buchenwaelder-des-pollino-ein-natuerliches-unesco-juwel-in-der-basilikata\/\" aria-label=\"Link on post Buchenw\u00e4lder des Pollino: ein nat\u00fcrliches UNESCO-Juwel in der Basilikata\"><\/a>\n\t\t\t\t\n\t\t\t\t\t\t\t<\/div>\n\t\t\n\t\t<div class=\"wd-post-content article-body-container\">\n\t\t\t\n\t\t\t\t\t\t\t<h3 class=\"wd-post-title wd-entities-title title post-title\">\n\t\t\t\t\t<a href=\"https:\/\/mercazzurro.com\/de\/buchenwaelder-des-pollino-ein-natuerliches-unesco-juwel-in-der-basilikata\/\" rel=\"bookmark\">Buchenw\u00e4lder des Pollino: ein nat\u00fcrliches UNESCO-Juwel in der Basilikata<\/a>\n\t\t\t\t<\/h3>\n\t\t\t\n\t\t\t\n\t\t\t\t\t\t\t\n\t\t\t\t\t\t\t\t\t\t\t\t\t\t<div class=\"wd-post-read-more wd-style-link read-more-section\">\n\t\t\t\t\t\t<a class=\"\" href=\"https:\/\/mercazzurro.com\/de\/buchenwaelder-des-pollino-ein-natuerliches-unesco-juwel-in-der-basilikata\/\">Weiterlesen<\/a>\t\t\t\t\t<\/div>\n\t\t\t\t\t\t\t\t\t\t\t\t\t<\/div>\n\t<\/div>\n<\/article>\n\n\t\t\t\t\t\t\t\t\t\t\t\t\t\t\n<article id=\"post-7786\" class=\"wd-post blog-design-masonry blog-post-loop blog-style-bg wd-add-shadow wd-col post-7786 post type-post status-publish format-standard has-post-thumbnail hentry category-tourismus-aktivitaten category-tourismus-in-der-basilikata\">\n\t<div class=\"wd-post-inner article-inner\">\n\t\t\t\t\t<div class=\"wd-post-thumb entry-header\">\n\t\t\t\t\t\t\t\t\t<div class=\"wd-post-img post-img-wrapp\">\n\t\t\t\t\t\t<img decoding=\"async\" width=\"1024\" height=\"683\" src=\"https:\/\/mercazzurro.com\/wp-content\/uploads\/2025\/11\/maetia-1024x683.png\" class=\"attachment-large size-large\" alt=\"Panoramablick auf die Sassi-Stadt Matera in der Basilikata, mit ihren Felsenwohnungen, die vom goldenen Licht des Sonnenuntergangs beleuchtet werden.\" srcset=\"https:\/\/mercazzurro.com\/wp-content\/uploads\/2025\/11\/maetia-1024x683.png 1024w, https:\/\/mercazzurro.com\/wp-content\/uploads\/2025\/11\/maetia-300x200.png 300w, https:\/\/mercazzurro.com\/wp-content\/uploads\/2025\/11\/maetia-768x512.png 768w, https:\/\/mercazzurro.com\/wp-content\/uploads\/2025\/11\/maetia-1200x800.png 1200w, https:\/\/mercazzurro.com\/wp-content\/uploads\/2025\/11\/maetia-150x100.png 150w, https:\/\/mercazzurro.com\/wp-content\/uploads\/2025\/11\/maetia.png 1536w\" sizes=\"(max-width: 1024px) 100vw, 1024px\" \/>\t\t\t\t\t<\/div>\n\t\t\t\t\t\t\t\t\t\t<a class=\"wd-fill\" tabindex=\"-1\" href=\"https:\/\/mercazzurro.com\/de\/die-sassi-stadt-von-matera-ein-faszinierender-hoehlenschatz-von-der-unesco-ausgezeichnet\/\" aria-label=\"Link on post Die Sassi-Stadt von Matera: ein faszinierender H\u00f6hlenschatz, von der UNESCO ausgezeichnet\"><\/a>\n\t\t\t\t\n\t\t\t\t\t\t\t<\/div>\n\t\t\n\t\t<div class=\"wd-post-content article-body-container\">\n\t\t\t\n\t\t\t\t\t\t\t<h3 class=\"wd-post-title wd-entities-title title post-title\">\n\t\t\t\t\t<a href=\"https:\/\/mercazzurro.com\/de\/die-sassi-stadt-von-matera-ein-faszinierender-hoehlenschatz-von-der-unesco-ausgezeichnet\/\" rel=\"bookmark\">Die Sassi-Stadt von Matera: ein faszinierender H\u00f6hlenschatz, von der UNESCO ausgezeichnet<\/a>\n\t\t\t\t<\/h3>\n\t\t\t\n\t\t\t\n\t\t\t\t\t\t\t\n\t\t\t\t\t\t\t\t\t\t\t\t\t\t<div class=\"wd-post-read-more wd-style-link read-more-section\">\n\t\t\t\t\t\t<a class=\"\" href=\"https:\/\/mercazzurro.com\/de\/die-sassi-stadt-von-matera-ein-faszinierender-hoehlenschatz-von-der-unesco-ausgezeichnet\/\">Weiterlesen<\/a>\t\t\t\t\t<\/div>\n\t\t\t\t\t\t\t\t\t\t\t\t\t<\/div>\n\t<\/div>\n<\/article>\n\n\t\t\t\t\t\t\t\t\t\t\t\t\t\t\n<article id=\"post-7771\" class=\"wd-post blog-design-masonry blog-post-loop blog-style-bg wd-add-shadow wd-col post-7771 post type-post status-publish format-standard has-post-thumbnail hentry category-tourismus-aktivitaten category-tourismus-in-der-basilikata\">\n\t<div class=\"wd-post-inner article-inner\">\n\t\t\t\t\t<div class=\"wd-post-thumb entry-header\">\n\t\t\t\t\t\t\t\t\t<div class=\"wd-post-img post-img-wrapp\">\n\t\t\t\t\t\t<img decoding=\"async\" width=\"1024\" height=\"683\" src=\"https:\/\/mercazzurro.com\/wp-content\/uploads\/2025\/11\/ville--1024x683.png\" class=\"attachment-large size-large\" alt=\"Panoramablick auf Matera in der Basilikata bei Sonnenuntergang, mit seinen beleuchteten H\u00f6hlenwohnungen und den umliegenden H\u00fcgeln.\" srcset=\"https:\/\/mercazzurro.com\/wp-content\/uploads\/2025\/11\/ville--1024x683.png 1024w, https:\/\/mercazzurro.com\/wp-content\/uploads\/2025\/11\/ville--300x200.png 300w, https:\/\/mercazzurro.com\/wp-content\/uploads\/2025\/11\/ville--768x512.png 768w, https:\/\/mercazzurro.com\/wp-content\/uploads\/2025\/11\/ville--1200x800.png 1200w, https:\/\/mercazzurro.com\/wp-content\/uploads\/2025\/11\/ville--150x100.png 150w, https:\/\/mercazzurro.com\/wp-content\/uploads\/2025\/11\/ville-.png 1536w\" sizes=\"(max-width: 1024px) 100vw, 1024px\" \/>\t\t\t\t\t<\/div>\n\t\t\t\t\t\t\t\t\t\t<a class=\"wd-fill\" tabindex=\"-1\" href=\"https:\/\/mercazzurro.com\/de\/das-authentische-basilikata-zwischen-wilden-bergen-hoehlendoerfern-und-den-geschmaeckern-italiens\/\" aria-label=\"Link on post Das authentische Basilikata: zwischen wilden Bergen, H\u00f6hlend\u00f6rfern und den Geschm\u00e4ckern Italiens\"><\/a>\n\t\t\t\t\n\t\t\t\t\t\t\t<\/div>\n\t\t\n\t\t<div class=\"wd-post-content article-body-container\">\n\t\t\t\n\t\t\t\t\t\t\t<h3 class=\"wd-post-title wd-entities-title title post-title\">\n\t\t\t\t\t<a href=\"https:\/\/mercazzurro.com\/de\/das-authentische-basilikata-zwischen-wilden-bergen-hoehlendoerfern-und-den-geschmaeckern-italiens\/\" rel=\"bookmark\">Das authentische Basilikata: zwischen wilden Bergen, H\u00f6hlend\u00f6rfern und den Geschm\u00e4ckern Italiens<\/a>\n\t\t\t\t<\/h3>\n\t\t\t\n\t\t\t\n\t\t\t\t\t\t\t\n\t\t\t\t\t\t\t\t\t\t\t\t\t\t<div class=\"wd-post-read-more wd-style-link read-more-section\">\n\t\t\t\t\t\t<a class=\"\" href=\"https:\/\/mercazzurro.com\/de\/das-authentische-basilikata-zwischen-wilden-bergen-hoehlendoerfern-und-den-geschmaeckern-italiens\/\">Weiterlesen<\/a>\t\t\t\t\t<\/div>\n\t\t\t\t\t\t\t\t\t\t\t\t\t<\/div>\n\t<\/div>\n<\/article>\n\n\t\t\t\t\n\t\t\t\t\t\t\t\t<\/div>\n\t\t\t\n\t\t\t\t\t\t\t\t\t\t<\/div>\n\t\t\t\t\t\t\t\t\t\t<\/div>\n\t\t\t\t<\/div>\n\t\t\t\t\t<\/div>\n\t\t\t\t<\/div>\n\t\t\t\t<\/div>\n\t\t","protected":false},"excerpt":{"rendered":"<p>Prawns and Banana Curry Continue reading Vegan Jaffa Cakes Continue reading Vegan Ube Mochi Waffles Continue reading Papaya Smoothie Bowl<\/p>\n","protected":false},"author":1,"featured_media":0,"parent":5389,"menu_order":0,"comment_status":"closed","ping_status":"closed","template":"","meta":{"footnotes":""},"class_list":["post-5428","page","type-page","status-publish","hentry"],"_hostinger_reach_plugin_has_subscription_block":false,"_hostinger_reach_plugin_is_elementor":false,"_links":{"self":[{"href":"https:\/\/mercazzurro.com\/de\/wp-json\/wp\/v2\/pages\/5428","targetHints":{"allow":["GET"]}}],"collection":[{"href":"https:\/\/mercazzurro.com\/de\/wp-json\/wp\/v2\/pages"}],"about":[{"href":"https:\/\/mercazzurro.com\/de\/wp-json\/wp\/v2\/types\/page"}],"author":[{"embeddable":true,"href":"https:\/\/mercazzurro.com\/de\/wp-json\/wp\/v2\/users\/1"}],"replies":[{"embeddable":true,"href":"https:\/\/mercazzurro.com\/de\/wp-json\/wp\/v2\/comments?post=5428"}],"version-history":[{"count":1,"href":"https:\/\/mercazzurro.com\/de\/wp-json\/wp\/v2\/pages\/5428\/revisions"}],"predecessor-version":[{"id":5429,"href":"https:\/\/mercazzurro.com\/de\/wp-json\/wp\/v2\/pages\/5428\/revisions\/5429"}],"up":[{"embeddable":true,"href":"https:\/\/mercazzurro.com\/de\/wp-json\/wp\/v2\/pages\/5389"}],"wp:attachment":[{"href":"https:\/\/mercazzurro.com\/de\/wp-json\/wp\/v2\/media?parent=5428"}],"curies":[{"name":"wp","href":"https:\/\/api.w.org\/{rel}","templated":true}]}}