{"id":5425,"date":"2025-09-24T09:30:53","date_gmt":"2025-09-24T09:30:53","guid":{"rendered":"https:\/\/mercazzurro.com\/region-abruzzen\/tourismus-und-aktivitaeten\/"},"modified":"2025-10-13T12:58:54","modified_gmt":"2025-10-13T12:58:54","slug":"tourismus-und-aktivitaeten","status":"publish","type":"page","link":"https:\/\/mercazzurro.com\/de\/entdecke-die-regionen\/region-abruzzen\/tourismus-und-aktivitaeten\/","title":{"rendered":"Tourismus und Aktivit\u00e4ten"},"content":{"rendered":"\t\t<div data-elementor-type=\"wp-page\" data-elementor-id=\"5425\" class=\"elementor elementor-5425 elementor-2018\" data-elementor-post-type=\"page\">\n\t\t\t\t<div class=\"wd-negative-gap elementor-element elementor-element-3ef9a73 e-flex e-con-boxed e-con e-parent\" data-id=\"3ef9a73\" data-element_type=\"container\" data-e-type=\"container\">\n\t\t\t\t\t<div class=\"e-con-inner\">\n\t\t\t\t<div class=\"elementor-element elementor-element-b7d4198 wd-width-100 elementor-widget elementor-widget-wd_blog\" data-id=\"b7d4198\" data-element_type=\"widget\" data-e-type=\"widget\" data-widget_type=\"wd_blog.default\">\n\t\t\t\t<div class=\"elementor-widget-container\">\n\t\t\t\t\t\t\t\t\t\t\t\t<div class=\"wd-blog-element \">\n\t\t\t\t\t\t\t\t\t\t\t\n\t\t\t\t\t<div class=\"wd-posts wd-blog-holder wd-grid-g\" id=\"6a095161b50c7\" data-paged=\"1\" data-atts=\"{&quot;post_type&quot;:&quot;post&quot;,&quot;items_per_page&quot;:12,&quot;include&quot;:null,&quot;taxonomies&quot;:[&quot;190&quot;],&quot;offset&quot;:&quot;&quot;,&quot;orderby&quot;:&quot;&quot;,&quot;order&quot;:&quot;DESC&quot;,&quot;meta_key&quot;:null,&quot;exclude&quot;:&quot;&quot;,&quot;element_title&quot;:&quot;&quot;,&quot;element_title_tag&quot;:&quot;h4&quot;,&quot;parts_media&quot;:true,&quot;parts_title&quot;:&quot;1&quot;,&quot;parts_meta&quot;:&quot;&quot;,&quot;parts_text&quot;:&quot;&quot;,&quot;parts_btn&quot;:&quot;1&quot;,&quot;parts_published_date&quot;:&quot;&quot;,&quot;img_size&quot;:&quot;large&quot;,&quot;blog_design&quot;:&quot;masonry&quot;,&quot;blog_carousel_design&quot;:null,&quot;blog_masonry&quot;:&quot;&quot;,&quot;blog_columns&quot;:{&quot;unit&quot;:&quot;px&quot;,&quot;size&quot;:3,&quot;sizes&quot;:[]},&quot;blog_columns_tablet&quot;:{&quot;size&quot;:&quot;&quot;},&quot;blog_columns_mobile&quot;:{&quot;size&quot;:&quot;&quot;},&quot;blog_spacing&quot;:&quot;&quot;,&quot;blog_spacing_tablet&quot;:&quot;20&quot;,&quot;blog_spacing_mobile&quot;:&quot;20&quot;,&quot;pagination&quot;:&quot;&quot;,&quot;speed&quot;:null,&quot;slides_per_view&quot;:null,&quot;slides_per_view_tablet&quot;:{&quot;size&quot;:&quot;&quot;},&quot;slides_per_view_mobile&quot;:{&quot;size&quot;:&quot;&quot;},&quot;wrap&quot;:null,&quot;autoplay&quot;:null,&quot;hide_pagination_control&quot;:null,&quot;hide_prev_next_buttons&quot;:null,&quot;scroll_per_page&quot;:null,&quot;lazy_loading&quot;:&quot;no&quot;,&quot;scroll_carousel_init&quot;:null,&quot;ajax_page&quot;:&quot;&quot;,&quot;custom_sizes&quot;:false,&quot;elementor&quot;:true}\" data-source=\"shortcode\" style=\"--wd-col-lg:3;--wd-col-md:3;--wd-col-sm:1;--wd-gap-lg:30px;--wd-gap-md:20px;\">\n\t\t\t\n\t\t\t\t\t\t\t\t\t\t\t\t\t\t\n<article id=\"post-7632\" class=\"wd-post blog-design-masonry blog-post-loop blog-style-bg wd-add-shadow wd-col post-7632 post type-post status-publish format-standard has-post-thumbnail hentry category-tourismus-aktivitaten category-tourismus-in-den-abruzzen\">\n\t<div class=\"wd-post-inner article-inner\">\n\t\t\t\t\t<div class=\"wd-post-thumb entry-header\">\n\t\t\t\t\t\t\t\t\t<div class=\"wd-post-img post-img-wrapp\">\n\t\t\t\t\t\t<img decoding=\"async\" width=\"1024\" height=\"683\" src=\"https:\/\/mercazzurro.com\/wp-content\/uploads\/2025\/10\/les-provinces-des-abruzzes-1024x683.png\" class=\"attachment-large size-large\" alt=\"Die Provinzen der Abruzzen. Panoramaansicht eines mittelalterlichen Dorfes in den Abruzzen, Italien, bei Sonnenuntergang, mit beleuchteten Steinh\u00e4usern und den Apenninen im Hintergrund.\" srcset=\"https:\/\/mercazzurro.com\/wp-content\/uploads\/2025\/10\/les-provinces-des-abruzzes-1024x683.png 1024w, https:\/\/mercazzurro.com\/wp-content\/uploads\/2025\/10\/les-provinces-des-abruzzes-300x200.png 300w, https:\/\/mercazzurro.com\/wp-content\/uploads\/2025\/10\/les-provinces-des-abruzzes-768x512.png 768w, https:\/\/mercazzurro.com\/wp-content\/uploads\/2025\/10\/les-provinces-des-abruzzes-1200x800.png 1200w, https:\/\/mercazzurro.com\/wp-content\/uploads\/2025\/10\/les-provinces-des-abruzzes-150x100.png 150w, https:\/\/mercazzurro.com\/wp-content\/uploads\/2025\/10\/les-provinces-des-abruzzes.png 1536w\" sizes=\"(max-width: 1024px) 100vw, 1024px\" \/>\t\t\t\t\t<\/div>\n\t\t\t\t\t\t\t\t\t\t<a class=\"wd-fill\" tabindex=\"-1\" href=\"https:\/\/mercazzurro.com\/de\/die-provinzen-der-abruzzen-eine-faszinierende-entdeckung-des-authentischen-italiens\/\" aria-label=\"Link on post Die Provinzen der Abruzzen: eine faszinierende Entdeckung des authentischen Italiens\"><\/a>\n\t\t\t\t\n\t\t\t\t\t\t\t<\/div>\n\t\t\n\t\t<div class=\"wd-post-content article-body-container\">\n\t\t\t\n\t\t\t\t\t\t\t<h3 class=\"wd-post-title wd-entities-title title post-title\">\n\t\t\t\t\t<a href=\"https:\/\/mercazzurro.com\/de\/die-provinzen-der-abruzzen-eine-faszinierende-entdeckung-des-authentischen-italiens\/\" rel=\"bookmark\">Die Provinzen der Abruzzen: eine faszinierende Entdeckung des authentischen Italiens<\/a>\n\t\t\t\t<\/h3>\n\t\t\t\n\t\t\t\n\t\t\t\t\t\t\t\n\t\t\t\t\t\t\t\t\t\t\t\t\t\t<div class=\"wd-post-read-more wd-style-link read-more-section\">\n\t\t\t\t\t\t<a class=\"\" href=\"https:\/\/mercazzurro.com\/de\/die-provinzen-der-abruzzen-eine-faszinierende-entdeckung-des-authentischen-italiens\/\">Weiterlesen<\/a>\t\t\t\t\t<\/div>\n\t\t\t\t\t\t\t\t\t\t\t\t\t<\/div>\n\t<\/div>\n<\/article>\n\n\t\t\t\t\t\t\t\t\t\t\t\t\t\t\n<article id=\"post-7596\" class=\"wd-post blog-design-masonry blog-post-loop blog-style-bg wd-add-shadow wd-col post-7596 post type-post status-publish format-standard has-post-thumbnail hentry category-tourismus-aktivitaten category-tourismus-in-den-abruzzen\">\n\t<div class=\"wd-post-inner article-inner\">\n\t\t\t\t\t<div class=\"wd-post-thumb entry-header\">\n\t\t\t\t\t\t\t\t\t<div class=\"wd-post-img post-img-wrapp\">\n\t\t\t\t\t\t<img decoding=\"async\" width=\"1024\" height=\"683\" src=\"https:\/\/mercazzurro.com\/wp-content\/uploads\/2025\/10\/confetti--1024x683.png\" class=\"attachment-large size-large\" alt=\"Panoramablick auf die Piazza Garibaldi in Sulmona Abruzzen, mit ihrem historischen Brunnen, dem mittelalterlichen Aqu\u00e4dukt und einem Schaufenster mit bunten Confetti am Fu\u00dfe der Majella-Berge.\" srcset=\"https:\/\/mercazzurro.com\/wp-content\/uploads\/2025\/10\/confetti--1024x683.png 1024w, https:\/\/mercazzurro.com\/wp-content\/uploads\/2025\/10\/confetti--300x200.png 300w, https:\/\/mercazzurro.com\/wp-content\/uploads\/2025\/10\/confetti--768x512.png 768w, https:\/\/mercazzurro.com\/wp-content\/uploads\/2025\/10\/confetti--1200x800.png 1200w, https:\/\/mercazzurro.com\/wp-content\/uploads\/2025\/10\/confetti--150x100.png 150w, https:\/\/mercazzurro.com\/wp-content\/uploads\/2025\/10\/confetti-.png 1536w\" sizes=\"(max-width: 1024px) 100vw, 1024px\" \/>\t\t\t\t\t<\/div>\n\t\t\t\t\t\t\t\t\t\t<a class=\"wd-fill\" tabindex=\"-1\" href=\"https:\/\/mercazzurro.com\/de\/sulmona-abruzzen-die-stadt-der-confetti-zwischen-geschichte-kunst-und-suessen-genuessen\/\" aria-label=\"Link on post Sulmona Abruzzen: die Stadt der Confetti, zwischen Geschichte, Kunst und s\u00fc\u00dfen Gen\u00fcssen\"><\/a>\n\t\t\t\t\n\t\t\t\t\t\t\t<\/div>\n\t\t\n\t\t<div class=\"wd-post-content article-body-container\">\n\t\t\t\n\t\t\t\t\t\t\t<h3 class=\"wd-post-title wd-entities-title title post-title\">\n\t\t\t\t\t<a href=\"https:\/\/mercazzurro.com\/de\/sulmona-abruzzen-die-stadt-der-confetti-zwischen-geschichte-kunst-und-suessen-genuessen\/\" rel=\"bookmark\">Sulmona Abruzzen: die Stadt der Confetti, zwischen Geschichte, Kunst und s\u00fc\u00dfen Gen\u00fcssen<\/a>\n\t\t\t\t<\/h3>\n\t\t\t\n\t\t\t\n\t\t\t\t\t\t\t\n\t\t\t\t\t\t\t\t\t\t\t\t\t\t<div class=\"wd-post-read-more wd-style-link read-more-section\">\n\t\t\t\t\t\t<a class=\"\" href=\"https:\/\/mercazzurro.com\/de\/sulmona-abruzzen-die-stadt-der-confetti-zwischen-geschichte-kunst-und-suessen-genuessen\/\">Weiterlesen<\/a>\t\t\t\t\t<\/div>\n\t\t\t\t\t\t\t\t\t\t\t\t\t<\/div>\n\t<\/div>\n<\/article>\n\n\t\t\t\t\t\t\t\t\t\t\t\t\t\t\n<article id=\"post-7584\" class=\"wd-post blog-design-masonry blog-post-loop blog-style-bg wd-add-shadow wd-col post-7584 post type-post status-publish format-standard has-post-thumbnail hentry category-tourismus-aktivitaten category-tourismus-in-den-abruzzen\">\n\t<div class=\"wd-post-inner article-inner\">\n\t\t\t\t\t<div class=\"wd-post-thumb entry-header\">\n\t\t\t\t\t\t\t\t\t<div class=\"wd-post-img post-img-wrapp\">\n\t\t\t\t\t\t<img decoding=\"async\" width=\"1024\" height=\"683\" src=\"https:\/\/mercazzurro.com\/wp-content\/uploads\/2025\/10\/La-transhumance-dans-les-Abruzzes-traditions-pastorales-inscrit-a-lUNESCO-1024x683.png\" class=\"attachment-large size-large\" alt=\"Italienischer Hirte, der bei Sonnenuntergang eine gro\u00dfe Schafherde durch die goldenen H\u00fcgel der Abruzzen f\u00fchrt \u2013 Symbol der Transhumanz und der pastoralen Traditionen.\" srcset=\"https:\/\/mercazzurro.com\/wp-content\/uploads\/2025\/10\/La-transhumance-dans-les-Abruzzes-traditions-pastorales-inscrit-a-lUNESCO-1024x683.png 1024w, https:\/\/mercazzurro.com\/wp-content\/uploads\/2025\/10\/La-transhumance-dans-les-Abruzzes-traditions-pastorales-inscrit-a-lUNESCO-300x200.png 300w, https:\/\/mercazzurro.com\/wp-content\/uploads\/2025\/10\/La-transhumance-dans-les-Abruzzes-traditions-pastorales-inscrit-a-lUNESCO-768x512.png 768w, https:\/\/mercazzurro.com\/wp-content\/uploads\/2025\/10\/La-transhumance-dans-les-Abruzzes-traditions-pastorales-inscrit-a-lUNESCO-1200x800.png 1200w, https:\/\/mercazzurro.com\/wp-content\/uploads\/2025\/10\/La-transhumance-dans-les-Abruzzes-traditions-pastorales-inscrit-a-lUNESCO-150x100.png 150w, https:\/\/mercazzurro.com\/wp-content\/uploads\/2025\/10\/La-transhumance-dans-les-Abruzzes-traditions-pastorales-inscrit-a-lUNESCO.png 1536w\" sizes=\"(max-width: 1024px) 100vw, 1024px\" \/>\t\t\t\t\t<\/div>\n\t\t\t\t\t\t\t\t\t\t<a class=\"wd-fill\" tabindex=\"-1\" href=\"https:\/\/mercazzurro.com\/de\/die-transhumanz-in-den-abruzzen-pastorale-traditionen-die-in-die-unesco-liste-eingetragen-sind\/\" aria-label=\"Link on post Die Transhumanz in den Abruzzen: pastorale Traditionen, die in die UNESCO-Liste eingetragen sind\"><\/a>\n\t\t\t\t\n\t\t\t\t\t\t\t<\/div>\n\t\t\n\t\t<div class=\"wd-post-content article-body-container\">\n\t\t\t\n\t\t\t\t\t\t\t<h3 class=\"wd-post-title wd-entities-title title post-title\">\n\t\t\t\t\t<a href=\"https:\/\/mercazzurro.com\/de\/die-transhumanz-in-den-abruzzen-pastorale-traditionen-die-in-die-unesco-liste-eingetragen-sind\/\" rel=\"bookmark\">Die Transhumanz in den Abruzzen: pastorale Traditionen, die in die UNESCO-Liste eingetragen sind<\/a>\n\t\t\t\t<\/h3>\n\t\t\t\n\t\t\t\n\t\t\t\t\t\t\t\n\t\t\t\t\t\t\t\t\t\t\t\t\t\t<div class=\"wd-post-read-more wd-style-link read-more-section\">\n\t\t\t\t\t\t<a class=\"\" href=\"https:\/\/mercazzurro.com\/de\/die-transhumanz-in-den-abruzzen-pastorale-traditionen-die-in-die-unesco-liste-eingetragen-sind\/\">Weiterlesen<\/a>\t\t\t\t\t<\/div>\n\t\t\t\t\t\t\t\t\t\t\t\t\t<\/div>\n\t<\/div>\n<\/article>\n\n\t\t\t\t\t\t\t\t\t\t\t\t\t\t\n<article id=\"post-7577\" class=\"wd-post blog-design-masonry blog-post-loop blog-style-bg wd-add-shadow wd-col post-7577 post type-post status-publish format-standard has-post-thumbnail hentry category-tourismus-aktivitaten category-tourismus-in-den-abruzzen\">\n\t<div class=\"wd-post-inner article-inner\">\n\t\t\t\t\t<div class=\"wd-post-thumb entry-header\">\n\t\t\t\t\t\t\t\t\t<div class=\"wd-post-img post-img-wrapp\">\n\t\t\t\t\t\t<img decoding=\"async\" width=\"1024\" height=\"683\" src=\"https:\/\/mercazzurro.com\/wp-content\/uploads\/2025\/10\/Le-parc-national-du-Gran-Sasso.png--1024x683.png\" class=\"attachment-large size-large\" alt=\"Panoramablick auf den Nationalpark Gran Sasso e Monti della Laga in den Abruzzen, Italien.\" srcset=\"https:\/\/mercazzurro.com\/wp-content\/uploads\/2025\/10\/Le-parc-national-du-Gran-Sasso.png--1024x683.png 1024w, https:\/\/mercazzurro.com\/wp-content\/uploads\/2025\/10\/Le-parc-national-du-Gran-Sasso.png--300x200.png 300w, https:\/\/mercazzurro.com\/wp-content\/uploads\/2025\/10\/Le-parc-national-du-Gran-Sasso.png--768x512.png 768w, https:\/\/mercazzurro.com\/wp-content\/uploads\/2025\/10\/Le-parc-national-du-Gran-Sasso.png--1200x800.png 1200w, https:\/\/mercazzurro.com\/wp-content\/uploads\/2025\/10\/Le-parc-national-du-Gran-Sasso.png--150x100.png 150w, https:\/\/mercazzurro.com\/wp-content\/uploads\/2025\/10\/Le-parc-national-du-Gran-Sasso.png-.png 1536w\" sizes=\"(max-width: 1024px) 100vw, 1024px\" \/>\t\t\t\t\t<\/div>\n\t\t\t\t\t\t\t\t\t\t<a class=\"wd-fill\" tabindex=\"-1\" href=\"https:\/\/mercazzurro.com\/de\/der-nationalpark-gran-sasso-e-monti-della-laga-ein-natuerlicher-und-kultureller-schatz\/\" aria-label=\"Link on post Der Nationalpark Gran Sasso e Monti della Laga: ein nat\u00fcrlicher und kultureller Schatz\"><\/a>\n\t\t\t\t\n\t\t\t\t\t\t\t<\/div>\n\t\t\n\t\t<div class=\"wd-post-content article-body-container\">\n\t\t\t\n\t\t\t\t\t\t\t<h3 class=\"wd-post-title wd-entities-title title post-title\">\n\t\t\t\t\t<a href=\"https:\/\/mercazzurro.com\/de\/der-nationalpark-gran-sasso-e-monti-della-laga-ein-natuerlicher-und-kultureller-schatz\/\" rel=\"bookmark\">Der Nationalpark Gran Sasso e Monti della Laga: ein nat\u00fcrlicher und kultureller Schatz<\/a>\n\t\t\t\t<\/h3>\n\t\t\t\n\t\t\t\n\t\t\t\t\t\t\t\n\t\t\t\t\t\t\t\t\t\t\t\t\t\t<div class=\"wd-post-read-more wd-style-link read-more-section\">\n\t\t\t\t\t\t<a class=\"\" href=\"https:\/\/mercazzurro.com\/de\/der-nationalpark-gran-sasso-e-monti-della-laga-ein-natuerlicher-und-kultureller-schatz\/\">Weiterlesen<\/a>\t\t\t\t\t<\/div>\n\t\t\t\t\t\t\t\t\t\t\t\t\t<\/div>\n\t<\/div>\n<\/article>\n\n\t\t\t\t\t\t\t\t\t\t\t\t\t\t\n<article id=\"post-7550\" class=\"wd-post blog-design-masonry blog-post-loop blog-style-bg wd-add-shadow wd-col post-7550 post type-post status-publish format-standard has-post-thumbnail hentry category-tourismus-aktivitaten category-tourismus-in-den-abruzzen\">\n\t<div class=\"wd-post-inner article-inner\">\n\t\t\t\t\t<div class=\"wd-post-thumb entry-header\">\n\t\t\t\t\t\t\t\t\t<div class=\"wd-post-img post-img-wrapp\">\n\t\t\t\t\t\t<img decoding=\"async\" width=\"1024\" height=\"683\" src=\"https:\/\/mercazzurro.com\/wp-content\/uploads\/2025\/10\/LAquila-et-la-basilique-Santa-Maria-di-Collemaggio-1024x683.png\" class=\"attachment-large size-large\" alt=\"Besuch von L\u2019Aquila und der Basilika Santa Maria di Collemaggio: praktische Informationen in den Abruzzen, mit ihrer rosa-wei\u00dfen Marmorfassade und den Bergen im Hintergrund.\" srcset=\"https:\/\/mercazzurro.com\/wp-content\/uploads\/2025\/10\/LAquila-et-la-basilique-Santa-Maria-di-Collemaggio-1024x683.png 1024w, https:\/\/mercazzurro.com\/wp-content\/uploads\/2025\/10\/LAquila-et-la-basilique-Santa-Maria-di-Collemaggio-300x200.png 300w, https:\/\/mercazzurro.com\/wp-content\/uploads\/2025\/10\/LAquila-et-la-basilique-Santa-Maria-di-Collemaggio-768x512.png 768w, https:\/\/mercazzurro.com\/wp-content\/uploads\/2025\/10\/LAquila-et-la-basilique-Santa-Maria-di-Collemaggio-1200x800.png 1200w, https:\/\/mercazzurro.com\/wp-content\/uploads\/2025\/10\/LAquila-et-la-basilique-Santa-Maria-di-Collemaggio-150x100.png 150w, https:\/\/mercazzurro.com\/wp-content\/uploads\/2025\/10\/LAquila-et-la-basilique-Santa-Maria-di-Collemaggio.png 1536w\" sizes=\"(max-width: 1024px) 100vw, 1024px\" \/>\t\t\t\t\t<\/div>\n\t\t\t\t\t\t\t\t\t\t<a class=\"wd-fill\" tabindex=\"-1\" href=\"https:\/\/mercazzurro.com\/de\/basilika-santa-maria-di-collemaggio-in-laquila-ein-schatz-der-abruzzen\/\" aria-label=\"Link on post Basilika Santa Maria di Collemaggio in L\u2019Aquila: ein Schatz der Abruzzen\"><\/a>\n\t\t\t\t\n\t\t\t\t\t\t\t<\/div>\n\t\t\n\t\t<div class=\"wd-post-content article-body-container\">\n\t\t\t\n\t\t\t\t\t\t\t<h3 class=\"wd-post-title wd-entities-title title post-title\">\n\t\t\t\t\t<a href=\"https:\/\/mercazzurro.com\/de\/basilika-santa-maria-di-collemaggio-in-laquila-ein-schatz-der-abruzzen\/\" rel=\"bookmark\">Basilika Santa Maria di Collemaggio in L\u2019Aquila: ein Schatz der Abruzzen<\/a>\n\t\t\t\t<\/h3>\n\t\t\t\n\t\t\t\n\t\t\t\t\t\t\t\n\t\t\t\t\t\t\t\t\t\t\t\t\t\t<div class=\"wd-post-read-more wd-style-link read-more-section\">\n\t\t\t\t\t\t<a class=\"\" href=\"https:\/\/mercazzurro.com\/de\/basilika-santa-maria-di-collemaggio-in-laquila-ein-schatz-der-abruzzen\/\">Weiterlesen<\/a>\t\t\t\t\t<\/div>\n\t\t\t\t\t\t\t\t\t\t\t\t\t<\/div>\n\t<\/div>\n<\/article>\n\n\t\t\t\t\t\t\t\t\t\t\t\t\t\t\n<article id=\"post-7168\" class=\"wd-post blog-design-masonry blog-post-loop blog-style-bg wd-add-shadow wd-col post-7168 post type-post status-publish format-standard has-post-thumbnail hentry category-tourismus-aktivitaten category-tourismus-in-den-abruzzen\">\n\t<div class=\"wd-post-inner article-inner\">\n\t\t\t\t\t<div class=\"wd-post-thumb entry-header\">\n\t\t\t\t\t\t\t\t\t<div class=\"wd-post-img post-img-wrapp\">\n\t\t\t\t\t\t<img decoding=\"async\" width=\"1024\" height=\"683\" src=\"https:\/\/mercazzurro.com\/wp-content\/uploads\/2024\/02\/les-abruzzes-1024x683.png\" class=\"attachment-large size-large\" alt=\"Die Abruzzen \u2013 Berge, D\u00f6rfer und italienische Gastronomie\" srcset=\"https:\/\/mercazzurro.com\/wp-content\/uploads\/2024\/02\/les-abruzzes-1024x683.png 1024w, https:\/\/mercazzurro.com\/wp-content\/uploads\/2024\/02\/les-abruzzes-300x200.png 300w, https:\/\/mercazzurro.com\/wp-content\/uploads\/2024\/02\/les-abruzzes-768x512.png 768w, https:\/\/mercazzurro.com\/wp-content\/uploads\/2024\/02\/les-abruzzes-1200x800.png 1200w, https:\/\/mercazzurro.com\/wp-content\/uploads\/2024\/02\/les-abruzzes-150x100.png 150w, https:\/\/mercazzurro.com\/wp-content\/uploads\/2024\/02\/les-abruzzes.png 1536w\" sizes=\"(max-width: 1024px) 100vw, 1024px\" \/>\t\t\t\t\t<\/div>\n\t\t\t\t\t\t\t\t\t\t<a class=\"wd-fill\" tabindex=\"-1\" href=\"https:\/\/mercazzurro.com\/de\/die-abruzzen-zwischen-majestaetischen-bergen-mittelalterlichen-doerfern-und-authentischer-italienischer-gastronomie\/\" aria-label=\"Link on post Die Abruzzen: Berge, mittelalterliche D\u00f6rfer und italienische Gastronomie\"><\/a>\n\t\t\t\t\n\t\t\t\t\t\t\t<\/div>\n\t\t\n\t\t<div class=\"wd-post-content article-body-container\">\n\t\t\t\n\t\t\t\t\t\t\t<h3 class=\"wd-post-title wd-entities-title title post-title\">\n\t\t\t\t\t<a href=\"https:\/\/mercazzurro.com\/de\/die-abruzzen-zwischen-majestaetischen-bergen-mittelalterlichen-doerfern-und-authentischer-italienischer-gastronomie\/\" rel=\"bookmark\">Die Abruzzen: Berge, mittelalterliche D\u00f6rfer und italienische Gastronomie<\/a>\n\t\t\t\t<\/h3>\n\t\t\t\n\t\t\t\n\t\t\t\t\t\t\t\n\t\t\t\t\t\t\t\t\t\t\t\t\t\t<div class=\"wd-post-read-more wd-style-link read-more-section\">\n\t\t\t\t\t\t<a class=\"\" href=\"https:\/\/mercazzurro.com\/de\/die-abruzzen-zwischen-majestaetischen-bergen-mittelalterlichen-doerfern-und-authentischer-italienischer-gastronomie\/\">Weiterlesen<\/a>\t\t\t\t\t<\/div>\n\t\t\t\t\t\t\t\t\t\t\t\t\t<\/div>\n\t<\/div>\n<\/article>\n\n\t\t\t\t\n\t\t\t\t\t\t\t\t<\/div>\n\t\t\t\n\t\t\t\t\t\t\t\t\t\t<\/div>\n\t\t\t\t\t\t\t\t\t\t<\/div>\n\t\t\t\t<\/div>\n\t\t\t\t\t<\/div>\n\t\t\t\t<\/div>\n\t\t\t\t<\/div>\n\t\t","protected":false},"excerpt":{"rendered":"<p>Prawns and Banana Curry Continue reading Vegan Jaffa Cakes Continue reading Vegan Ube Mochi Waffles Continue reading Papaya Smoothie Bowl<\/p>\n","protected":false},"author":1,"featured_media":0,"parent":5283,"menu_order":0,"comment_status":"closed","ping_status":"closed","template":"","meta":{"footnotes":""},"class_list":["post-5425","page","type-page","status-publish","hentry"],"_hostinger_reach_plugin_has_subscription_block":false,"_hostinger_reach_plugin_is_elementor":false,"_links":{"self":[{"href":"https:\/\/mercazzurro.com\/de\/wp-json\/wp\/v2\/pages\/5425","targetHints":{"allow":["GET"]}}],"collection":[{"href":"https:\/\/mercazzurro.com\/de\/wp-json\/wp\/v2\/pages"}],"about":[{"href":"https:\/\/mercazzurro.com\/de\/wp-json\/wp\/v2\/types\/page"}],"author":[{"embeddable":true,"href":"https:\/\/mercazzurro.com\/de\/wp-json\/wp\/v2\/users\/1"}],"replies":[{"embeddable":true,"href":"https:\/\/mercazzurro.com\/de\/wp-json\/wp\/v2\/comments?post=5425"}],"version-history":[{"count":1,"href":"https:\/\/mercazzurro.com\/de\/wp-json\/wp\/v2\/pages\/5425\/revisions"}],"predecessor-version":[{"id":5426,"href":"https:\/\/mercazzurro.com\/de\/wp-json\/wp\/v2\/pages\/5425\/revisions\/5426"}],"up":[{"embeddable":true,"href":"https:\/\/mercazzurro.com\/de\/wp-json\/wp\/v2\/pages\/5283"}],"wp:attachment":[{"href":"https:\/\/mercazzurro.com\/de\/wp-json\/wp\/v2\/media?parent=5425"}],"curies":[{"name":"wp","href":"https:\/\/api.w.org\/{rel}","templated":true}]}}